{"id":1377,"date":"2021-11-03T19:54:33","date_gmt":"2021-11-03T18:54:33","guid":{"rendered":"https:\/\/epoca.sk\/web\/?page_id=1377"},"modified":"2021-11-03T19:54:37","modified_gmt":"2021-11-03T18:54:37","slug":"skuska","status":"publish","type":"page","link":"https:\/\/epoca.sk\/web\/skuska\/","title":{"rendered":"Sk\u00fa\u0161ka"},"content":{"rendered":"<div class=\"wp-block-jetpack-story wp-story aligncenter\" data-id=\"wp-story-1377-1\" data-settings=\"{&#34;slides&#34;:[{&#34;alt&#34;:&#34;&#34;,&#34;title&#34;:&#34;P8210056_CAL&#34;,&#34;id&#34;:1239,&#34;link&#34;:&#34;https:\/\/epoca.sk\/web\/p8210056_cal\/&#34;,&#34;type&#34;:&#34;image&#34;,&#34;mime&#34;:&#34;image\/jpeg&#34;,&#34;caption&#34;:&#34;&#34;,&#34;width&#34;:2560,&#34;height&#34;:1600,&#34;url&#34;:&#34;https:\/\/epoca.sk\/web\/wp-content\/uploads\/2021\/09\/P8210056_CAL-1024x640.jpg&#34;},{&#34;alt&#34;:&#34;&#34;,&#34;title&#34;:&#34;Premonstratsky_klastor_Jasov&#34;,&#34;id&#34;:1198,&#34;link&#34;:&#34;https:\/\/epoca.sk\/web\/?attachment_id=1198&#34;,&#34;type&#34;:&#34;image&#34;,&#34;mime&#34;:&#34;image\/jpeg&#34;,&#34;caption&#34;:&#34;&#34;,&#34;width&#34;:1122,&#34;height&#34;:650,&#34;url&#34;:&#34;https:\/\/epoca.sk\/web\/wp-content\/uploads\/2021\/07\/Premonstratsky_klastor_Jasov-1024x593.jpg&#34;},{&#34;alt&#34;:&#34;&#34;,&#34;title&#34;:&#34;IMG_7569&#34;,&#34;id&#34;:1191,&#34;link&#34;:&#34;https:\/\/epoca.sk\/web\/?attachment_id=1191&#34;,&#34;type&#34;:&#34;image&#34;,&#34;mime&#34;:&#34;image\/jpeg&#34;,&#34;caption&#34;:&#34;&#34;,&#34;width&#34;:1920,&#34;height&#34;:1716,&#34;url&#34;:&#34;https:\/\/epoca.sk\/web\/wp-content\/uploads\/2021\/07\/IMG_7569-1024x915.jpg&#34;},{&#34;alt&#34;:&#34;&#34;,&#34;title&#34;:&#34;Obec_Haj_anjel&#34;,&#34;id&#34;:1166,&#34;link&#34;:&#34;https:\/\/epoca.sk\/web\/?attachment_id=1166&#34;,&#34;type&#34;:&#34;image&#34;,&#34;mime&#34;:&#34;image\/jpeg&#34;,&#34;caption&#34;:&#34;Obec H\\u00e1j - filmov\\u00fd anjel&#34;,&#34;width&#34;:650,&#34;height&#34;:768,&#34;url&#34;:&#34;https:\/\/epoca.sk\/web\/wp-content\/uploads\/2021\/07\/Obec_Haj_anjel.jpg&#34;,&#34;srcset&#34;:&#34;https:\/\/epoca.sk\/web\/wp-content\/uploads\/2021\/07\/Obec_Haj_anjel.jpg 650w, https:\/\/epoca.sk\/web\/wp-content\/uploads\/2021\/07\/Obec_Haj_anjel-600x709.jpg 600w, https:\/\/epoca.sk\/web\/wp-content\/uploads\/2021\/07\/Obec_Haj_anjel-254x300.jpg 254w, https:\/\/epoca.sk\/web\/wp-content\/uploads\/2021\/07\/Obec_Haj_anjel-127x150.jpg 127w&#34;,&#34;sizes&#34;:&#34;(max-width: 460px) 576w, (max-width: 614px) 768w, 120vw&#34;},{&#34;alt&#34;:&#34;&#34;,&#34;title&#34;:&#34;Pohar_Zombojko2_200ml&#34;,&#34;id&#34;:1032,&#34;link&#34;:&#34;https:\/\/epoca.sk\/web\/pohar_zombojko2_200ml\/&#34;,&#34;type&#34;:&#34;image&#34;,&#34;mime&#34;:&#34;image\/jpeg&#34;,&#34;caption&#34;:&#34;&#34;,&#34;width&#34;:2044,&#34;height&#34;:2044,&#34;url&#34;:&#34;https:\/\/epoca.sk\/web\/wp-content\/uploads\/2021\/06\/Pohar_Zombojko2_200ml-1024x1024.jpg&#34;}]}\">\n\t\t\t<div class=\"wp-story-app\">\n\t\t\t\t<div class=\"wp-story-display-contents\" style=\"display: contents;\">\n\t\t\t\t\t<a class=\"wp-story-container\" href=\"https:\/\/epoca.sk\/web\/skuska\/?wp-story-load-in-fullscreen=true&amp;wp-story-play-on-load=true\" title=\"Play story in new tab\">\n\t\t\t\t\t\t<div class=\"wp-story-meta\">\n\t\t\t\t\t\t\t<div class=\"wp-story-icon\">\n\t\t\t\t\t\t\t\t<img decoding=\"async\" alt=\"Ikona webovej str\u00e1nky\" src=\"https:\/\/epoca.sk\/web\/wp-content\/uploads\/2019\/12\/cropped-EPOCA_logo_WEB-Icon-01-150x150.png\" width=\"40\" height=\"40\">\n\t\t\t\t\t\t\t<\/div>\n\t\t\t\t\t\t\t<div>\n\t\t\t\t\t\t\t\t<div class=\"wp-story-title\">\n\t\t\t\t\t\t\t\t\tPr\u00edbeh\n\t\t\t\t\t\t\t\t<\/div>\n\t\t\t\t\t\t\t<\/div>\n\t\t\t\t\t\t<\/div>\n\t\t\t\t\t\t<div class=\"wp-story-wrapper\">\n\t\t\t\t\t\t\t<div class=\"wp-story-slide\" style=\"display: block;\">\n\t\t\t<figure><img\n\t\t\t\ttitle=\"P8210056_CAL\"\n\t\t\t\talt=\"\"\n\t\t\t\tclass=\"wp-block-jetpack-story_image wp-story-image \"\n\t\t\t\tsrc=\"https:\/\/epoca.sk\/web\/wp-content\/uploads\/2021\/09\/P8210056_CAL-1024x640.jpg\"\n\t\t\t\/><\/figure>\n\t\t<\/div>\n\t\t\t\t\t\t<\/div>\n\t\t\t\t\t\t<div class=\"wp-story-overlay\">\n\t\t\t\t\t\t\t<div class=\"wp-story-embed-icon-expand\">\n\t\t\t\t<svg class=\"gridicon gridicons-fullscreen\" role=\"img\" height=\"24\" width=\"24\" xmlns=\"http:\/\/www.w3.org\/2000\/svg\" viewBox=\"0 0 24 24\">\n\t\t\t\t\t<g>\n\t\t\t\t\t\t<path d=\"M21 3v6h-2V6.41l-3.29 3.3-1.42-1.42L17.59 5H15V3zM3 3v6h2V6.41l3.29 3.3 1.42-1.42L6.41 5H9V3zm18 18v-6h-2v2.59l-3.29-3.29-1.41 1.41L17.59 19H15v2zM9 21v-2H6.41l3.29-3.29-1.41-1.42L5 17.59V15H3v6z\"><\/path>\n\t\t\t\t\t<\/g>\n\t\t\t\t<\/svg>\n\t\t\t<\/div>\n\t\t\t\t\t\t<\/div>\n\t\t\t\t\t\t<div class=\"wp-story-pagination wp-story-pagination-bullets\">\n\t\t\t<div class=\"wp-story-pagination-bullet \" aria-label=\"Go to slide 1\">\n\t\t\t<div class=\"wp-story-pagination-bullet-bar\"><\/div>\n\t\t<\/div>\n<div class=\"wp-story-pagination-bullet \" aria-label=\"Go to slide 2\">\n\t\t\t<div class=\"wp-story-pagination-bullet-bar\"><\/div>\n\t\t<\/div>\n<div class=\"wp-story-pagination-bullet \" aria-label=\"Go to slide 3\">\n\t\t\t<div class=\"wp-story-pagination-bullet-bar\"><\/div>\n\t\t<\/div>\n<div class=\"wp-story-pagination-bullet \" aria-label=\"Go to slide 4\">\n\t\t\t<div class=\"wp-story-pagination-bullet-bar\"><\/div>\n\t\t<\/div>\n<div class=\"wp-story-pagination-bullet \" aria-label=\"Go to slide 5\">\n\t\t\t<div class=\"wp-story-pagination-bullet-bar\"><\/div>\n\t\t<\/div>\n\t\t<\/div>\n\t\t\t\t\t<\/a>\n\t\t\t\t<\/div>\n\t\t\t<\/div>\n\t\t<\/div>","protected":false},"excerpt":{"rendered":"","protected":false},"author":1,"featured_media":0,"parent":0,"menu_order":0,"comment_status":"closed","ping_status":"closed","template":"","meta":{"_uag_custom_page_level_css":"","site-sidebar-layout":"default","site-content-layout":"","ast-site-content-layout":"default","site-content-style":"default","site-sidebar-style":"default","ast-global-header-display":"","ast-banner-title-visibility":"","ast-main-header-display":"","ast-hfb-above-header-display":"","ast-hfb-below-header-display":"","ast-hfb-mobile-header-display":"","site-post-title":"","ast-breadcrumbs-content":"","ast-featured-img":"","footer-sml-layout":"","ast-disable-related-posts":"","theme-transparent-header-meta":"","adv-header-id-meta":"","stick-header-meta":"","header-above-stick-meta":"","header-main-stick-meta":"","header-below-stick-meta":"","astra-migrate-meta-layouts":"default","ast-page-background-enabled":"default","ast-page-background-meta":{"desktop":{"background-color":"var(--ast-global-color-4)","background-image":"","background-repeat":"repeat","background-position":"center center","background-size":"auto","background-attachment":"scroll","background-type":"","background-media":"","overlay-type":"","overlay-color":"","overlay-opacity":"","overlay-gradient":""},"tablet":{"background-color":"","background-image":"","background-repeat":"repeat","background-position":"center center","background-size":"auto","background-attachment":"scroll","background-type":"","background-media":"","overlay-type":"","overlay-color":"","overlay-opacity":"","overlay-gradient":""},"mobile":{"background-color":"","background-image":"","background-repeat":"repeat","background-position":"center center","background-size":"auto","background-attachment":"scroll","background-type":"","background-media":"","overlay-type":"","overlay-color":"","overlay-opacity":"","overlay-gradient":""}},"ast-content-background-meta":{"desktop":{"background-color":"var(--ast-global-color-5)","background-image":"","background-repeat":"repeat","background-position":"center center","background-size":"auto","background-attachment":"scroll","background-type":"","background-media":"","overlay-type":"","overlay-color":"","overlay-opacity":"","overlay-gradient":""},"tablet":{"background-color":"var(--ast-global-color-5)","background-image":"","background-repeat":"repeat","background-position":"center center","background-size":"auto","background-attachment":"scroll","background-type":"","background-media":"","overlay-type":"","overlay-color":"","overlay-opacity":"","overlay-gradient":""},"mobile":{"background-color":"var(--ast-global-color-5)","background-image":"","background-repeat":"repeat","background-position":"center center","background-size":"auto","background-attachment":"scroll","background-type":"","background-media":"","overlay-type":"","overlay-color":"","overlay-opacity":"","overlay-gradient":""}},"footnotes":""},"class_list":["post-1377","page","type-page","status-publish","hentry"],"yoast_head":"<!-- This site is optimized with the Yoast SEO plugin v27.4 - https:\/\/yoast.com\/product\/yoast-seo-wordpress\/ -->\n<title>Sk\u00fa\u0161ka &#187; EPOCA, s.r.o.<\/title>\n<meta name=\"robots\" content=\"index, follow, max-snippet:-1, max-image-preview:large, max-video-preview:-1\" \/>\n<link rel=\"canonical\" href=\"https:\/\/epoca.sk\/web\/skuska\/\" \/>\n<meta property=\"og:locale\" content=\"sk_SK\" \/>\n<meta property=\"og:type\" content=\"article\" \/>\n<meta property=\"og:title\" content=\"Sk\u00fa\u0161ka &#187; EPOCA, s.r.o.\" \/>\n<meta property=\"og:url\" content=\"https:\/\/epoca.sk\/web\/skuska\/\" \/>\n<meta property=\"og:site_name\" content=\"EPOCA, s.r.o.\" \/>\n<meta property=\"article:publisher\" content=\"https:\/\/www.facebook.com\/Reklamn%c3%a1-agent%c3%bara-EPOCA-1830406840541577\" \/>\n<meta property=\"article:modified_time\" content=\"2021-11-03T18:54:37+00:00\" \/>\n<meta name=\"twitter:card\" content=\"summary_large_image\" \/>\n<script type=\"application\/ld+json\" class=\"yoast-schema-graph\">{\"@context\":\"https:\\\/\\\/schema.org\",\"@graph\":[{\"@type\":\"WebPage\",\"@id\":\"https:\\\/\\\/epoca.sk\\\/web\\\/skuska\\\/\",\"url\":\"https:\\\/\\\/epoca.sk\\\/web\\\/skuska\\\/\",\"name\":\"Sk\u00fa\u0161ka &#187; EPOCA, s.r.o.\",\"isPartOf\":{\"@id\":\"https:\\\/\\\/epoca.sk\\\/web\\\/#website\"},\"datePublished\":\"2021-11-03T18:54:33+00:00\",\"dateModified\":\"2021-11-03T18:54:37+00:00\",\"breadcrumb\":{\"@id\":\"https:\\\/\\\/epoca.sk\\\/web\\\/skuska\\\/#breadcrumb\"},\"inLanguage\":\"sk-SK\",\"potentialAction\":[{\"@type\":\"ReadAction\",\"target\":[\"https:\\\/\\\/epoca.sk\\\/web\\\/skuska\\\/\"]}]},{\"@type\":\"BreadcrumbList\",\"@id\":\"https:\\\/\\\/epoca.sk\\\/web\\\/skuska\\\/#breadcrumb\",\"itemListElement\":[{\"@type\":\"ListItem\",\"position\":1,\"name\":\"Home\",\"item\":\"https:\\\/\\\/epoca.sk\\\/web\\\/\"},{\"@type\":\"ListItem\",\"position\":2,\"name\":\"Sk\u00fa\u0161ka\"}]},{\"@type\":\"WebSite\",\"@id\":\"https:\\\/\\\/epoca.sk\\\/web\\\/#website\",\"url\":\"https:\\\/\\\/epoca.sk\\\/web\\\/\",\"name\":\"EPOCA\",\"description\":\"REKLAMN\u00c9 SLU\u017dBY a VYDAVATE\u013dSTVO\",\"publisher\":{\"@id\":\"https:\\\/\\\/epoca.sk\\\/web\\\/#organization\"},\"potentialAction\":[{\"@type\":\"SearchAction\",\"target\":{\"@type\":\"EntryPoint\",\"urlTemplate\":\"https:\\\/\\\/epoca.sk\\\/web\\\/?s={search_term_string}\"},\"query-input\":{\"@type\":\"PropertyValueSpecification\",\"valueRequired\":true,\"valueName\":\"search_term_string\"}}],\"inLanguage\":\"sk-SK\"},{\"@type\":\"Organization\",\"@id\":\"https:\\\/\\\/epoca.sk\\\/web\\\/#organization\",\"name\":\"EPOCA\",\"url\":\"https:\\\/\\\/epoca.sk\\\/web\\\/\",\"logo\":{\"@type\":\"ImageObject\",\"inLanguage\":\"sk-SK\",\"@id\":\"https:\\\/\\\/epoca.sk\\\/web\\\/#\\\/schema\\\/logo\\\/image\\\/\",\"url\":\"https:\\\/\\\/epoca.sk\\\/web\\\/wp-content\\\/uploads\\\/2017\\\/03\\\/EPOCA_logo_WEB.png\",\"contentUrl\":\"https:\\\/\\\/epoca.sk\\\/web\\\/wp-content\\\/uploads\\\/2017\\\/03\\\/EPOCA_logo_WEB.png\",\"width\":952,\"height\":305,\"caption\":\"EPOCA\"},\"image\":{\"@id\":\"https:\\\/\\\/epoca.sk\\\/web\\\/#\\\/schema\\\/logo\\\/image\\\/\"},\"sameAs\":[\"https:\\\/\\\/www.facebook.com\\\/Reklamn\u00e1-agent\u00fara-EPOCA-1830406840541577\",\"https:\\\/\\\/www.instagram.com\\\/_u\\\/epocavydavatelstvo\"]}]}<\/script>\n<!-- \/ Yoast SEO plugin. -->","yoast_head_json":{"title":"Sk\u00fa\u0161ka &#187; EPOCA, s.r.o.","robots":{"index":"index","follow":"follow","max-snippet":"max-snippet:-1","max-image-preview":"max-image-preview:large","max-video-preview":"max-video-preview:-1"},"canonical":"https:\/\/epoca.sk\/web\/skuska\/","og_locale":"sk_SK","og_type":"article","og_title":"Sk\u00fa\u0161ka &#187; EPOCA, s.r.o.","og_url":"https:\/\/epoca.sk\/web\/skuska\/","og_site_name":"EPOCA, s.r.o.","article_publisher":"https:\/\/www.facebook.com\/Reklamn%c3%a1-agent%c3%bara-EPOCA-1830406840541577","article_modified_time":"2021-11-03T18:54:37+00:00","twitter_card":"summary_large_image","schema":{"@context":"https:\/\/schema.org","@graph":[{"@type":"WebPage","@id":"https:\/\/epoca.sk\/web\/skuska\/","url":"https:\/\/epoca.sk\/web\/skuska\/","name":"Sk\u00fa\u0161ka &#187; EPOCA, s.r.o.","isPartOf":{"@id":"https:\/\/epoca.sk\/web\/#website"},"datePublished":"2021-11-03T18:54:33+00:00","dateModified":"2021-11-03T18:54:37+00:00","breadcrumb":{"@id":"https:\/\/epoca.sk\/web\/skuska\/#breadcrumb"},"inLanguage":"sk-SK","potentialAction":[{"@type":"ReadAction","target":["https:\/\/epoca.sk\/web\/skuska\/"]}]},{"@type":"BreadcrumbList","@id":"https:\/\/epoca.sk\/web\/skuska\/#breadcrumb","itemListElement":[{"@type":"ListItem","position":1,"name":"Home","item":"https:\/\/epoca.sk\/web\/"},{"@type":"ListItem","position":2,"name":"Sk\u00fa\u0161ka"}]},{"@type":"WebSite","@id":"https:\/\/epoca.sk\/web\/#website","url":"https:\/\/epoca.sk\/web\/","name":"EPOCA","description":"REKLAMN\u00c9 SLU\u017dBY a VYDAVATE\u013dSTVO","publisher":{"@id":"https:\/\/epoca.sk\/web\/#organization"},"potentialAction":[{"@type":"SearchAction","target":{"@type":"EntryPoint","urlTemplate":"https:\/\/epoca.sk\/web\/?s={search_term_string}"},"query-input":{"@type":"PropertyValueSpecification","valueRequired":true,"valueName":"search_term_string"}}],"inLanguage":"sk-SK"},{"@type":"Organization","@id":"https:\/\/epoca.sk\/web\/#organization","name":"EPOCA","url":"https:\/\/epoca.sk\/web\/","logo":{"@type":"ImageObject","inLanguage":"sk-SK","@id":"https:\/\/epoca.sk\/web\/#\/schema\/logo\/image\/","url":"https:\/\/epoca.sk\/web\/wp-content\/uploads\/2017\/03\/EPOCA_logo_WEB.png","contentUrl":"https:\/\/epoca.sk\/web\/wp-content\/uploads\/2017\/03\/EPOCA_logo_WEB.png","width":952,"height":305,"caption":"EPOCA"},"image":{"@id":"https:\/\/epoca.sk\/web\/#\/schema\/logo\/image\/"},"sameAs":["https:\/\/www.facebook.com\/Reklamn\u00e1-agent\u00fara-EPOCA-1830406840541577","https:\/\/www.instagram.com\/_u\/epocavydavatelstvo"]}]}},"spectra_custom_meta":{"_edit_lock":["1635965815:1"],"_last_editor_used_jetpack":["block-editor"],"_edit_last":["1"],"_yoast_wpseo_content_score":["60"],"_yoast_wpseo_estimated-reading-time-minutes":["0"],"_cmplz_scanned_post":["1"],"_eb_reusable_block_ids":["a:0:{}"],"_uag_css_file_name":["uag-css-1377.css"],"_uagb_previous_block_counts":["a:90:{s:21:\"uagb\/advanced-heading\";i:0;s:15:\"uagb\/blockquote\";i:0;s:12:\"uagb\/buttons\";i:0;s:18:\"uagb\/buttons-child\";i:0;s:19:\"uagb\/call-to-action\";i:0;s:15:\"uagb\/cf7-styler\";i:0;s:11:\"uagb\/column\";i:0;s:12:\"uagb\/columns\";i:0;s:14:\"uagb\/container\";i:0;s:21:\"uagb\/content-timeline\";i:0;s:27:\"uagb\/content-timeline-child\";i:0;s:14:\"uagb\/countdown\";i:0;s:12:\"uagb\/counter\";i:0;s:8:\"uagb\/faq\";i:0;s:14:\"uagb\/faq-child\";i:0;s:10:\"uagb\/forms\";i:0;s:17:\"uagb\/forms-accept\";i:0;s:19:\"uagb\/forms-checkbox\";i:0;s:15:\"uagb\/forms-date\";i:0;s:16:\"uagb\/forms-email\";i:0;s:17:\"uagb\/forms-hidden\";i:0;s:15:\"uagb\/forms-name\";i:0;s:16:\"uagb\/forms-phone\";i:0;s:16:\"uagb\/forms-radio\";i:0;s:17:\"uagb\/forms-select\";i:0;s:19:\"uagb\/forms-textarea\";i:0;s:17:\"uagb\/forms-toggle\";i:0;s:14:\"uagb\/forms-url\";i:0;s:14:\"uagb\/gf-styler\";i:0;s:15:\"uagb\/google-map\";i:0;s:11:\"uagb\/how-to\";i:0;s:16:\"uagb\/how-to-step\";i:0;s:9:\"uagb\/icon\";i:0;s:14:\"uagb\/icon-list\";i:0;s:20:\"uagb\/icon-list-child\";i:0;s:10:\"uagb\/image\";i:0;s:18:\"uagb\/image-gallery\";i:0;s:13:\"uagb\/info-box\";i:0;s:18:\"uagb\/inline-notice\";i:0;s:11:\"uagb\/lottie\";i:0;s:21:\"uagb\/marketing-button\";i:0;s:10:\"uagb\/modal\";i:0;s:18:\"uagb\/popup-builder\";i:0;s:16:\"uagb\/post-button\";i:0;s:18:\"uagb\/post-carousel\";i:0;s:17:\"uagb\/post-excerpt\";i:0;s:14:\"uagb\/post-grid\";i:0;s:15:\"uagb\/post-image\";i:0;s:17:\"uagb\/post-masonry\";i:0;s:14:\"uagb\/post-meta\";i:0;s:18:\"uagb\/post-taxonomy\";i:0;s:18:\"uagb\/post-timeline\";i:0;s:15:\"uagb\/post-title\";i:0;s:20:\"uagb\/restaurant-menu\";i:0;s:26:\"uagb\/restaurant-menu-child\";i:0;s:11:\"uagb\/review\";i:0;s:12:\"uagb\/section\";i:0;s:14:\"uagb\/separator\";i:0;s:11:\"uagb\/slider\";i:0;s:17:\"uagb\/slider-child\";i:0;s:17:\"uagb\/social-share\";i:0;s:23:\"uagb\/social-share-child\";i:0;s:16:\"uagb\/star-rating\";i:0;s:23:\"uagb\/sure-cart-checkout\";i:0;s:22:\"uagb\/sure-cart-product\";i:0;s:15:\"uagb\/sure-forms\";i:0;s:22:\"uagb\/table-of-contents\";i:0;s:9:\"uagb\/tabs\";i:0;s:15:\"uagb\/tabs-child\";i:0;s:18:\"uagb\/taxonomy-list\";i:0;s:9:\"uagb\/team\";i:0;s:16:\"uagb\/testimonial\";i:0;s:14:\"uagb\/wp-search\";i:0;s:19:\"uagb\/instagram-feed\";i:0;s:10:\"uagb\/login\";i:0;s:17:\"uagb\/loop-builder\";i:0;s:18:\"uagb\/loop-category\";i:0;s:20:\"uagb\/loop-pagination\";i:0;s:15:\"uagb\/loop-reset\";i:0;s:16:\"uagb\/loop-search\";i:0;s:14:\"uagb\/loop-sort\";i:0;s:17:\"uagb\/loop-wrapper\";i:0;s:13:\"uagb\/register\";i:0;s:19:\"uagb\/register-email\";i:0;s:24:\"uagb\/register-first-name\";i:0;s:23:\"uagb\/register-last-name\";i:0;s:22:\"uagb\/register-password\";i:0;s:30:\"uagb\/register-reenter-password\";i:0;s:19:\"uagb\/register-terms\";i:0;s:22:\"uagb\/register-username\";i:0;}"],"_uag_page_assets":["a:9:{s:3:\"css\";s:260:\".uag-blocks-common-selector{z-index:var(--z-index-desktop) !important}@media(max-width: 976px){.uag-blocks-common-selector{z-index:var(--z-index-tablet) !important}}@media(max-width: 767px){.uag-blocks-common-selector{z-index:var(--z-index-mobile) !important}}\";s:2:\"js\";s:0:\"\";s:18:\"current_block_list\";a:11:{i:0;s:13:\"jetpack\/story\";i:1;s:12:\"core\/buttons\";i:2;s:11:\"core\/button\";i:3;s:10:\"core\/image\";i:4;s:15:\"core\/media-text\";i:5;s:14:\"core\/paragraph\";i:6;s:12:\"core\/columns\";i:7;s:11:\"core\/column\";i:8;s:12:\"core\/heading\";i:9;s:30:\"woocommerce\/product-categories\";i:10;s:17:\"core\/latest-posts\";}s:8:\"uag_flag\";b:0;s:11:\"uag_version\";s:10:\"1776852022\";s:6:\"gfonts\";a:0:{}s:10:\"gfonts_url\";s:0:\"\";s:12:\"gfonts_files\";a:0:{}s:14:\"uag_faq_layout\";b:0;}"]},"uagb_featured_image_src":{"full":false,"thumbnail":false,"medium":false,"medium_large":false,"large":false,"1536x1536":false,"2048x2048":false,"woocommerce_thumbnail":false,"woocommerce_single":false,"woocommerce_gallery_thumbnail":false},"uagb_author_info":{"display_name":"Juraj","author_link":"https:\/\/epoca.sk\/web\/author\/jurajgaspar\/"},"uagb_comment_info":0,"uagb_excerpt":null,"jetpack_sharing_enabled":true,"_links":{"self":[{"href":"https:\/\/epoca.sk\/web\/wp-json\/wp\/v2\/pages\/1377","targetHints":{"allow":["GET"]}}],"collection":[{"href":"https:\/\/epoca.sk\/web\/wp-json\/wp\/v2\/pages"}],"about":[{"href":"https:\/\/epoca.sk\/web\/wp-json\/wp\/v2\/types\/page"}],"author":[{"embeddable":true,"href":"https:\/\/epoca.sk\/web\/wp-json\/wp\/v2\/users\/1"}],"replies":[{"embeddable":true,"href":"https:\/\/epoca.sk\/web\/wp-json\/wp\/v2\/comments?post=1377"}],"version-history":[{"count":0,"href":"https:\/\/epoca.sk\/web\/wp-json\/wp\/v2\/pages\/1377\/revisions"}],"wp:attachment":[{"href":"https:\/\/epoca.sk\/web\/wp-json\/wp\/v2\/media?parent=1377"}],"curies":[{"name":"wp","href":"https:\/\/api.w.org\/{rel}","templated":true}]}}