{"id":187,"date":"2019-01-10T14:06:26","date_gmt":"2019-01-10T13:06:26","guid":{"rendered":"http:\/\/epoca.sk\/web\/?page_id=187"},"modified":"2020-05-12T13:42:49","modified_gmt":"2020-05-12T11:42:49","slug":"ponuka-prace","status":"publish","type":"page","link":"https:\/\/epoca.sk\/web\/ponuka-prace\/","title":{"rendered":"Ponuka pr\u00e1ce"},"content":{"rendered":"\n<p>Epoca s.r.o., vydavate\u013estvo a reklamn\u00e1 agent\u00fara h\u013ead\u00e1 talentovan\u00fdch \u013eud\u00ed pre roz\u0161\u00edrenie svojej p\u00f4sobnosti. Otvoren\u00e9 poz\u00edcie s\u00fa:<\/p>\n\n\n\n<ul class=\"wp-block-list\"><li><a href=\"http:\/\/epoca.sk\/web\/sales-representative-obchodny-zastupca\/\">Obchodn\u00edka\/obchodn\u00ed\u010dku pre \u010dasopis Ko\u0161ice City Guide s minim\u00e1lne dvojro\u010dnou praxou v obchode<\/a><\/li><\/ul>\n\n\n\n<p><\/p>\n","protected":false},"excerpt":{"rendered":"<p>Epoca s.r.o., vydavate\u013estvo a reklamn\u00e1 agent\u00fara h\u013ead\u00e1 talentovan\u00fdch \u013eud\u00ed pre roz\u0161\u00edrenie svojej p\u00f4sobnosti. Otvoren\u00e9 poz\u00edcie s\u00fa: Obchodn\u00edka\/obchodn\u00ed\u010dku pre \u010dasopis Ko\u0161ice City Guide s minim\u00e1lne dvojro\u010dnou praxou v obchode<\/p>\n","protected":false},"author":1,"featured_media":0,"parent":0,"menu_order":0,"comment_status":"closed","ping_status":"closed","template":"","meta":{"_uag_custom_page_level_css":"","site-sidebar-layout":"default","site-content-layout":"","ast-site-content-layout":"default","site-content-style":"default","site-sidebar-style":"default","ast-global-header-display":"","ast-banner-title-visibility":"","ast-main-header-display":"","ast-hfb-above-header-display":"","ast-hfb-below-header-display":"","ast-hfb-mobile-header-display":"","site-post-title":"","ast-breadcrumbs-content":"","ast-featured-img":"","footer-sml-layout":"","ast-disable-related-posts":"","theme-transparent-header-meta":"","adv-header-id-meta":"","stick-header-meta":"","header-above-stick-meta":"","header-main-stick-meta":"","header-below-stick-meta":"","astra-migrate-meta-layouts":"default","ast-page-background-enabled":"default","ast-page-background-meta":{"desktop":{"background-color":"var(--ast-global-color-4)","background-image":"","background-repeat":"repeat","background-position":"center center","background-size":"auto","background-attachment":"scroll","background-type":"","background-media":"","overlay-type":"","overlay-color":"","overlay-opacity":"","overlay-gradient":""},"tablet":{"background-color":"","background-image":"","background-repeat":"repeat","background-position":"center center","background-size":"auto","background-attachment":"scroll","background-type":"","background-media":"","overlay-type":"","overlay-color":"","overlay-opacity":"","overlay-gradient":""},"mobile":{"background-color":"","background-image":"","background-repeat":"repeat","background-position":"center center","background-size":"auto","background-attachment":"scroll","background-type":"","background-media":"","overlay-type":"","overlay-color":"","overlay-opacity":"","overlay-gradient":""}},"ast-content-background-meta":{"desktop":{"background-color":"var(--ast-global-color-5)","background-image":"","background-repeat":"repeat","background-position":"center center","background-size":"auto","background-attachment":"scroll","background-type":"","background-media":"","overlay-type":"","overlay-color":"","overlay-opacity":"","overlay-gradient":""},"tablet":{"background-color":"var(--ast-global-color-5)","background-image":"","background-repeat":"repeat","background-position":"center center","background-size":"auto","background-attachment":"scroll","background-type":"","background-media":"","overlay-type":"","overlay-color":"","overlay-opacity":"","overlay-gradient":""},"mobile":{"background-color":"var(--ast-global-color-5)","background-image":"","background-repeat":"repeat","background-position":"center center","background-size":"auto","background-attachment":"scroll","background-type":"","background-media":"","overlay-type":"","overlay-color":"","overlay-opacity":"","overlay-gradient":""}},"footnotes":""},"class_list":["post-187","page","type-page","status-publish","hentry"],"yoast_head":"<!-- This site is optimized with the Yoast SEO plugin v27.4 - https:\/\/yoast.com\/product\/yoast-seo-wordpress\/ -->\n<title>Ponuka pr\u00e1ce &#187; EPOCA, s.r.o.<\/title>\n<meta name=\"robots\" content=\"index, follow, max-snippet:-1, max-image-preview:large, max-video-preview:-1\" \/>\n<link rel=\"canonical\" href=\"https:\/\/epoca.sk\/web\/ponuka-prace\/\" \/>\n<meta property=\"og:locale\" content=\"sk_SK\" \/>\n<meta property=\"og:type\" content=\"article\" \/>\n<meta property=\"og:title\" content=\"Ponuka pr\u00e1ce &#187; EPOCA, s.r.o.\" \/>\n<meta property=\"og:description\" content=\"Epoca s.r.o., vydavate\u013estvo a reklamn\u00e1 agent\u00fara h\u013ead\u00e1 talentovan\u00fdch \u013eud\u00ed pre roz\u0161\u00edrenie svojej p\u00f4sobnosti. Otvoren\u00e9 poz\u00edcie s\u00fa: Obchodn\u00edka\/obchodn\u00ed\u010dku pre \u010dasopis Ko\u0161ice City Guide s minim\u00e1lne dvojro\u010dnou praxou v obchode\" \/>\n<meta property=\"og:url\" content=\"https:\/\/epoca.sk\/web\/ponuka-prace\/\" \/>\n<meta property=\"og:site_name\" content=\"EPOCA, s.r.o.\" \/>\n<meta property=\"article:publisher\" content=\"https:\/\/www.facebook.com\/Reklamn%c3%a1-agent%c3%bara-EPOCA-1830406840541577\" \/>\n<meta property=\"article:modified_time\" content=\"2020-05-12T11:42:49+00:00\" \/>\n<meta name=\"twitter:card\" content=\"summary_large_image\" \/>\n<script type=\"application\/ld+json\" class=\"yoast-schema-graph\">{\"@context\":\"https:\\\/\\\/schema.org\",\"@graph\":[{\"@type\":\"WebPage\",\"@id\":\"https:\\\/\\\/epoca.sk\\\/web\\\/ponuka-prace\\\/\",\"url\":\"https:\\\/\\\/epoca.sk\\\/web\\\/ponuka-prace\\\/\",\"name\":\"Ponuka pr\u00e1ce &#187; EPOCA, s.r.o.\",\"isPartOf\":{\"@id\":\"https:\\\/\\\/epoca.sk\\\/web\\\/#website\"},\"datePublished\":\"2019-01-10T13:06:26+00:00\",\"dateModified\":\"2020-05-12T11:42:49+00:00\",\"breadcrumb\":{\"@id\":\"https:\\\/\\\/epoca.sk\\\/web\\\/ponuka-prace\\\/#breadcrumb\"},\"inLanguage\":\"sk-SK\",\"potentialAction\":[{\"@type\":\"ReadAction\",\"target\":[\"https:\\\/\\\/epoca.sk\\\/web\\\/ponuka-prace\\\/\"]}]},{\"@type\":\"BreadcrumbList\",\"@id\":\"https:\\\/\\\/epoca.sk\\\/web\\\/ponuka-prace\\\/#breadcrumb\",\"itemListElement\":[{\"@type\":\"ListItem\",\"position\":1,\"name\":\"Home\",\"item\":\"https:\\\/\\\/epoca.sk\\\/web\\\/\"},{\"@type\":\"ListItem\",\"position\":2,\"name\":\"Ponuka pr\u00e1ce\"}]},{\"@type\":\"WebSite\",\"@id\":\"https:\\\/\\\/epoca.sk\\\/web\\\/#website\",\"url\":\"https:\\\/\\\/epoca.sk\\\/web\\\/\",\"name\":\"EPOCA\",\"description\":\"REKLAMN\u00c9 SLU\u017dBY a VYDAVATE\u013dSTVO\",\"publisher\":{\"@id\":\"https:\\\/\\\/epoca.sk\\\/web\\\/#organization\"},\"potentialAction\":[{\"@type\":\"SearchAction\",\"target\":{\"@type\":\"EntryPoint\",\"urlTemplate\":\"https:\\\/\\\/epoca.sk\\\/web\\\/?s={search_term_string}\"},\"query-input\":{\"@type\":\"PropertyValueSpecification\",\"valueRequired\":true,\"valueName\":\"search_term_string\"}}],\"inLanguage\":\"sk-SK\"},{\"@type\":\"Organization\",\"@id\":\"https:\\\/\\\/epoca.sk\\\/web\\\/#organization\",\"name\":\"EPOCA\",\"url\":\"https:\\\/\\\/epoca.sk\\\/web\\\/\",\"logo\":{\"@type\":\"ImageObject\",\"inLanguage\":\"sk-SK\",\"@id\":\"https:\\\/\\\/epoca.sk\\\/web\\\/#\\\/schema\\\/logo\\\/image\\\/\",\"url\":\"https:\\\/\\\/epoca.sk\\\/web\\\/wp-content\\\/uploads\\\/2017\\\/03\\\/EPOCA_logo_WEB.png\",\"contentUrl\":\"https:\\\/\\\/epoca.sk\\\/web\\\/wp-content\\\/uploads\\\/2017\\\/03\\\/EPOCA_logo_WEB.png\",\"width\":952,\"height\":305,\"caption\":\"EPOCA\"},\"image\":{\"@id\":\"https:\\\/\\\/epoca.sk\\\/web\\\/#\\\/schema\\\/logo\\\/image\\\/\"},\"sameAs\":[\"https:\\\/\\\/www.facebook.com\\\/Reklamn\u00e1-agent\u00fara-EPOCA-1830406840541577\",\"https:\\\/\\\/www.instagram.com\\\/_u\\\/epocavydavatelstvo\"]}]}<\/script>\n<!-- \/ Yoast SEO plugin. -->","yoast_head_json":{"title":"Ponuka pr\u00e1ce &#187; EPOCA, s.r.o.","robots":{"index":"index","follow":"follow","max-snippet":"max-snippet:-1","max-image-preview":"max-image-preview:large","max-video-preview":"max-video-preview:-1"},"canonical":"https:\/\/epoca.sk\/web\/ponuka-prace\/","og_locale":"sk_SK","og_type":"article","og_title":"Ponuka pr\u00e1ce &#187; EPOCA, s.r.o.","og_description":"Epoca s.r.o., vydavate\u013estvo a reklamn\u00e1 agent\u00fara h\u013ead\u00e1 talentovan\u00fdch \u013eud\u00ed pre roz\u0161\u00edrenie svojej p\u00f4sobnosti. Otvoren\u00e9 poz\u00edcie s\u00fa: Obchodn\u00edka\/obchodn\u00ed\u010dku pre \u010dasopis Ko\u0161ice City Guide s minim\u00e1lne dvojro\u010dnou praxou v obchode","og_url":"https:\/\/epoca.sk\/web\/ponuka-prace\/","og_site_name":"EPOCA, s.r.o.","article_publisher":"https:\/\/www.facebook.com\/Reklamn%c3%a1-agent%c3%bara-EPOCA-1830406840541577","article_modified_time":"2020-05-12T11:42:49+00:00","twitter_card":"summary_large_image","schema":{"@context":"https:\/\/schema.org","@graph":[{"@type":"WebPage","@id":"https:\/\/epoca.sk\/web\/ponuka-prace\/","url":"https:\/\/epoca.sk\/web\/ponuka-prace\/","name":"Ponuka pr\u00e1ce &#187; EPOCA, s.r.o.","isPartOf":{"@id":"https:\/\/epoca.sk\/web\/#website"},"datePublished":"2019-01-10T13:06:26+00:00","dateModified":"2020-05-12T11:42:49+00:00","breadcrumb":{"@id":"https:\/\/epoca.sk\/web\/ponuka-prace\/#breadcrumb"},"inLanguage":"sk-SK","potentialAction":[{"@type":"ReadAction","target":["https:\/\/epoca.sk\/web\/ponuka-prace\/"]}]},{"@type":"BreadcrumbList","@id":"https:\/\/epoca.sk\/web\/ponuka-prace\/#breadcrumb","itemListElement":[{"@type":"ListItem","position":1,"name":"Home","item":"https:\/\/epoca.sk\/web\/"},{"@type":"ListItem","position":2,"name":"Ponuka pr\u00e1ce"}]},{"@type":"WebSite","@id":"https:\/\/epoca.sk\/web\/#website","url":"https:\/\/epoca.sk\/web\/","name":"EPOCA","description":"REKLAMN\u00c9 SLU\u017dBY a VYDAVATE\u013dSTVO","publisher":{"@id":"https:\/\/epoca.sk\/web\/#organization"},"potentialAction":[{"@type":"SearchAction","target":{"@type":"EntryPoint","urlTemplate":"https:\/\/epoca.sk\/web\/?s={search_term_string}"},"query-input":{"@type":"PropertyValueSpecification","valueRequired":true,"valueName":"search_term_string"}}],"inLanguage":"sk-SK"},{"@type":"Organization","@id":"https:\/\/epoca.sk\/web\/#organization","name":"EPOCA","url":"https:\/\/epoca.sk\/web\/","logo":{"@type":"ImageObject","inLanguage":"sk-SK","@id":"https:\/\/epoca.sk\/web\/#\/schema\/logo\/image\/","url":"https:\/\/epoca.sk\/web\/wp-content\/uploads\/2017\/03\/EPOCA_logo_WEB.png","contentUrl":"https:\/\/epoca.sk\/web\/wp-content\/uploads\/2017\/03\/EPOCA_logo_WEB.png","width":952,"height":305,"caption":"EPOCA"},"image":{"@id":"https:\/\/epoca.sk\/web\/#\/schema\/logo\/image\/"},"sameAs":["https:\/\/www.facebook.com\/Reklamn\u00e1-agent\u00fara-EPOCA-1830406840541577","https:\/\/www.instagram.com\/_u\/epocavydavatelstvo"]}]}},"spectra_custom_meta":{"_edit_lock":["1734847473:1"],"_edit_last":["2"],"_yoast_wpseo_content_score":["90"],"_elementor_edit_mode":["builder"],"_elementor_template_type":["wp-page"],"_elementor_version":["3.18.3"],"_elementor_controls_usage":["a:0:{}"],"eael_transient_elements":["a:0:{}"],"_eael_custom_js":[""],"_eb_reusable_block_ids":["a:0:{}"],"_last_editor_used_jetpack":["block-editor"],"_cmplz_scanned_post":["1"],"_uag_css_file_name":["uag-css-187.css"],"_uagb_previous_block_counts":["a:90:{s:21:\"uagb\/advanced-heading\";i:0;s:15:\"uagb\/blockquote\";i:0;s:12:\"uagb\/buttons\";i:0;s:18:\"uagb\/buttons-child\";i:0;s:19:\"uagb\/call-to-action\";i:0;s:15:\"uagb\/cf7-styler\";i:0;s:11:\"uagb\/column\";i:0;s:12:\"uagb\/columns\";i:0;s:14:\"uagb\/container\";i:0;s:21:\"uagb\/content-timeline\";i:0;s:27:\"uagb\/content-timeline-child\";i:0;s:14:\"uagb\/countdown\";i:0;s:12:\"uagb\/counter\";i:0;s:8:\"uagb\/faq\";i:0;s:14:\"uagb\/faq-child\";i:0;s:10:\"uagb\/forms\";i:0;s:17:\"uagb\/forms-accept\";i:0;s:19:\"uagb\/forms-checkbox\";i:0;s:15:\"uagb\/forms-date\";i:0;s:16:\"uagb\/forms-email\";i:0;s:17:\"uagb\/forms-hidden\";i:0;s:15:\"uagb\/forms-name\";i:0;s:16:\"uagb\/forms-phone\";i:0;s:16:\"uagb\/forms-radio\";i:0;s:17:\"uagb\/forms-select\";i:0;s:19:\"uagb\/forms-textarea\";i:0;s:17:\"uagb\/forms-toggle\";i:0;s:14:\"uagb\/forms-url\";i:0;s:14:\"uagb\/gf-styler\";i:0;s:15:\"uagb\/google-map\";i:0;s:11:\"uagb\/how-to\";i:0;s:16:\"uagb\/how-to-step\";i:0;s:9:\"uagb\/icon\";i:0;s:14:\"uagb\/icon-list\";i:0;s:20:\"uagb\/icon-list-child\";i:0;s:10:\"uagb\/image\";i:0;s:18:\"uagb\/image-gallery\";i:0;s:13:\"uagb\/info-box\";i:0;s:18:\"uagb\/inline-notice\";i:0;s:11:\"uagb\/lottie\";i:0;s:21:\"uagb\/marketing-button\";i:0;s:10:\"uagb\/modal\";i:0;s:18:\"uagb\/popup-builder\";i:0;s:16:\"uagb\/post-button\";i:0;s:18:\"uagb\/post-carousel\";i:0;s:17:\"uagb\/post-excerpt\";i:0;s:14:\"uagb\/post-grid\";i:0;s:15:\"uagb\/post-image\";i:0;s:17:\"uagb\/post-masonry\";i:0;s:14:\"uagb\/post-meta\";i:0;s:18:\"uagb\/post-taxonomy\";i:0;s:18:\"uagb\/post-timeline\";i:0;s:15:\"uagb\/post-title\";i:0;s:20:\"uagb\/restaurant-menu\";i:0;s:26:\"uagb\/restaurant-menu-child\";i:0;s:11:\"uagb\/review\";i:0;s:12:\"uagb\/section\";i:0;s:14:\"uagb\/separator\";i:0;s:11:\"uagb\/slider\";i:0;s:17:\"uagb\/slider-child\";i:0;s:17:\"uagb\/social-share\";i:0;s:23:\"uagb\/social-share-child\";i:0;s:16:\"uagb\/star-rating\";i:0;s:23:\"uagb\/sure-cart-checkout\";i:0;s:22:\"uagb\/sure-cart-product\";i:0;s:15:\"uagb\/sure-forms\";i:0;s:22:\"uagb\/table-of-contents\";i:0;s:9:\"uagb\/tabs\";i:0;s:15:\"uagb\/tabs-child\";i:0;s:18:\"uagb\/taxonomy-list\";i:0;s:9:\"uagb\/team\";i:0;s:16:\"uagb\/testimonial\";i:0;s:14:\"uagb\/wp-search\";i:0;s:19:\"uagb\/instagram-feed\";i:0;s:10:\"uagb\/login\";i:0;s:17:\"uagb\/loop-builder\";i:0;s:18:\"uagb\/loop-category\";i:0;s:20:\"uagb\/loop-pagination\";i:0;s:15:\"uagb\/loop-reset\";i:0;s:16:\"uagb\/loop-search\";i:0;s:14:\"uagb\/loop-sort\";i:0;s:17:\"uagb\/loop-wrapper\";i:0;s:13:\"uagb\/register\";i:0;s:19:\"uagb\/register-email\";i:0;s:24:\"uagb\/register-first-name\";i:0;s:23:\"uagb\/register-last-name\";i:0;s:22:\"uagb\/register-password\";i:0;s:30:\"uagb\/register-reenter-password\";i:0;s:19:\"uagb\/register-terms\";i:0;s:22:\"uagb\/register-username\";i:0;}"],"_uag_page_assets":["a:9:{s:3:\"css\";s:260:\".uag-blocks-common-selector{z-index:var(--z-index-desktop) !important}@media(max-width: 976px){.uag-blocks-common-selector{z-index:var(--z-index-tablet) !important}}@media(max-width: 767px){.uag-blocks-common-selector{z-index:var(--z-index-mobile) !important}}\";s:2:\"js\";s:0:\"\";s:18:\"current_block_list\";a:11:{i:0;s:14:\"core\/paragraph\";i:1;s:9:\"core\/list\";i:2;s:12:\"core\/buttons\";i:3;s:11:\"core\/button\";i:4;s:10:\"core\/image\";i:5;s:15:\"core\/media-text\";i:6;s:12:\"core\/columns\";i:7;s:11:\"core\/column\";i:8;s:12:\"core\/heading\";i:9;s:30:\"woocommerce\/product-categories\";i:10;s:17:\"core\/latest-posts\";}s:8:\"uag_flag\";b:0;s:11:\"uag_version\";s:10:\"1776852022\";s:6:\"gfonts\";a:0:{}s:10:\"gfonts_url\";s:0:\"\";s:12:\"gfonts_files\";a:0:{}s:14:\"uag_faq_layout\";b:0;}"],"_elementor_page_assets":["a:0:{}"],"_elementor_css":["a:7:{s:4:\"time\";i:1776863309;s:5:\"fonts\";a:0:{}s:5:\"icons\";a:0:{}s:20:\"dynamic_elements_ids\";a:0:{}s:6:\"status\";s:5:\"empty\";i:0;s:0:\"\";s:3:\"css\";s:0:\"\";}"]},"uagb_featured_image_src":{"full":false,"thumbnail":false,"medium":false,"medium_large":false,"large":false,"1536x1536":false,"2048x2048":false,"woocommerce_thumbnail":false,"woocommerce_single":false,"woocommerce_gallery_thumbnail":false},"uagb_author_info":{"display_name":"Juraj","author_link":"https:\/\/epoca.sk\/web\/author\/jurajgaspar\/"},"uagb_comment_info":0,"uagb_excerpt":"Epoca s.r.o., vydavate\u013estvo a reklamn\u00e1 agent\u00fara h\u013ead\u00e1 talentovan\u00fdch \u013eud\u00ed pre roz\u0161\u00edrenie svojej p\u00f4sobnosti. Otvoren\u00e9 poz\u00edcie s\u00fa: Obchodn\u00edka\/obchodn\u00ed\u010dku pre \u010dasopis Ko\u0161ice City Guide s minim\u00e1lne dvojro\u010dnou praxou v obchode","jetpack_sharing_enabled":true,"_links":{"self":[{"href":"https:\/\/epoca.sk\/web\/wp-json\/wp\/v2\/pages\/187","targetHints":{"allow":["GET"]}}],"collection":[{"href":"https:\/\/epoca.sk\/web\/wp-json\/wp\/v2\/pages"}],"about":[{"href":"https:\/\/epoca.sk\/web\/wp-json\/wp\/v2\/types\/page"}],"author":[{"embeddable":true,"href":"https:\/\/epoca.sk\/web\/wp-json\/wp\/v2\/users\/1"}],"replies":[{"embeddable":true,"href":"https:\/\/epoca.sk\/web\/wp-json\/wp\/v2\/comments?post=187"}],"version-history":[{"count":0,"href":"https:\/\/epoca.sk\/web\/wp-json\/wp\/v2\/pages\/187\/revisions"}],"wp:attachment":[{"href":"https:\/\/epoca.sk\/web\/wp-json\/wp\/v2\/media?parent=187"}],"curies":[{"name":"wp","href":"https:\/\/api.w.org\/{rel}","templated":true}]}}