{"id":499,"date":"2020-02-10T12:32:11","date_gmt":"2020-02-10T11:32:11","guid":{"rendered":"http:\/\/epoca.sk\/web\/?page_id=499"},"modified":"2020-02-10T14:55:59","modified_gmt":"2020-02-10T13:55:59","slug":"elementor-499","status":"publish","type":"page","link":"https:\/\/epoca.sk\/web\/elementor-499\/","title":{"rendered":"Referencie"},"content":{"rendered":"\t\t<div data-elementor-type=\"wp-page\" data-elementor-id=\"499\" class=\"elementor elementor-499\">\n\t\t\t\t\t\t<section class=\"elementor-section elementor-top-section elementor-element elementor-element-bf681f9 elementor-section-boxed elementor-section-height-default elementor-section-height-default\" data-id=\"bf681f9\" data-element_type=\"section\" data-e-type=\"section\">\n\t\t\t\t\t\t<div class=\"elementor-container elementor-column-gap-default\">\n\t\t\t\t\t<div class=\"elementor-column elementor-col-100 elementor-top-column elementor-element elementor-element-a022306\" data-id=\"a022306\" data-element_type=\"column\" data-e-type=\"column\">\n\t\t\t<div class=\"elementor-widget-wrap\">\n\t\t\t\t\t\t\t<\/div>\n\t\t<\/div>\n\t\t\t\t\t<\/div>\n\t\t<\/section>\n\t\t\t\t<\/div>\n\t\t","protected":false},"excerpt":{"rendered":"<p>Bro\u017e\u00farka Tla\u010den\u00fd materi\u00e1l z koncertu N\u00e1stenn\u00fd kalend\u00e1r Ko\u0161ick\u00e9 Impresie \u010casopis Exkluz\u00edvny sprievodca mestom Kniha 800+ stranov\u00e1 hist\u00f3ria divadla Sklada\u010dka M\u00f3dny projekt Plat\u00f3 Bulletin Bro\u017e\u00farka pre z\u00e1kladn\u00fa \u0161kolu.<\/p>\n","protected":false},"author":2,"featured_media":0,"parent":0,"menu_order":0,"comment_status":"closed","ping_status":"closed","template":"","meta":{"_uag_custom_page_level_css":"","site-sidebar-layout":"default","site-content-layout":"","ast-site-content-layout":"default","site-content-style":"default","site-sidebar-style":"default","ast-global-header-display":"","ast-banner-title-visibility":"","ast-main-header-display":"","ast-hfb-above-header-display":"","ast-hfb-below-header-display":"","ast-hfb-mobile-header-display":"","site-post-title":"","ast-breadcrumbs-content":"","ast-featured-img":"","footer-sml-layout":"","ast-disable-related-posts":"","theme-transparent-header-meta":"","adv-header-id-meta":"","stick-header-meta":"","header-above-stick-meta":"","header-main-stick-meta":"","header-below-stick-meta":"","astra-migrate-meta-layouts":"default","ast-page-background-enabled":"default","ast-page-background-meta":{"desktop":{"background-color":"var(--ast-global-color-4)","background-image":"","background-repeat":"repeat","background-position":"center center","background-size":"auto","background-attachment":"scroll","background-type":"","background-media":"","overlay-type":"","overlay-color":"","overlay-opacity":"","overlay-gradient":""},"tablet":{"background-color":"","background-image":"","background-repeat":"repeat","background-position":"center center","background-size":"auto","background-attachment":"scroll","background-type":"","background-media":"","overlay-type":"","overlay-color":"","overlay-opacity":"","overlay-gradient":""},"mobile":{"background-color":"","background-image":"","background-repeat":"repeat","background-position":"center center","background-size":"auto","background-attachment":"scroll","background-type":"","background-media":"","overlay-type":"","overlay-color":"","overlay-opacity":"","overlay-gradient":""}},"ast-content-background-meta":{"desktop":{"background-color":"var(--ast-global-color-5)","background-image":"","background-repeat":"repeat","background-position":"center center","background-size":"auto","background-attachment":"scroll","background-type":"","background-media":"","overlay-type":"","overlay-color":"","overlay-opacity":"","overlay-gradient":""},"tablet":{"background-color":"var(--ast-global-color-5)","background-image":"","background-repeat":"repeat","background-position":"center center","background-size":"auto","background-attachment":"scroll","background-type":"","background-media":"","overlay-type":"","overlay-color":"","overlay-opacity":"","overlay-gradient":""},"mobile":{"background-color":"var(--ast-global-color-5)","background-image":"","background-repeat":"repeat","background-position":"center center","background-size":"auto","background-attachment":"scroll","background-type":"","background-media":"","overlay-type":"","overlay-color":"","overlay-opacity":"","overlay-gradient":""}},"footnotes":""},"class_list":["post-499","page","type-page","status-publish","hentry"],"yoast_head":"<!-- This site is optimized with the Yoast SEO plugin v27.4 - https:\/\/yoast.com\/product\/yoast-seo-wordpress\/ -->\n<title>Referencie &#187; EPOCA, s.r.o.<\/title>\n<meta name=\"robots\" content=\"index, follow, max-snippet:-1, max-image-preview:large, max-video-preview:-1\" \/>\n<link rel=\"canonical\" href=\"https:\/\/epoca.sk\/web\/elementor-499\/\" \/>\n<meta property=\"og:locale\" content=\"sk_SK\" \/>\n<meta property=\"og:type\" content=\"article\" \/>\n<meta property=\"og:title\" content=\"Referencie &#187; EPOCA, s.r.o.\" \/>\n<meta property=\"og:description\" content=\"Bro\u017e\u00farka Tla\u010den\u00fd materi\u00e1l z koncertu N\u00e1stenn\u00fd kalend\u00e1r Ko\u0161ick\u00e9 Impresie \u010casopis Exkluz\u00edvny sprievodca mestom Kniha 800+ stranov\u00e1 hist\u00f3ria divadla Sklada\u010dka M\u00f3dny projekt Plat\u00f3 Bulletin Bro\u017e\u00farka pre z\u00e1kladn\u00fa \u0161kolu.\" \/>\n<meta property=\"og:url\" content=\"https:\/\/epoca.sk\/web\/elementor-499\/\" \/>\n<meta property=\"og:site_name\" content=\"EPOCA, s.r.o.\" \/>\n<meta property=\"article:publisher\" content=\"https:\/\/www.facebook.com\/Reklamn%c3%a1-agent%c3%bara-EPOCA-1830406840541577\" \/>\n<meta property=\"article:modified_time\" content=\"2020-02-10T13:55:59+00:00\" \/>\n<meta property=\"og:image\" content=\"http:\/\/epoca.sk\/web\/wp-content\/uploads\/2020\/02\/Brozurka_web-1.jpg\" \/>\n<meta name=\"twitter:card\" content=\"summary_large_image\" \/>\n<script type=\"application\/ld+json\" class=\"yoast-schema-graph\">{\"@context\":\"https:\\\/\\\/schema.org\",\"@graph\":[{\"@type\":\"WebPage\",\"@id\":\"https:\\\/\\\/epoca.sk\\\/web\\\/elementor-499\\\/\",\"url\":\"https:\\\/\\\/epoca.sk\\\/web\\\/elementor-499\\\/\",\"name\":\"Referencie &#187; EPOCA, s.r.o.\",\"isPartOf\":{\"@id\":\"https:\\\/\\\/epoca.sk\\\/web\\\/#website\"},\"primaryImageOfPage\":{\"@id\":\"https:\\\/\\\/epoca.sk\\\/web\\\/elementor-499\\\/#primaryimage\"},\"image\":{\"@id\":\"https:\\\/\\\/epoca.sk\\\/web\\\/elementor-499\\\/#primaryimage\"},\"thumbnailUrl\":\"http:\\\/\\\/epoca.sk\\\/web\\\/wp-content\\\/uploads\\\/2020\\\/02\\\/Brozurka_web-1.jpg\",\"datePublished\":\"2020-02-10T11:32:11+00:00\",\"dateModified\":\"2020-02-10T13:55:59+00:00\",\"breadcrumb\":{\"@id\":\"https:\\\/\\\/epoca.sk\\\/web\\\/elementor-499\\\/#breadcrumb\"},\"inLanguage\":\"sk-SK\",\"potentialAction\":[{\"@type\":\"ReadAction\",\"target\":[\"https:\\\/\\\/epoca.sk\\\/web\\\/elementor-499\\\/\"]}]},{\"@type\":\"ImageObject\",\"inLanguage\":\"sk-SK\",\"@id\":\"https:\\\/\\\/epoca.sk\\\/web\\\/elementor-499\\\/#primaryimage\",\"url\":\"http:\\\/\\\/epoca.sk\\\/web\\\/wp-content\\\/uploads\\\/2020\\\/02\\\/Brozurka_web-1.jpg\",\"contentUrl\":\"http:\\\/\\\/epoca.sk\\\/web\\\/wp-content\\\/uploads\\\/2020\\\/02\\\/Brozurka_web-1.jpg\"},{\"@type\":\"BreadcrumbList\",\"@id\":\"https:\\\/\\\/epoca.sk\\\/web\\\/elementor-499\\\/#breadcrumb\",\"itemListElement\":[{\"@type\":\"ListItem\",\"position\":1,\"name\":\"Home\",\"item\":\"https:\\\/\\\/epoca.sk\\\/web\\\/\"},{\"@type\":\"ListItem\",\"position\":2,\"name\":\"Referencie\"}]},{\"@type\":\"WebSite\",\"@id\":\"https:\\\/\\\/epoca.sk\\\/web\\\/#website\",\"url\":\"https:\\\/\\\/epoca.sk\\\/web\\\/\",\"name\":\"EPOCA\",\"description\":\"REKLAMN\u00c9 SLU\u017dBY a VYDAVATE\u013dSTVO\",\"publisher\":{\"@id\":\"https:\\\/\\\/epoca.sk\\\/web\\\/#organization\"},\"potentialAction\":[{\"@type\":\"SearchAction\",\"target\":{\"@type\":\"EntryPoint\",\"urlTemplate\":\"https:\\\/\\\/epoca.sk\\\/web\\\/?s={search_term_string}\"},\"query-input\":{\"@type\":\"PropertyValueSpecification\",\"valueRequired\":true,\"valueName\":\"search_term_string\"}}],\"inLanguage\":\"sk-SK\"},{\"@type\":\"Organization\",\"@id\":\"https:\\\/\\\/epoca.sk\\\/web\\\/#organization\",\"name\":\"EPOCA\",\"url\":\"https:\\\/\\\/epoca.sk\\\/web\\\/\",\"logo\":{\"@type\":\"ImageObject\",\"inLanguage\":\"sk-SK\",\"@id\":\"https:\\\/\\\/epoca.sk\\\/web\\\/#\\\/schema\\\/logo\\\/image\\\/\",\"url\":\"https:\\\/\\\/epoca.sk\\\/web\\\/wp-content\\\/uploads\\\/2017\\\/03\\\/EPOCA_logo_WEB.png\",\"contentUrl\":\"https:\\\/\\\/epoca.sk\\\/web\\\/wp-content\\\/uploads\\\/2017\\\/03\\\/EPOCA_logo_WEB.png\",\"width\":952,\"height\":305,\"caption\":\"EPOCA\"},\"image\":{\"@id\":\"https:\\\/\\\/epoca.sk\\\/web\\\/#\\\/schema\\\/logo\\\/image\\\/\"},\"sameAs\":[\"https:\\\/\\\/www.facebook.com\\\/Reklamn\u00e1-agent\u00fara-EPOCA-1830406840541577\",\"https:\\\/\\\/www.instagram.com\\\/_u\\\/epocavydavatelstvo\"]}]}<\/script>\n<!-- \/ Yoast SEO plugin. -->","yoast_head_json":{"title":"Referencie &#187; EPOCA, s.r.o.","robots":{"index":"index","follow":"follow","max-snippet":"max-snippet:-1","max-image-preview":"max-image-preview:large","max-video-preview":"max-video-preview:-1"},"canonical":"https:\/\/epoca.sk\/web\/elementor-499\/","og_locale":"sk_SK","og_type":"article","og_title":"Referencie &#187; EPOCA, s.r.o.","og_description":"Bro\u017e\u00farka Tla\u010den\u00fd materi\u00e1l z koncertu N\u00e1stenn\u00fd kalend\u00e1r Ko\u0161ick\u00e9 Impresie \u010casopis Exkluz\u00edvny sprievodca mestom Kniha 800+ stranov\u00e1 hist\u00f3ria divadla Sklada\u010dka M\u00f3dny projekt Plat\u00f3 Bulletin Bro\u017e\u00farka pre z\u00e1kladn\u00fa \u0161kolu.","og_url":"https:\/\/epoca.sk\/web\/elementor-499\/","og_site_name":"EPOCA, s.r.o.","article_publisher":"https:\/\/www.facebook.com\/Reklamn%c3%a1-agent%c3%bara-EPOCA-1830406840541577","article_modified_time":"2020-02-10T13:55:59+00:00","og_image":[{"url":"http:\/\/epoca.sk\/web\/wp-content\/uploads\/2020\/02\/Brozurka_web-1.jpg","type":"","width":"","height":""}],"twitter_card":"summary_large_image","schema":{"@context":"https:\/\/schema.org","@graph":[{"@type":"WebPage","@id":"https:\/\/epoca.sk\/web\/elementor-499\/","url":"https:\/\/epoca.sk\/web\/elementor-499\/","name":"Referencie &#187; EPOCA, s.r.o.","isPartOf":{"@id":"https:\/\/epoca.sk\/web\/#website"},"primaryImageOfPage":{"@id":"https:\/\/epoca.sk\/web\/elementor-499\/#primaryimage"},"image":{"@id":"https:\/\/epoca.sk\/web\/elementor-499\/#primaryimage"},"thumbnailUrl":"http:\/\/epoca.sk\/web\/wp-content\/uploads\/2020\/02\/Brozurka_web-1.jpg","datePublished":"2020-02-10T11:32:11+00:00","dateModified":"2020-02-10T13:55:59+00:00","breadcrumb":{"@id":"https:\/\/epoca.sk\/web\/elementor-499\/#breadcrumb"},"inLanguage":"sk-SK","potentialAction":[{"@type":"ReadAction","target":["https:\/\/epoca.sk\/web\/elementor-499\/"]}]},{"@type":"ImageObject","inLanguage":"sk-SK","@id":"https:\/\/epoca.sk\/web\/elementor-499\/#primaryimage","url":"http:\/\/epoca.sk\/web\/wp-content\/uploads\/2020\/02\/Brozurka_web-1.jpg","contentUrl":"http:\/\/epoca.sk\/web\/wp-content\/uploads\/2020\/02\/Brozurka_web-1.jpg"},{"@type":"BreadcrumbList","@id":"https:\/\/epoca.sk\/web\/elementor-499\/#breadcrumb","itemListElement":[{"@type":"ListItem","position":1,"name":"Home","item":"https:\/\/epoca.sk\/web\/"},{"@type":"ListItem","position":2,"name":"Referencie"}]},{"@type":"WebSite","@id":"https:\/\/epoca.sk\/web\/#website","url":"https:\/\/epoca.sk\/web\/","name":"EPOCA","description":"REKLAMN\u00c9 SLU\u017dBY a VYDAVATE\u013dSTVO","publisher":{"@id":"https:\/\/epoca.sk\/web\/#organization"},"potentialAction":[{"@type":"SearchAction","target":{"@type":"EntryPoint","urlTemplate":"https:\/\/epoca.sk\/web\/?s={search_term_string}"},"query-input":{"@type":"PropertyValueSpecification","valueRequired":true,"valueName":"search_term_string"}}],"inLanguage":"sk-SK"},{"@type":"Organization","@id":"https:\/\/epoca.sk\/web\/#organization","name":"EPOCA","url":"https:\/\/epoca.sk\/web\/","logo":{"@type":"ImageObject","inLanguage":"sk-SK","@id":"https:\/\/epoca.sk\/web\/#\/schema\/logo\/image\/","url":"https:\/\/epoca.sk\/web\/wp-content\/uploads\/2017\/03\/EPOCA_logo_WEB.png","contentUrl":"https:\/\/epoca.sk\/web\/wp-content\/uploads\/2017\/03\/EPOCA_logo_WEB.png","width":952,"height":305,"caption":"EPOCA"},"image":{"@id":"https:\/\/epoca.sk\/web\/#\/schema\/logo\/image\/"},"sameAs":["https:\/\/www.facebook.com\/Reklamn\u00e1-agent\u00fara-EPOCA-1830406840541577","https:\/\/www.instagram.com\/_u\/epocavydavatelstvo"]}]}},"spectra_custom_meta":{"_edit_lock":["1581343062:2"],"_edit_last":["2"],"_yoast_wpseo_content_score":["90"],"_elementor_edit_mode":["builder"],"_elementor_template_type":["wp-page"],"_elementor_version":["2.8.5"],"_wp_page_template":["default"],"_elementor_data":["[{\"id\":\"bf681f9\",\"elType\":\"section\",\"settings\":[],\"elements\":[{\"id\":\"a022306\",\"elType\":\"column\",\"settings\":{\"_column_size\":100,\"_inline_size\":null},\"elements\":[{\"id\":\"c7d069b\",\"elType\":\"widget\",\"settings\":{\"eael_fg_items_to_show\":6,\"eael_fg_filter_duration\":500,\"eael_fg_grid_item_height\":\"300\",\"eael_fg_all_label_text\":\"All\",\"eael_fg_controls\":[{\"eael_fg_control\":\"Gallery Item\",\"_id\":\"b6c4bfa\"}],\"eael_fg_gallery_items\":[{\"eael_fg_gallery_item_name\":\"Bro\\u017e\\u00farka\",\"_id\":\"99f5a1e\",\"fg_video_gallery_switch\":\"false\",\"eael_fg_gallery_item_video_link\":\"https:\\\/\\\/www.youtube.com\\\/watch?v=kB4U67tiQLA\",\"eael_fg_gallery_control_name\":\"\",\"fg_item_price_switch\":\"false\",\"fg_item_price\":\"$20.00\",\"fg_item_ratings_switch\":\"false\",\"fg_item_ratings\":\"5\",\"fg_item_cat_switch\":\"false\",\"fg_item_cat\":\"Essential Addons\",\"eael_fg_gallery_item_content\":\"<p>Tla\\u010den\\u00fd materi\\u00e1l z koncertu<\\\/p>\",\"eael_fg_gallery_img\":{\"url\":\"http:\\\/\\\/epoca.sk\\\/web\\\/wp-content\\\/uploads\\\/2020\\\/02\\\/Brozurka_web-1.jpg\",\"id\":544},\"fg_video_gallery_play_icon\":{\"url\":\"http:\\\/\\\/epoca.sk\\\/web\\\/wp-content\\\/plugins\\\/essential-addons-for-elementor-lite\\\/assets\\\/front-end\\\/img\\\/play-icon.png\",\"id\":\"\"},\"eael_fg_gallery_lightbox\":\"true\",\"eael_fg_gallery_link\":\"true\",\"eael_fg_gallery_img_link\":{\"url\":\"#\",\"is_external\":\"\",\"nofollow\":\"\"}},{\"eael_fg_gallery_item_name\":\"N\\u00e1stenn\\u00fd kalend\\u00e1r\",\"_id\":\"9ee242a\",\"fg_video_gallery_switch\":\"false\",\"eael_fg_gallery_item_video_link\":\"https:\\\/\\\/www.youtube.com\\\/watch?v=kB4U67tiQLA\",\"eael_fg_gallery_control_name\":\"\",\"fg_item_price_switch\":\"false\",\"fg_item_price\":\"$20.00\",\"fg_item_ratings_switch\":\"false\",\"fg_item_ratings\":\"5\",\"fg_item_cat_switch\":\"false\",\"fg_item_cat\":\"Essential Addons\",\"eael_fg_gallery_item_content\":\"<p>Ko\\u0161ick\\u00e9 Impresie<\\\/p>\",\"eael_fg_gallery_img\":{\"url\":\"http:\\\/\\\/epoca.sk\\\/web\\\/wp-content\\\/uploads\\\/2020\\\/02\\\/kalendar_web.jpg\",\"id\":525},\"fg_video_gallery_play_icon\":{\"url\":\"http:\\\/\\\/epoca.sk\\\/web\\\/wp-content\\\/plugins\\\/essential-addons-for-elementor-lite\\\/assets\\\/front-end\\\/img\\\/play-icon.png\",\"id\":\"\"},\"eael_fg_gallery_lightbox\":\"true\",\"eael_fg_gallery_link\":\"true\",\"eael_fg_gallery_img_link\":{\"url\":\"#\",\"is_external\":\"\",\"nofollow\":\"\"}},{\"eael_fg_gallery_item_name\":\"\\u010casopis\",\"_id\":\"57d2476\",\"fg_video_gallery_switch\":\"false\",\"eael_fg_gallery_item_video_link\":\"https:\\\/\\\/www.youtube.com\\\/watch?v=kB4U67tiQLA\",\"eael_fg_gallery_control_name\":\"\",\"fg_item_price_switch\":\"false\",\"fg_item_price\":\"$20.00\",\"fg_item_ratings_switch\":\"false\",\"fg_item_ratings\":\"5\",\"fg_item_cat_switch\":\"false\",\"fg_item_cat\":\"Essential Addons\",\"eael_fg_gallery_item_content\":\"<p>Exkluz\\u00edvny sprievodca mestom<\\\/p>\",\"eael_fg_gallery_img\":{\"url\":\"http:\\\/\\\/epoca.sk\\\/web\\\/wp-content\\\/uploads\\\/2020\\\/02\\\/KCG_web.jpg\",\"id\":527},\"fg_video_gallery_play_icon\":{\"url\":\"http:\\\/\\\/epoca.sk\\\/web\\\/wp-content\\\/plugins\\\/essential-addons-for-elementor-lite\\\/assets\\\/front-end\\\/img\\\/play-icon.png\",\"id\":\"\"},\"eael_fg_gallery_lightbox\":\"true\",\"eael_fg_gallery_link\":\"true\",\"eael_fg_gallery_img_link\":{\"url\":\"#\",\"is_external\":\"\",\"nofollow\":\"\"}},{\"eael_fg_gallery_item_name\":\"Kniha\",\"_id\":\"956696b\",\"fg_video_gallery_switch\":\"false\",\"eael_fg_gallery_item_video_link\":\"https:\\\/\\\/www.youtube.com\\\/watch?v=kB4U67tiQLA\",\"eael_fg_gallery_control_name\":\"\",\"fg_item_price_switch\":\"false\",\"fg_item_price\":\"$20.00\",\"fg_item_ratings_switch\":\"false\",\"fg_item_ratings\":\"5\",\"fg_item_cat_switch\":\"false\",\"fg_item_cat\":\"Essential Addons\",\"eael_fg_gallery_item_content\":\"<p>800+ stranov\\u00e1 hist\\u00f3ria divadla<\\\/p>\",\"eael_fg_gallery_img\":{\"url\":\"http:\\\/\\\/epoca.sk\\\/web\\\/wp-content\\\/uploads\\\/2020\\\/02\\\/knizka_web.jpg\",\"id\":536},\"fg_video_gallery_play_icon\":{\"url\":\"http:\\\/\\\/epoca.sk\\\/web\\\/wp-content\\\/plugins\\\/essential-addons-for-elementor-lite\\\/assets\\\/front-end\\\/img\\\/play-icon.png\",\"id\":\"\"},\"eael_fg_gallery_lightbox\":\"true\",\"eael_fg_gallery_link\":\"true\",\"eael_fg_gallery_img_link\":{\"url\":\"#\",\"is_external\":\"\",\"nofollow\":\"\"}},{\"eael_fg_gallery_item_name\":\"Sklada\\u010dka\",\"_id\":\"fab6027\",\"fg_video_gallery_switch\":\"false\",\"eael_fg_gallery_item_video_link\":\"https:\\\/\\\/www.youtube.com\\\/watch?v=kB4U67tiQLA\",\"eael_fg_gallery_control_name\":\"\",\"fg_item_price_switch\":\"false\",\"fg_item_price\":\"$20.00\",\"fg_item_ratings_switch\":\"false\",\"fg_item_ratings\":\"5\",\"fg_item_cat_switch\":\"false\",\"fg_item_cat\":\"Essential Addons\",\"eael_fg_gallery_item_content\":\"<p>M\\u00f3dny projekt Plat\\u00f3<\\\/p>\",\"eael_fg_gallery_img\":{\"url\":\"http:\\\/\\\/epoca.sk\\\/web\\\/wp-content\\\/uploads\\\/2020\\\/02\\\/skladacka_web.jpg\",\"id\":538},\"fg_video_gallery_play_icon\":{\"url\":\"http:\\\/\\\/epoca.sk\\\/web\\\/wp-content\\\/plugins\\\/essential-addons-for-elementor-lite\\\/assets\\\/front-end\\\/img\\\/play-icon.png\",\"id\":\"\"},\"eael_fg_gallery_lightbox\":\"true\",\"eael_fg_gallery_link\":\"true\",\"eael_fg_gallery_img_link\":{\"url\":\"#\",\"is_external\":\"\",\"nofollow\":\"\"}},{\"eael_fg_gallery_item_name\":\"Bulletin\",\"_id\":\"7dd9481\",\"fg_video_gallery_switch\":\"false\",\"eael_fg_gallery_item_video_link\":\"https:\\\/\\\/www.youtube.com\\\/watch?v=kB4U67tiQLA\",\"eael_fg_gallery_control_name\":\"\",\"fg_item_price_switch\":\"false\",\"fg_item_price\":\"$20.00\",\"fg_item_ratings_switch\":\"false\",\"fg_item_ratings\":\"5\",\"fg_item_cat_switch\":\"false\",\"fg_item_cat\":\"Essential Addons\",\"eael_fg_gallery_item_content\":\"<p>Bro\\u017e\\u00farka pre z\\u00e1kladn\\u00fa \\u0161kolu.<\\\/p>\",\"eael_fg_gallery_img\":{\"url\":\"http:\\\/\\\/epoca.sk\\\/web\\\/wp-content\\\/uploads\\\/2020\\\/02\\\/suhra_web.jpg\",\"id\":522},\"fg_video_gallery_play_icon\":{\"url\":\"http:\\\/\\\/epoca.sk\\\/web\\\/wp-content\\\/plugins\\\/essential-addons-for-elementor-lite\\\/assets\\\/front-end\\\/img\\\/play-icon.png\",\"id\":\"\"},\"eael_fg_gallery_lightbox\":\"true\",\"eael_fg_gallery_link\":\"true\",\"eael_fg_gallery_img_link\":{\"url\":\"#\",\"is_external\":\"\",\"nofollow\":\"\"}}],\"images_per_page\":6,\"load_more_text\":\"Load More\",\"nomore_items_text\":\"No more items!\",\"eael_fg_video_item_icon_hover_scale\":\"1.1\",\"fg_sf_placeholder\":\"Search Gallery Item...\",\"eael_fg_show_popup\":\"media\",\"eael_section_fg_zoom_icon_new\":{\"value\":\"far fa-eye\",\"library\":\"fa-regular\"},\"eael_section_fg_link_icon_new\":{\"value\":\"\",\"library\":\"\"},\"eael_fg_grid_hover_style\":\"eael-zoom-in\",\"filter_enable\":\"\"},\"elements\":[],\"widgetType\":\"eael-filterable-gallery\"}],\"isInner\":false}],\"isInner\":false}]"],"eael_transient_elements":["a:1:{i:0;s:14:\"filter-gallery\";}"],"_elementor_controls_usage":["a:3:{s:23:\"eael-filterable-gallery\";a:3:{s:5:\"count\";i:1;s:15:\"control_percent\";i:1;s:8:\"controls\";a:1:{s:7:\"content\";a:3:{s:32:\"eael_section_fg_control_settings\";a:2:{s:16:\"eael_fg_controls\";i:1;s:13:\"filter_enable\";i:1;}s:29:\"eael_section_fg_grid_settings\";a:1:{s:21:\"eael_fg_gallery_items\";i:1;}s:24:\"eael_section_fg_settings\";a:4:{s:18:\"eael_fg_show_popup\";i:1;s:29:\"eael_section_fg_zoom_icon_new\";i:1;s:29:\"eael_section_fg_link_icon_new\";i:1;s:24:\"eael_fg_grid_hover_style\";i:1;}}}}s:6:\"column\";a:3:{s:5:\"count\";i:1;s:15:\"control_percent\";i:0;s:8:\"controls\";a:1:{s:6:\"layout\";a:1:{s:6:\"layout\";a:1:{s:12:\"_inline_size\";i:1;}}}}s:7:\"section\";a:3:{s:5:\"count\";i:1;s:15:\"control_percent\";i:0;s:8:\"controls\";a:0:{}}}"],"_eael_custom_js":[""],"_eael_widget_elements":["a:1:{s:14:\"filter-gallery\";s:14:\"filter-gallery\";}"],"_cmplz_scanned_post":["1"],"_eb_reusable_block_ids":["a:0:{}"],"_uag_css_file_name":["uag-css-499.css"],"_uag_page_assets":["a:9:{s:3:\"css\";s:260:\".uag-blocks-common-selector{z-index:var(--z-index-desktop) !important}@media(max-width: 976px){.uag-blocks-common-selector{z-index:var(--z-index-tablet) !important}}@media(max-width: 767px){.uag-blocks-common-selector{z-index:var(--z-index-mobile) !important}}\";s:2:\"js\";s:0:\"\";s:18:\"current_block_list\";a:10:{i:0;s:12:\"core\/buttons\";i:1;s:11:\"core\/button\";i:2;s:10:\"core\/image\";i:3;s:15:\"core\/media-text\";i:4;s:14:\"core\/paragraph\";i:5;s:12:\"core\/columns\";i:6;s:11:\"core\/column\";i:7;s:12:\"core\/heading\";i:8;s:30:\"woocommerce\/product-categories\";i:9;s:17:\"core\/latest-posts\";}s:8:\"uag_flag\";b:0;s:11:\"uag_version\";s:10:\"1776852022\";s:6:\"gfonts\";a:0:{}s:10:\"gfonts_url\";s:0:\"\";s:12:\"gfonts_files\";a:0:{}s:14:\"uag_faq_layout\";b:0;}"],"_elementor_page_assets":["a:1:{s:7:\"scripts\";a:1:{i:0;s:18:\"elementor-frontend\";}}"],"_elementor_css":["a:7:{s:4:\"time\";i:1776940951;s:5:\"fonts\";a:0:{}s:5:\"icons\";a:0:{}s:20:\"dynamic_elements_ids\";a:0:{}s:6:\"status\";s:5:\"empty\";i:0;s:0:\"\";s:3:\"css\";s:0:\"\";}"],"_elementor_element_cache":["{\"timeout\":1777202881,\"value\":{\"content\":\"\\t\\t<section class=\\\"elementor-section elementor-top-section elementor-element elementor-element-bf681f9 elementor-section-boxed elementor-section-height-default elementor-section-height-default\\\" data-id=\\\"bf681f9\\\" data-element_type=\\\"section\\\" data-e-type=\\\"section\\\">\\n\\t\\t\\t\\t\\t\\t<div class=\\\"elementor-container elementor-column-gap-default\\\">\\n\\t\\t\\t\\t\\t<div class=\\\"elementor-column elementor-col-100 elementor-top-column elementor-element elementor-element-a022306\\\" data-id=\\\"a022306\\\" data-element_type=\\\"column\\\" data-e-type=\\\"column\\\">\\n\\t\\t\\t<div class=\\\"elementor-widget-wrap\\\">\\n\\t\\t\\t\\t\\t\\t\\t<\\\/div>\\n\\t\\t<\\\/div>\\n\\t\\t\\t\\t\\t<\\\/div>\\n\\t\\t<\\\/section>\\n\\t\\t\",\"scripts\":[],\"styles\":[]}}"]},"uagb_featured_image_src":{"full":false,"thumbnail":false,"medium":false,"medium_large":false,"large":false,"1536x1536":false,"2048x2048":false,"woocommerce_thumbnail":false,"woocommerce_single":false,"woocommerce_gallery_thumbnail":false},"uagb_author_info":{"display_name":"Vladim\u00edr Kmec","author_link":"https:\/\/epoca.sk\/web\/author\/vlado\/"},"uagb_comment_info":0,"uagb_excerpt":"Bro\u017e\u00farka Tla\u010den\u00fd materi\u00e1l z koncertu N\u00e1stenn\u00fd kalend\u00e1r Ko\u0161ick\u00e9 Impresie \u010casopis Exkluz\u00edvny sprievodca mestom Kniha 800+ stranov\u00e1 hist\u00f3ria divadla Sklada\u010dka M\u00f3dny projekt Plat\u00f3 Bulletin Bro\u017e\u00farka pre z\u00e1kladn\u00fa \u0161kolu.","jetpack_sharing_enabled":true,"_links":{"self":[{"href":"https:\/\/epoca.sk\/web\/wp-json\/wp\/v2\/pages\/499","targetHints":{"allow":["GET"]}}],"collection":[{"href":"https:\/\/epoca.sk\/web\/wp-json\/wp\/v2\/pages"}],"about":[{"href":"https:\/\/epoca.sk\/web\/wp-json\/wp\/v2\/types\/page"}],"author":[{"embeddable":true,"href":"https:\/\/epoca.sk\/web\/wp-json\/wp\/v2\/users\/2"}],"replies":[{"embeddable":true,"href":"https:\/\/epoca.sk\/web\/wp-json\/wp\/v2\/comments?post=499"}],"version-history":[{"count":0,"href":"https:\/\/epoca.sk\/web\/wp-json\/wp\/v2\/pages\/499\/revisions"}],"wp:attachment":[{"href":"https:\/\/epoca.sk\/web\/wp-json\/wp\/v2\/media?parent=499"}],"curies":[{"name":"wp","href":"https:\/\/api.w.org\/{rel}","templated":true}]}}