{"id":58,"date":"2017-03-17T14:26:38","date_gmt":"2017-03-17T13:26:38","guid":{"rendered":"http:\/\/epoca.sk\/web\/?page_id=58"},"modified":"2023-09-17T20:52:40","modified_gmt":"2023-09-17T18:52:40","slug":"kontakt-epoca-moldava","status":"publish","type":"page","link":"https:\/\/epoca.sk\/web\/kontakt-epoca-moldava\/","title":{"rendered":"Kontakt"},"content":{"rendered":"<h3 style=\"text-align: center;\"><strong>EPOCA, s.r.o.<\/strong><\/h3>\n<p style=\"text-align: center;\">S\u00eddlo: Moyzesova 48, 040 01 Ko\u0161ice<br \/>I\u010cO: 46 762 477, I\u010c DPH: SK2023587247<br \/>Zap\u00edsan\u00e1 v OR Okr. s\u00fadu Ko\u0161ice I. pod \u010d.: 30445\/V<\/p>\n<p style=\"text-align: center;\"><strong>Predaj inzercie pre Ko\u0161ice City Guide:<\/strong><br \/>Judy &gt;&gt; +421 911 051 723<br \/>Mari\u00e1n &gt;&gt; +421 907 933 306<br \/>Juraj &gt;&gt; +421 905 537 846<\/p>\n<p style=\"text-align: center;\">info@epoca.sk<br \/>eShop &gt;&gt; +421 905 537 846<\/p>\n\n<div ><style>.form-control { clear: both; display: block; }<\/style><div class=\"wpcf_wrapper\">\n<form action=\"\" method=\"POST\" name=\"wpcf_nd\" id=\"wpcf_nd\" class=\"wpcf_nd wpcf_nd_06331069662 wpcf_nd--\" cfid=\"06331069662\" enctype=\"multipart\/form-data\">\n\t\t\t<input type='hidden' value='41' name='wpcf_nd_send_id' id='wpcf_nd_send_id' \/>\n\t\t\t<input type=\"hidden\" id=\"wpcf_nonce_field\" name=\"wpcf_nonce_field\" value=\"dc8449790e\" \/>\n<div class=\"rendered-form\"><div class=\"\"><h1 id=\"control-1042547\">Kontaktujte n\u00e1s<\/h1><\/div><div class=\"fb-text form-group field-name-field\"><label for=\"name-field\" class=\"fb-text-label\">Meno<\/label><input type=\"text\" name=\"name-field\" id=\"name-field\"><\/div><div class=\"fb-text form-group field-email-field\"><label for=\"email-field\" class=\"fb-text-label\">Email<\/label><input type=\"email\" name=\"email-field\" id=\"email-field\"><\/div><div class=\"fb-number form-group field-number-1631027948584\"><label for=\"number-1631027948584\" class=\"fb-number-label\">Tel.<\/label><input type=\"number\" class=\"form-control\" name=\"number-1631027948584\" id=\"number-1631027948584\"><\/div><div class=\"fb-textarea form-group field-message\"><label for=\"message\" class=\"fb-textarea-label\">Spr\u00e1va<\/label><textarea type=\"textarea\" name=\"message\" rows=\"3\" id=\"message\"><\/textarea><\/div><\/div><div class=\"g-recaptcha wpcf_g_recaptcha wpcf_g_recaptcha_06331069662\" id=\"wpcf_g_recaptcha_06331069662\"><\/div><p><input type=\"checkbox\" name=\"gdpr_agree\" id=\"gdpr_agree\" class=\"gdpr_input\" \/><label for=\"gdpr_agree\" class=\"gdpr_label\">S\u00fahlas\u00edm so spracovan\u00edm mojich osobn\u00fdch \u00fadajov poskytnut\u00fdch odoslan\u00edm formul\u00e1ra spolo\u010dnos\u0165i EPOCA, s.r.o., za \u00fa\u010delom kontaktovania, na dobu 30 dn\u00ed pod\u013ea GDPR.<\/label><\/p>\n<p><input type='submit'  value='Posla\u0165' name='wpcf_nd_submit' id='wpcf_nd_submit' class='wpcf_nd_submit wpcf_nd_submit_06331069662' cfid='06331069662' \/><\/p>\n<\/form>\n<\/div>\n<\/div>","protected":false},"excerpt":{"rendered":"<p>EPOCA, s.r.o. S\u00eddlo: Moyzesova 48, 040 01 Ko\u0161iceI\u010cO: 46 762 477, I\u010c DPH: SK2023587247Zap\u00edsan\u00e1 v OR Okr. s\u00fadu Ko\u0161ice I. pod \u010d.: 30445\/V Predaj inzercie pre Ko\u0161ice City Guide:Judy &gt;&gt; +421 911 051 723Mari\u00e1n &gt;&gt; +421 907 933 306Juraj &gt;&gt; +421 905 537 846 info@epoca.skeShop &gt;&gt; +421 905 537 846<\/p>\n","protected":false},"author":1,"featured_media":0,"parent":0,"menu_order":10,"comment_status":"closed","ping_status":"closed","template":"","meta":{"_uag_custom_page_level_css":"","site-sidebar-layout":"default","site-content-layout":"","ast-site-content-layout":"default","site-content-style":"default","site-sidebar-style":"default","ast-global-header-display":"","ast-banner-title-visibility":"","ast-main-header-display":"","ast-hfb-above-header-display":"","ast-hfb-below-header-display":"","ast-hfb-mobile-header-display":"","site-post-title":"","ast-breadcrumbs-content":"","ast-featured-img":"","footer-sml-layout":"","ast-disable-related-posts":"","theme-transparent-header-meta":"","adv-header-id-meta":"","stick-header-meta":"","header-above-stick-meta":"","header-main-stick-meta":"","header-below-stick-meta":"","astra-migrate-meta-layouts":"default","ast-page-background-enabled":"default","ast-page-background-meta":{"desktop":{"background-color":"var(--ast-global-color-4)","background-image":"","background-repeat":"repeat","background-position":"center center","background-size":"auto","background-attachment":"scroll","background-type":"","background-media":"","overlay-type":"","overlay-color":"","overlay-opacity":"","overlay-gradient":""},"tablet":{"background-color":"","background-image":"","background-repeat":"repeat","background-position":"center center","background-size":"auto","background-attachment":"scroll","background-type":"","background-media":"","overlay-type":"","overlay-color":"","overlay-opacity":"","overlay-gradient":""},"mobile":{"background-color":"","background-image":"","background-repeat":"repeat","background-position":"center center","background-size":"auto","background-attachment":"scroll","background-type":"","background-media":"","overlay-type":"","overlay-color":"","overlay-opacity":"","overlay-gradient":""}},"ast-content-background-meta":{"desktop":{"background-color":"var(--ast-global-color-5)","background-image":"","background-repeat":"repeat","background-position":"center center","background-size":"auto","background-attachment":"scroll","background-type":"","background-media":"","overlay-type":"","overlay-color":"","overlay-opacity":"","overlay-gradient":""},"tablet":{"background-color":"var(--ast-global-color-5)","background-image":"","background-repeat":"repeat","background-position":"center center","background-size":"auto","background-attachment":"scroll","background-type":"","background-media":"","overlay-type":"","overlay-color":"","overlay-opacity":"","overlay-gradient":""},"mobile":{"background-color":"var(--ast-global-color-5)","background-image":"","background-repeat":"repeat","background-position":"center center","background-size":"auto","background-attachment":"scroll","background-type":"","background-media":"","overlay-type":"","overlay-color":"","overlay-opacity":"","overlay-gradient":""}},"footnotes":""},"class_list":["post-58","page","type-page","status-publish","hentry"],"yoast_head":"<!-- This site is optimized with the Yoast SEO plugin v27.4 - https:\/\/yoast.com\/product\/yoast-seo-wordpress\/ -->\n<title>Kontakt &#187; EPOCA, s.r.o. - Kontaktn\u00e9 \u00fadaje<\/title>\n<meta name=\"description\" content=\"Kontaktn\u00e9 \u00fadaje na EPOCA - reklamn\u00e9 slu\u017eby a vydavate\u013estvo\" \/>\n<meta name=\"robots\" content=\"index, follow, max-snippet:-1, max-image-preview:large, max-video-preview:-1\" \/>\n<link rel=\"canonical\" href=\"https:\/\/epoca.sk\/web\/kontakt-epoca-moldava\/\" \/>\n<meta property=\"og:locale\" content=\"sk_SK\" \/>\n<meta property=\"og:type\" content=\"article\" \/>\n<meta property=\"og:title\" content=\"Kontakt &#187; EPOCA, s.r.o. - Kontaktn\u00e9 \u00fadaje\" \/>\n<meta property=\"og:description\" content=\"Kontaktn\u00e9 \u00fadaje na EPOCA - reklamn\u00e9 slu\u017eby a vydavate\u013estvo\" \/>\n<meta property=\"og:url\" content=\"https:\/\/epoca.sk\/web\/kontakt-epoca-moldava\/\" \/>\n<meta property=\"og:site_name\" content=\"EPOCA, s.r.o.\" \/>\n<meta property=\"article:publisher\" content=\"https:\/\/www.facebook.com\/Reklamn%c3%a1-agent%c3%bara-EPOCA-1830406840541577\" \/>\n<meta property=\"article:modified_time\" content=\"2023-09-17T18:52:40+00:00\" \/>\n<meta name=\"twitter:card\" content=\"summary_large_image\" \/>\n<meta name=\"twitter:label1\" content=\"Predpokladan\u00fd \u010das \u010d\u00edtania\" \/>\n\t<meta name=\"twitter:data1\" content=\"1 min\u00fata\" \/>\n<script type=\"application\/ld+json\" class=\"yoast-schema-graph\">{\"@context\":\"https:\\\/\\\/schema.org\",\"@graph\":[{\"@type\":\"WebPage\",\"@id\":\"https:\\\/\\\/epoca.sk\\\/web\\\/kontakt-epoca-moldava\\\/\",\"url\":\"https:\\\/\\\/epoca.sk\\\/web\\\/kontakt-epoca-moldava\\\/\",\"name\":\"Kontakt &#187; EPOCA, s.r.o. - Kontaktn\u00e9 \u00fadaje\",\"isPartOf\":{\"@id\":\"https:\\\/\\\/epoca.sk\\\/web\\\/#website\"},\"datePublished\":\"2017-03-17T13:26:38+00:00\",\"dateModified\":\"2023-09-17T18:52:40+00:00\",\"description\":\"Kontaktn\u00e9 \u00fadaje na EPOCA - reklamn\u00e9 slu\u017eby a vydavate\u013estvo\",\"breadcrumb\":{\"@id\":\"https:\\\/\\\/epoca.sk\\\/web\\\/kontakt-epoca-moldava\\\/#breadcrumb\"},\"inLanguage\":\"sk-SK\",\"potentialAction\":[{\"@type\":\"ReadAction\",\"target\":[\"https:\\\/\\\/epoca.sk\\\/web\\\/kontakt-epoca-moldava\\\/\"]}]},{\"@type\":\"BreadcrumbList\",\"@id\":\"https:\\\/\\\/epoca.sk\\\/web\\\/kontakt-epoca-moldava\\\/#breadcrumb\",\"itemListElement\":[{\"@type\":\"ListItem\",\"position\":1,\"name\":\"Home\",\"item\":\"https:\\\/\\\/epoca.sk\\\/web\\\/\"},{\"@type\":\"ListItem\",\"position\":2,\"name\":\"Kontakt\"}]},{\"@type\":\"WebSite\",\"@id\":\"https:\\\/\\\/epoca.sk\\\/web\\\/#website\",\"url\":\"https:\\\/\\\/epoca.sk\\\/web\\\/\",\"name\":\"EPOCA\",\"description\":\"REKLAMN\u00c9 SLU\u017dBY a VYDAVATE\u013dSTVO\",\"publisher\":{\"@id\":\"https:\\\/\\\/epoca.sk\\\/web\\\/#organization\"},\"potentialAction\":[{\"@type\":\"SearchAction\",\"target\":{\"@type\":\"EntryPoint\",\"urlTemplate\":\"https:\\\/\\\/epoca.sk\\\/web\\\/?s={search_term_string}\"},\"query-input\":{\"@type\":\"PropertyValueSpecification\",\"valueRequired\":true,\"valueName\":\"search_term_string\"}}],\"inLanguage\":\"sk-SK\"},{\"@type\":\"Organization\",\"@id\":\"https:\\\/\\\/epoca.sk\\\/web\\\/#organization\",\"name\":\"EPOCA\",\"url\":\"https:\\\/\\\/epoca.sk\\\/web\\\/\",\"logo\":{\"@type\":\"ImageObject\",\"inLanguage\":\"sk-SK\",\"@id\":\"https:\\\/\\\/epoca.sk\\\/web\\\/#\\\/schema\\\/logo\\\/image\\\/\",\"url\":\"https:\\\/\\\/epoca.sk\\\/web\\\/wp-content\\\/uploads\\\/2017\\\/03\\\/EPOCA_logo_WEB.png\",\"contentUrl\":\"https:\\\/\\\/epoca.sk\\\/web\\\/wp-content\\\/uploads\\\/2017\\\/03\\\/EPOCA_logo_WEB.png\",\"width\":952,\"height\":305,\"caption\":\"EPOCA\"},\"image\":{\"@id\":\"https:\\\/\\\/epoca.sk\\\/web\\\/#\\\/schema\\\/logo\\\/image\\\/\"},\"sameAs\":[\"https:\\\/\\\/www.facebook.com\\\/Reklamn\u00e1-agent\u00fara-EPOCA-1830406840541577\",\"https:\\\/\\\/www.instagram.com\\\/_u\\\/epocavydavatelstvo\"]}]}<\/script>\n<!-- \/ Yoast SEO plugin. -->","yoast_head_json":{"title":"Kontakt &#187; EPOCA, s.r.o. - Kontaktn\u00e9 \u00fadaje","description":"Kontaktn\u00e9 \u00fadaje na EPOCA - reklamn\u00e9 slu\u017eby a vydavate\u013estvo","robots":{"index":"index","follow":"follow","max-snippet":"max-snippet:-1","max-image-preview":"max-image-preview:large","max-video-preview":"max-video-preview:-1"},"canonical":"https:\/\/epoca.sk\/web\/kontakt-epoca-moldava\/","og_locale":"sk_SK","og_type":"article","og_title":"Kontakt &#187; EPOCA, s.r.o. - Kontaktn\u00e9 \u00fadaje","og_description":"Kontaktn\u00e9 \u00fadaje na EPOCA - reklamn\u00e9 slu\u017eby a vydavate\u013estvo","og_url":"https:\/\/epoca.sk\/web\/kontakt-epoca-moldava\/","og_site_name":"EPOCA, s.r.o.","article_publisher":"https:\/\/www.facebook.com\/Reklamn%c3%a1-agent%c3%bara-EPOCA-1830406840541577","article_modified_time":"2023-09-17T18:52:40+00:00","twitter_card":"summary_large_image","twitter_misc":{"Predpokladan\u00fd \u010das \u010d\u00edtania":"1 min\u00fata"},"schema":{"@context":"https:\/\/schema.org","@graph":[{"@type":"WebPage","@id":"https:\/\/epoca.sk\/web\/kontakt-epoca-moldava\/","url":"https:\/\/epoca.sk\/web\/kontakt-epoca-moldava\/","name":"Kontakt &#187; EPOCA, s.r.o. - Kontaktn\u00e9 \u00fadaje","isPartOf":{"@id":"https:\/\/epoca.sk\/web\/#website"},"datePublished":"2017-03-17T13:26:38+00:00","dateModified":"2023-09-17T18:52:40+00:00","description":"Kontaktn\u00e9 \u00fadaje na EPOCA - reklamn\u00e9 slu\u017eby a vydavate\u013estvo","breadcrumb":{"@id":"https:\/\/epoca.sk\/web\/kontakt-epoca-moldava\/#breadcrumb"},"inLanguage":"sk-SK","potentialAction":[{"@type":"ReadAction","target":["https:\/\/epoca.sk\/web\/kontakt-epoca-moldava\/"]}]},{"@type":"BreadcrumbList","@id":"https:\/\/epoca.sk\/web\/kontakt-epoca-moldava\/#breadcrumb","itemListElement":[{"@type":"ListItem","position":1,"name":"Home","item":"https:\/\/epoca.sk\/web\/"},{"@type":"ListItem","position":2,"name":"Kontakt"}]},{"@type":"WebSite","@id":"https:\/\/epoca.sk\/web\/#website","url":"https:\/\/epoca.sk\/web\/","name":"EPOCA","description":"REKLAMN\u00c9 SLU\u017dBY a VYDAVATE\u013dSTVO","publisher":{"@id":"https:\/\/epoca.sk\/web\/#organization"},"potentialAction":[{"@type":"SearchAction","target":{"@type":"EntryPoint","urlTemplate":"https:\/\/epoca.sk\/web\/?s={search_term_string}"},"query-input":{"@type":"PropertyValueSpecification","valueRequired":true,"valueName":"search_term_string"}}],"inLanguage":"sk-SK"},{"@type":"Organization","@id":"https:\/\/epoca.sk\/web\/#organization","name":"EPOCA","url":"https:\/\/epoca.sk\/web\/","logo":{"@type":"ImageObject","inLanguage":"sk-SK","@id":"https:\/\/epoca.sk\/web\/#\/schema\/logo\/image\/","url":"https:\/\/epoca.sk\/web\/wp-content\/uploads\/2017\/03\/EPOCA_logo_WEB.png","contentUrl":"https:\/\/epoca.sk\/web\/wp-content\/uploads\/2017\/03\/EPOCA_logo_WEB.png","width":952,"height":305,"caption":"EPOCA"},"image":{"@id":"https:\/\/epoca.sk\/web\/#\/schema\/logo\/image\/"},"sameAs":["https:\/\/www.facebook.com\/Reklamn\u00e1-agent\u00fara-EPOCA-1830406840541577","https:\/\/www.instagram.com\/_u\/epocavydavatelstvo"]}]}},"spectra_custom_meta":{"_edit_last":["1"],"_edit_lock":["1694976760:1"],"_wp_page_template":["default"],"eael_transient_elements":["a:0:{}"],"_elementor_template_type":["wp-page"],"_elementor_version":["2.8.5"],"_elementor_data":["[{\"id\":\"6e72309\",\"elType\":\"section\",\"settings\":[],\"elements\":[{\"id\":\"55baaedb\",\"elType\":\"column\",\"settings\":{\"_column_size\":100},\"elements\":[{\"id\":\"731f2855\",\"elType\":\"widget\",\"settings\":{\"editor\":\"<p style=\\\"text-align: center;\\\">\\u00a0<\\\/p><p style=\\\"text-align: center;\\\">\\u00a0<strong>Ing. Juraj Ga\\u0161par<\\\/strong>\\u00a0<br \\\/>konatel<br \\\/>+421 905 537 846, gaspar@epoca.sk<\\\/p><p style=\\\"text-align: center;\\\">\\u00a0<strong>Peter Ka\\u010do<br \\\/><\\\/strong>Managing Editor pre Ko\\u0161ice City Guide<br \\\/>+421 949 528 117, peterkaco@epoca.sk<\\\/p><p style=\\\"text-align: center;\\\"><strong>Mari\\u00e1n Hun\\u010d\\u00edk<br \\\/><\\\/strong>Account manager pre Ko\\u0161ice City Guide<br \\\/>+421 907 933 306, huncik@epoca.sk<\\\/p><p style=\\\"text-align: center;\\\"><strong>Vladim\\u00edr Kmec<\\\/strong><br \\\/>Grafik<br \\\/>kmec@epoca.sk<\\\/p><p style=\\\"text-align: center;\\\"><strong>Bartolomej Cis\\u00e1r<br \\\/><\\\/strong>Fotograf<strong><br \\\/><\\\/strong><\\\/p><p style=\\\"text-align: center;\\\">V\\u0161eobecn\\u00fd email: info@epoca.sk<\\\/p><p style=\\\"text-align: center;\\\"><strong>EPOCA, s.r.o.<br \\\/><\\\/strong>Hviezdoslavova 13, Moldava nad Bodvou<br \\\/>S\\u00eddlo: Moyzesova 48, 040 01 Ko\\u0161ice<\\\/p><hr \\\/><p style=\\\"text-align: center;\\\">I\\u010cO: 46 762 477, I\\u010c DPH: SK2023587247<br \\\/>Zap\\u00edsan\\u00e1 v OR Okr. s\\u00fadu Ko\\u0161ice I. pod \\u010d.: 30445\\\/V<\\\/p>\"},\"elements\":[],\"widgetType\":\"text-editor\"}],\"isInner\":false}],\"isInner\":false}]"],"_yoast_wpseo_content_score":["90"],"_elementor_controls_usage":["a:3:{s:11:\"text-editor\";a:3:{s:5:\"count\";i:1;s:15:\"control_percent\";i:0;s:8:\"controls\";a:1:{s:7:\"content\";a:1:{s:14:\"section_editor\";a:1:{s:6:\"editor\";i:1;}}}}s:6:\"column\";a:3:{s:5:\"count\";i:1;s:15:\"control_percent\";i:0;s:8:\"controls\";a:0:{}}s:7:\"section\";a:3:{s:5:\"count\";i:1;s:15:\"control_percent\";i:0;s:8:\"controls\";a:0:{}}}"],"_yoast_wpseo_estimated-reading-time-minutes":["1"],"_last_editor_used_jetpack":["block-editor"],"_yoast_wpseo_title":["%%title%% %%page%% %%sep%% %%sitename%% - Kontaktn\u00e9 \u00fadaje"],"_yoast_wpseo_metadesc":["Kontaktn\u00e9 \u00fadaje na EPOCA - reklamn\u00e9 slu\u017eby a vydavate\u013estvo"],"_eb_reusable_block_ids":["a:0:{}"],"_cmplz_scanned_post":["1"],"cmplz_hide_cookiebanner":[""],"_uag_css_file_name":["uag-css-58.css"],"_uagb_previous_block_counts":["a:90:{s:21:\"uagb\/advanced-heading\";i:0;s:15:\"uagb\/blockquote\";i:0;s:12:\"uagb\/buttons\";i:0;s:18:\"uagb\/buttons-child\";i:0;s:19:\"uagb\/call-to-action\";i:0;s:15:\"uagb\/cf7-styler\";i:0;s:11:\"uagb\/column\";i:0;s:12:\"uagb\/columns\";i:0;s:14:\"uagb\/container\";i:0;s:21:\"uagb\/content-timeline\";i:0;s:27:\"uagb\/content-timeline-child\";i:0;s:14:\"uagb\/countdown\";i:0;s:12:\"uagb\/counter\";i:0;s:8:\"uagb\/faq\";i:0;s:14:\"uagb\/faq-child\";i:0;s:10:\"uagb\/forms\";i:0;s:17:\"uagb\/forms-accept\";i:0;s:19:\"uagb\/forms-checkbox\";i:0;s:15:\"uagb\/forms-date\";i:0;s:16:\"uagb\/forms-email\";i:0;s:17:\"uagb\/forms-hidden\";i:0;s:15:\"uagb\/forms-name\";i:0;s:16:\"uagb\/forms-phone\";i:0;s:16:\"uagb\/forms-radio\";i:0;s:17:\"uagb\/forms-select\";i:0;s:19:\"uagb\/forms-textarea\";i:0;s:17:\"uagb\/forms-toggle\";i:0;s:14:\"uagb\/forms-url\";i:0;s:14:\"uagb\/gf-styler\";i:0;s:15:\"uagb\/google-map\";i:0;s:11:\"uagb\/how-to\";i:0;s:16:\"uagb\/how-to-step\";i:0;s:9:\"uagb\/icon\";i:0;s:14:\"uagb\/icon-list\";i:0;s:20:\"uagb\/icon-list-child\";i:0;s:10:\"uagb\/image\";i:0;s:18:\"uagb\/image-gallery\";i:0;s:13:\"uagb\/info-box\";i:0;s:18:\"uagb\/inline-notice\";i:0;s:11:\"uagb\/lottie\";i:0;s:21:\"uagb\/marketing-button\";i:0;s:10:\"uagb\/modal\";i:0;s:18:\"uagb\/popup-builder\";i:0;s:16:\"uagb\/post-button\";i:0;s:18:\"uagb\/post-carousel\";i:0;s:17:\"uagb\/post-excerpt\";i:0;s:14:\"uagb\/post-grid\";i:0;s:15:\"uagb\/post-image\";i:0;s:17:\"uagb\/post-masonry\";i:0;s:14:\"uagb\/post-meta\";i:0;s:18:\"uagb\/post-taxonomy\";i:0;s:18:\"uagb\/post-timeline\";i:0;s:15:\"uagb\/post-title\";i:0;s:20:\"uagb\/restaurant-menu\";i:0;s:26:\"uagb\/restaurant-menu-child\";i:0;s:11:\"uagb\/review\";i:0;s:12:\"uagb\/section\";i:0;s:14:\"uagb\/separator\";i:0;s:11:\"uagb\/slider\";i:0;s:17:\"uagb\/slider-child\";i:0;s:17:\"uagb\/social-share\";i:0;s:23:\"uagb\/social-share-child\";i:0;s:16:\"uagb\/star-rating\";i:0;s:23:\"uagb\/sure-cart-checkout\";i:0;s:22:\"uagb\/sure-cart-product\";i:0;s:15:\"uagb\/sure-forms\";i:0;s:22:\"uagb\/table-of-contents\";i:0;s:9:\"uagb\/tabs\";i:0;s:15:\"uagb\/tabs-child\";i:0;s:18:\"uagb\/taxonomy-list\";i:0;s:9:\"uagb\/team\";i:0;s:16:\"uagb\/testimonial\";i:0;s:14:\"uagb\/wp-search\";i:0;s:19:\"uagb\/instagram-feed\";i:0;s:10:\"uagb\/login\";i:0;s:17:\"uagb\/loop-builder\";i:0;s:18:\"uagb\/loop-category\";i:0;s:20:\"uagb\/loop-pagination\";i:0;s:15:\"uagb\/loop-reset\";i:0;s:16:\"uagb\/loop-search\";i:0;s:14:\"uagb\/loop-sort\";i:0;s:17:\"uagb\/loop-wrapper\";i:0;s:13:\"uagb\/register\";i:0;s:19:\"uagb\/register-email\";i:0;s:24:\"uagb\/register-first-name\";i:0;s:23:\"uagb\/register-last-name\";i:0;s:22:\"uagb\/register-password\";i:0;s:30:\"uagb\/register-reenter-password\";i:0;s:19:\"uagb\/register-terms\";i:0;s:22:\"uagb\/register-username\";i:0;}"],"_uag_page_assets":["a:9:{s:3:\"css\";s:260:\".uag-blocks-common-selector{z-index:var(--z-index-desktop) !important}@media(max-width: 976px){.uag-blocks-common-selector{z-index:var(--z-index-tablet) !important}}@media(max-width: 767px){.uag-blocks-common-selector{z-index:var(--z-index-mobile) !important}}\";s:2:\"js\";s:0:\"\";s:18:\"current_block_list\";a:11:{i:0;s:38:\"contact-form-ready\/cfr-gutenberg-block\";i:1;s:12:\"core\/buttons\";i:2;s:11:\"core\/button\";i:3;s:10:\"core\/image\";i:4;s:15:\"core\/media-text\";i:5;s:14:\"core\/paragraph\";i:6;s:12:\"core\/columns\";i:7;s:11:\"core\/column\";i:8;s:12:\"core\/heading\";i:9;s:30:\"woocommerce\/product-categories\";i:10;s:17:\"core\/latest-posts\";}s:8:\"uag_flag\";b:0;s:11:\"uag_version\";s:10:\"1776852022\";s:6:\"gfonts\";a:0:{}s:10:\"gfonts_url\";s:0:\"\";s:12:\"gfonts_files\";a:0:{}s:14:\"uag_faq_layout\";b:0;}"]},"uagb_featured_image_src":{"full":false,"thumbnail":false,"medium":false,"medium_large":false,"large":false,"1536x1536":false,"2048x2048":false,"woocommerce_thumbnail":false,"woocommerce_single":false,"woocommerce_gallery_thumbnail":false},"uagb_author_info":{"display_name":"Juraj","author_link":"https:\/\/epoca.sk\/web\/author\/jurajgaspar\/"},"uagb_comment_info":0,"uagb_excerpt":"EPOCA, s.r.o. S\u00eddlo: Moyzesova 48, 040 01 Ko\u0161iceI\u010cO: 46 762 477, I\u010c DPH: SK2023587247Zap\u00edsan\u00e1 v OR Okr. s\u00fadu Ko\u0161ice I. pod \u010d.: 30445\/V Predaj inzercie pre Ko\u0161ice City Guide:Judy &gt;&gt; +421 911 051 723Mari\u00e1n &gt;&gt; +421 907 933 306Juraj &gt;&gt; +421 905 537 846 info@epoca.skeShop &gt;&gt; +421 905 537 846","jetpack_sharing_enabled":true,"_links":{"self":[{"href":"https:\/\/epoca.sk\/web\/wp-json\/wp\/v2\/pages\/58","targetHints":{"allow":["GET"]}}],"collection":[{"href":"https:\/\/epoca.sk\/web\/wp-json\/wp\/v2\/pages"}],"about":[{"href":"https:\/\/epoca.sk\/web\/wp-json\/wp\/v2\/types\/page"}],"author":[{"embeddable":true,"href":"https:\/\/epoca.sk\/web\/wp-json\/wp\/v2\/users\/1"}],"replies":[{"embeddable":true,"href":"https:\/\/epoca.sk\/web\/wp-json\/wp\/v2\/comments?post=58"}],"version-history":[{"count":0,"href":"https:\/\/epoca.sk\/web\/wp-json\/wp\/v2\/pages\/58\/revisions"}],"wp:attachment":[{"href":"https:\/\/epoca.sk\/web\/wp-json\/wp\/v2\/media?parent=58"}],"curies":[{"name":"wp","href":"https:\/\/api.w.org\/{rel}","templated":true}]}}