{"id":918,"date":"2021-05-04T11:28:31","date_gmt":"2021-05-04T09:28:31","guid":{"rendered":"https:\/\/epoca.sk\/web\/obchod\/"},"modified":"2021-12-06T21:46:11","modified_gmt":"2021-12-06T20:46:11","slug":"shop-epoca","status":"publish","type":"page","link":"https:\/\/epoca.sk\/web\/shop-epoca\/","title":{"rendered":"Obchod"},"content":{"rendered":"","protected":false},"excerpt":{"rendered":"","protected":false},"author":1,"featured_media":0,"parent":0,"menu_order":0,"comment_status":"closed","ping_status":"closed","template":"elementor_theme","meta":{"_uag_custom_page_level_css":"","site-sidebar-layout":"default","site-content-layout":"","ast-site-content-layout":"default","site-content-style":"default","site-sidebar-style":"default","ast-global-header-display":"","ast-banner-title-visibility":"","ast-main-header-display":"","ast-hfb-above-header-display":"","ast-hfb-below-header-display":"","ast-hfb-mobile-header-display":"","site-post-title":"","ast-breadcrumbs-content":"","ast-featured-img":"","footer-sml-layout":"","ast-disable-related-posts":"","theme-transparent-header-meta":"","adv-header-id-meta":"","stick-header-meta":"","header-above-stick-meta":"","header-main-stick-meta":"","header-below-stick-meta":"","astra-migrate-meta-layouts":"default","ast-page-background-enabled":"default","ast-page-background-meta":{"desktop":{"background-color":"var(--ast-global-color-4)","background-image":"","background-repeat":"repeat","background-position":"center center","background-size":"auto","background-attachment":"scroll","background-type":"","background-media":"","overlay-type":"","overlay-color":"","overlay-opacity":"","overlay-gradient":""},"tablet":{"background-color":"","background-image":"","background-repeat":"repeat","background-position":"center center","background-size":"auto","background-attachment":"scroll","background-type":"","background-media":"","overlay-type":"","overlay-color":"","overlay-opacity":"","overlay-gradient":""},"mobile":{"background-color":"","background-image":"","background-repeat":"repeat","background-position":"center center","background-size":"auto","background-attachment":"scroll","background-type":"","background-media":"","overlay-type":"","overlay-color":"","overlay-opacity":"","overlay-gradient":""}},"ast-content-background-meta":{"desktop":{"background-color":"var(--ast-global-color-5)","background-image":"","background-repeat":"repeat","background-position":"center center","background-size":"auto","background-attachment":"scroll","background-type":"","background-media":"","overlay-type":"","overlay-color":"","overlay-opacity":"","overlay-gradient":""},"tablet":{"background-color":"var(--ast-global-color-5)","background-image":"","background-repeat":"repeat","background-position":"center center","background-size":"auto","background-attachment":"scroll","background-type":"","background-media":"","overlay-type":"","overlay-color":"","overlay-opacity":"","overlay-gradient":""},"mobile":{"background-color":"var(--ast-global-color-5)","background-image":"","background-repeat":"repeat","background-position":"center center","background-size":"auto","background-attachment":"scroll","background-type":"","background-media":"","overlay-type":"","overlay-color":"","overlay-opacity":"","overlay-gradient":""}},"footnotes":""},"class_list":["post-918","page","type-page","status-publish","hentry"],"yoast_head":"<!-- This site is optimized with the Yoast SEO plugin v27.4 - https:\/\/yoast.com\/product\/yoast-seo-wordpress\/ -->\n<title>Obchod &#187; EPOCA, s.r.o.<\/title>\n<meta name=\"description\" content=\"Produkty na podporu centovn\u00e9ho ruchu \u00fazemia Slovensk\u00fd kras - mapy, kalend\u00e1re, \u017dombojko - sprievodca Slovensk\u00fdm krasom pre deti aj dospel\u00fdch\" \/>\n<meta name=\"robots\" content=\"index, follow, max-snippet:-1, max-image-preview:large, max-video-preview:-1\" \/>\n<link rel=\"canonical\" href=\"https:\/\/epoca.sk\/web\/shop-epoca\/\" \/>\n<meta property=\"og:locale\" content=\"sk_SK\" \/>\n<meta property=\"og:type\" content=\"article\" \/>\n<meta property=\"og:title\" content=\"Obchod &#187; EPOCA, s.r.o.\" \/>\n<meta property=\"og:description\" content=\"Produkty na podporu centovn\u00e9ho ruchu \u00fazemia Slovensk\u00fd kras - mapy, kalend\u00e1re, \u017dombojko - sprievodca Slovensk\u00fdm krasom pre deti aj dospel\u00fdch\" \/>\n<meta property=\"og:url\" content=\"https:\/\/epoca.sk\/web\/shop-epoca\/\" \/>\n<meta property=\"og:site_name\" content=\"EPOCA, s.r.o.\" \/>\n<meta property=\"article:publisher\" content=\"https:\/\/www.facebook.com\/Reklamn%c3%a1-agent%c3%bara-EPOCA-1830406840541577\" \/>\n<meta property=\"article:modified_time\" content=\"2021-12-06T20:46:11+00:00\" \/>\n<meta name=\"twitter:card\" content=\"summary_large_image\" \/>\n<script type=\"application\/ld+json\" class=\"yoast-schema-graph\">{\"@context\":\"https:\\\/\\\/schema.org\",\"@graph\":[{\"@type\":\"WebPage\",\"@id\":\"https:\\\/\\\/epoca.sk\\\/web\\\/shop-epoca\\\/\",\"url\":\"https:\\\/\\\/epoca.sk\\\/web\\\/shop-epoca\\\/\",\"name\":\"Obchod &#187; EPOCA, s.r.o.\",\"isPartOf\":{\"@id\":\"https:\\\/\\\/epoca.sk\\\/web\\\/#website\"},\"datePublished\":\"2021-05-04T09:28:31+00:00\",\"dateModified\":\"2021-12-06T20:46:11+00:00\",\"description\":\"Produkty na podporu centovn\u00e9ho ruchu \u00fazemia Slovensk\u00fd kras - mapy, kalend\u00e1re, \u017dombojko - sprievodca Slovensk\u00fdm krasom pre deti aj dospel\u00fdch\",\"breadcrumb\":{\"@id\":\"https:\\\/\\\/epoca.sk\\\/web\\\/shop-epoca\\\/#breadcrumb\"},\"inLanguage\":\"sk-SK\",\"potentialAction\":[{\"@type\":\"ReadAction\",\"target\":[\"https:\\\/\\\/epoca.sk\\\/web\\\/shop-epoca\\\/\"]}]},{\"@type\":\"BreadcrumbList\",\"@id\":\"https:\\\/\\\/epoca.sk\\\/web\\\/shop-epoca\\\/#breadcrumb\",\"itemListElement\":[{\"@type\":\"ListItem\",\"position\":1,\"name\":\"Home\",\"item\":\"https:\\\/\\\/epoca.sk\\\/web\\\/\"},{\"@type\":\"ListItem\",\"position\":2,\"name\":\"Obchod\"}]},{\"@type\":\"WebSite\",\"@id\":\"https:\\\/\\\/epoca.sk\\\/web\\\/#website\",\"url\":\"https:\\\/\\\/epoca.sk\\\/web\\\/\",\"name\":\"EPOCA\",\"description\":\"REKLAMN\u00c9 SLU\u017dBY a VYDAVATE\u013dSTVO\",\"publisher\":{\"@id\":\"https:\\\/\\\/epoca.sk\\\/web\\\/#organization\"},\"potentialAction\":[{\"@type\":\"SearchAction\",\"target\":{\"@type\":\"EntryPoint\",\"urlTemplate\":\"https:\\\/\\\/epoca.sk\\\/web\\\/?s={search_term_string}\"},\"query-input\":{\"@type\":\"PropertyValueSpecification\",\"valueRequired\":true,\"valueName\":\"search_term_string\"}}],\"inLanguage\":\"sk-SK\"},{\"@type\":\"Organization\",\"@id\":\"https:\\\/\\\/epoca.sk\\\/web\\\/#organization\",\"name\":\"EPOCA\",\"url\":\"https:\\\/\\\/epoca.sk\\\/web\\\/\",\"logo\":{\"@type\":\"ImageObject\",\"inLanguage\":\"sk-SK\",\"@id\":\"https:\\\/\\\/epoca.sk\\\/web\\\/#\\\/schema\\\/logo\\\/image\\\/\",\"url\":\"https:\\\/\\\/epoca.sk\\\/web\\\/wp-content\\\/uploads\\\/2017\\\/03\\\/EPOCA_logo_WEB.png\",\"contentUrl\":\"https:\\\/\\\/epoca.sk\\\/web\\\/wp-content\\\/uploads\\\/2017\\\/03\\\/EPOCA_logo_WEB.png\",\"width\":952,\"height\":305,\"caption\":\"EPOCA\"},\"image\":{\"@id\":\"https:\\\/\\\/epoca.sk\\\/web\\\/#\\\/schema\\\/logo\\\/image\\\/\"},\"sameAs\":[\"https:\\\/\\\/www.facebook.com\\\/Reklamn\u00e1-agent\u00fara-EPOCA-1830406840541577\",\"https:\\\/\\\/www.instagram.com\\\/_u\\\/epocavydavatelstvo\"]}]}<\/script>\n<!-- \/ Yoast SEO plugin. -->","yoast_head_json":{"title":"Obchod &#187; EPOCA, s.r.o.","description":"Produkty na podporu centovn\u00e9ho ruchu \u00fazemia Slovensk\u00fd kras - mapy, kalend\u00e1re, \u017dombojko - sprievodca Slovensk\u00fdm krasom pre deti aj dospel\u00fdch","robots":{"index":"index","follow":"follow","max-snippet":"max-snippet:-1","max-image-preview":"max-image-preview:large","max-video-preview":"max-video-preview:-1"},"canonical":"https:\/\/epoca.sk\/web\/shop-epoca\/","og_locale":"sk_SK","og_type":"article","og_title":"Obchod &#187; EPOCA, s.r.o.","og_description":"Produkty na podporu centovn\u00e9ho ruchu \u00fazemia Slovensk\u00fd kras - mapy, kalend\u00e1re, \u017dombojko - sprievodca Slovensk\u00fdm krasom pre deti aj dospel\u00fdch","og_url":"https:\/\/epoca.sk\/web\/shop-epoca\/","og_site_name":"EPOCA, s.r.o.","article_publisher":"https:\/\/www.facebook.com\/Reklamn%c3%a1-agent%c3%bara-EPOCA-1830406840541577","article_modified_time":"2021-12-06T20:46:11+00:00","twitter_card":"summary_large_image","schema":{"@context":"https:\/\/schema.org","@graph":[{"@type":"WebPage","@id":"https:\/\/epoca.sk\/web\/shop-epoca\/","url":"https:\/\/epoca.sk\/web\/shop-epoca\/","name":"Obchod &#187; EPOCA, s.r.o.","isPartOf":{"@id":"https:\/\/epoca.sk\/web\/#website"},"datePublished":"2021-05-04T09:28:31+00:00","dateModified":"2021-12-06T20:46:11+00:00","description":"Produkty na podporu centovn\u00e9ho ruchu \u00fazemia Slovensk\u00fd kras - mapy, kalend\u00e1re, \u017dombojko - sprievodca Slovensk\u00fdm krasom pre deti aj dospel\u00fdch","breadcrumb":{"@id":"https:\/\/epoca.sk\/web\/shop-epoca\/#breadcrumb"},"inLanguage":"sk-SK","potentialAction":[{"@type":"ReadAction","target":["https:\/\/epoca.sk\/web\/shop-epoca\/"]}]},{"@type":"BreadcrumbList","@id":"https:\/\/epoca.sk\/web\/shop-epoca\/#breadcrumb","itemListElement":[{"@type":"ListItem","position":1,"name":"Home","item":"https:\/\/epoca.sk\/web\/"},{"@type":"ListItem","position":2,"name":"Obchod"}]},{"@type":"WebSite","@id":"https:\/\/epoca.sk\/web\/#website","url":"https:\/\/epoca.sk\/web\/","name":"EPOCA","description":"REKLAMN\u00c9 SLU\u017dBY a VYDAVATE\u013dSTVO","publisher":{"@id":"https:\/\/epoca.sk\/web\/#organization"},"potentialAction":[{"@type":"SearchAction","target":{"@type":"EntryPoint","urlTemplate":"https:\/\/epoca.sk\/web\/?s={search_term_string}"},"query-input":{"@type":"PropertyValueSpecification","valueRequired":true,"valueName":"search_term_string"}}],"inLanguage":"sk-SK"},{"@type":"Organization","@id":"https:\/\/epoca.sk\/web\/#organization","name":"EPOCA","url":"https:\/\/epoca.sk\/web\/","logo":{"@type":"ImageObject","inLanguage":"sk-SK","@id":"https:\/\/epoca.sk\/web\/#\/schema\/logo\/image\/","url":"https:\/\/epoca.sk\/web\/wp-content\/uploads\/2017\/03\/EPOCA_logo_WEB.png","contentUrl":"https:\/\/epoca.sk\/web\/wp-content\/uploads\/2017\/03\/EPOCA_logo_WEB.png","width":952,"height":305,"caption":"EPOCA"},"image":{"@id":"https:\/\/epoca.sk\/web\/#\/schema\/logo\/image\/"},"sameAs":["https:\/\/www.facebook.com\/Reklamn\u00e1-agent\u00fara-EPOCA-1830406840541577","https:\/\/www.instagram.com\/_u\/epocavydavatelstvo"]}]}},"spectra_custom_meta":{"_edit_lock":["1641051774:1"],"_last_editor_used_jetpack":["block-editor"],"_wp_page_template":["elementor_theme"],"_edit_last":["1"],"_yoast_wpseo_estimated-reading-time-minutes":[""],"_yoast_wpseo_metadesc":["Produkty na podporu centovn\u00e9ho ruchu \u00fazemia Slovensk\u00fd kras - mapy, kalend\u00e1re, \u017dombojko - sprievodca Slovensk\u00fdm krasom pre deti aj dospel\u00fdch"],"_yoast_wpseo_focuskw":["produkty pre turistov"],"_yoast_wpseo_linkdex":["33"],"_cmplz_scanned_post":["1"],"_uag_css_file_name":["uag-css-918.css"],"_uag_page_assets":["a:9:{s:3:\"css\";s:260:\".uag-blocks-common-selector{z-index:var(--z-index-desktop) !important}@media(max-width: 976px){.uag-blocks-common-selector{z-index:var(--z-index-tablet) !important}}@media(max-width: 767px){.uag-blocks-common-selector{z-index:var(--z-index-mobile) !important}}\";s:2:\"js\";s:0:\"\";s:18:\"current_block_list\";a:10:{i:0;s:12:\"core\/buttons\";i:1;s:11:\"core\/button\";i:2;s:10:\"core\/image\";i:3;s:15:\"core\/media-text\";i:4;s:14:\"core\/paragraph\";i:5;s:12:\"core\/columns\";i:6;s:11:\"core\/column\";i:7;s:12:\"core\/heading\";i:8;s:30:\"woocommerce\/product-categories\";i:9;s:17:\"core\/latest-posts\";}s:8:\"uag_flag\";b:0;s:11:\"uag_version\";s:10:\"1776852022\";s:6:\"gfonts\";a:0:{}s:10:\"gfonts_url\";s:0:\"\";s:12:\"gfonts_files\";a:0:{}s:14:\"uag_faq_layout\";b:0;}"]},"uagb_featured_image_src":{"full":false,"thumbnail":false,"medium":false,"medium_large":false,"large":false,"1536x1536":false,"2048x2048":false,"woocommerce_thumbnail":false,"woocommerce_single":false,"woocommerce_gallery_thumbnail":false},"uagb_author_info":{"display_name":"Juraj","author_link":"https:\/\/epoca.sk\/web\/author\/jurajgaspar\/"},"uagb_comment_info":0,"uagb_excerpt":null,"jetpack_sharing_enabled":true,"_links":{"self":[{"href":"https:\/\/epoca.sk\/web\/wp-json\/wp\/v2\/pages\/918","targetHints":{"allow":["GET"]}}],"collection":[{"href":"https:\/\/epoca.sk\/web\/wp-json\/wp\/v2\/pages"}],"about":[{"href":"https:\/\/epoca.sk\/web\/wp-json\/wp\/v2\/types\/page"}],"author":[{"embeddable":true,"href":"https:\/\/epoca.sk\/web\/wp-json\/wp\/v2\/users\/1"}],"replies":[{"embeddable":true,"href":"https:\/\/epoca.sk\/web\/wp-json\/wp\/v2\/comments?post=918"}],"version-history":[{"count":0,"href":"https:\/\/epoca.sk\/web\/wp-json\/wp\/v2\/pages\/918\/revisions"}],"wp:attachment":[{"href":"https:\/\/epoca.sk\/web\/wp-json\/wp\/v2\/media?parent=918"}],"curies":[{"name":"wp","href":"https:\/\/api.w.org\/{rel}","templated":true}]}}