{"id":1185,"date":"2021-07-22T23:00:02","date_gmt":"2021-07-22T21:00:02","guid":{"rendered":"https:\/\/epoca.sk\/web\/?post_type=product&#038;p=1185"},"modified":"2021-08-06T09:44:52","modified_gmt":"2021-08-06T07:44:52","slug":"tricko-turniansky-hrad-od-zombojka","status":"publish","type":"product","link":"https:\/\/epoca.sk\/web\/produkt\/tricko-turniansky-hrad-od-zombojka\/","title":{"rendered":"tri\u010dko Turniansky hrad od \u017dombojka"},"content":{"rendered":"<p>Vyr\u00e1bame tri\u010dk\u00e1 s na\u017eehlovacou technol\u00f3giou frex\/flock.<\/p>\n<p>Kvalitn\u00e9 bavlnen\u00e9 text\u00edlie.<\/p>\n<p>Vzor pod\u013ea priania.<\/p>\n<p>Farba vzoru volite\u013en\u00e1 pod\u013ea vzorkovn\u00edka.<\/p>\n<p>Pre viac inform\u00e1ci\u00ed volajte 0905 537 846<\/p>\n","protected":false},"excerpt":{"rendered":"<p>Bu\u010fte origin\u00e1lny a nechajte si vyrobi\u0165 tri\u010dko pod\u013ea svojej predstavy.<\/p>\n","protected":false},"featured_media":1186,"comment_status":"closed","ping_status":"closed","template":"","meta":{"_uag_custom_page_level_css":"","site-sidebar-layout":"default","site-content-layout":"","ast-site-content-layout":"default","site-content-style":"default","site-sidebar-style":"default","ast-global-header-display":"","ast-banner-title-visibility":"","ast-main-header-display":"","ast-hfb-above-header-display":"","ast-hfb-below-header-display":"","ast-hfb-mobile-header-display":"","site-post-title":"","ast-breadcrumbs-content":"","ast-featured-img":"","footer-sml-layout":"","ast-disable-related-posts":"","theme-transparent-header-meta":"","adv-header-id-meta":"","stick-header-meta":"","header-above-stick-meta":"","header-main-stick-meta":"","header-below-stick-meta":"","astra-migrate-meta-layouts":"default","ast-page-background-enabled":"default","ast-page-background-meta":{"desktop":{"background-color":"var(--ast-global-color-4)","background-image":"","background-repeat":"repeat","background-position":"center center","background-size":"auto","background-attachment":"scroll","background-type":"","background-media":"","overlay-type":"","overlay-color":"","overlay-opacity":"","overlay-gradient":""},"tablet":{"background-color":"","background-image":"","background-repeat":"repeat","background-position":"center center","background-size":"auto","background-attachment":"scroll","background-type":"","background-media":"","overlay-type":"","overlay-color":"","overlay-opacity":"","overlay-gradient":""},"mobile":{"background-color":"","background-image":"","background-repeat":"repeat","background-position":"center center","background-size":"auto","background-attachment":"scroll","background-type":"","background-media":"","overlay-type":"","overlay-color":"","overlay-opacity":"","overlay-gradient":""}},"ast-content-background-meta":{"desktop":{"background-color":"var(--ast-global-color-5)","background-image":"","background-repeat":"repeat","background-position":"center center","background-size":"auto","background-attachment":"scroll","background-type":"","background-media":"","overlay-type":"","overlay-color":"","overlay-opacity":"","overlay-gradient":""},"tablet":{"background-color":"var(--ast-global-color-5)","background-image":"","background-repeat":"repeat","background-position":"center center","background-size":"auto","background-attachment":"scroll","background-type":"","background-media":"","overlay-type":"","overlay-color":"","overlay-opacity":"","overlay-gradient":""},"mobile":{"background-color":"var(--ast-global-color-5)","background-image":"","background-repeat":"repeat","background-position":"center center","background-size":"auto","background-attachment":"scroll","background-type":"","background-media":"","overlay-type":"","overlay-color":"","overlay-opacity":"","overlay-gradient":""}}},"product_brand":[],"product_cat":[20],"product_tag":[51],"class_list":{"0":"post-1185","1":"product","2":"type-product","3":"status-publish","4":"has-post-thumbnail","6":"product_cat-ostatne","7":"product_tag-tricka","8":"product_shipping_class-balik-do-5-kg","9":"desktop-align-left","10":"tablet-align-left","11":"mobile-align-left","13":"first","14":"onbackorder","15":"sale","16":"taxable","17":"shipping-taxable","18":"purchasable","19":"product-type-simple"},"yoast_head":"<!-- This site is optimized with the Yoast SEO plugin v27.4 - https:\/\/yoast.com\/product\/yoast-seo-wordpress\/ -->\n<title>tri\u010dko Turniansky hrad od \u017dombojka &#187; EPOCA, s.r.o.<\/title>\n<meta name=\"robots\" content=\"index, follow, max-snippet:-1, max-image-preview:large, max-video-preview:-1\" \/>\n<link rel=\"canonical\" href=\"https:\/\/epoca.sk\/web\/produkt\/tricko-turniansky-hrad-od-zombojka\/\" \/>\n<meta property=\"og:locale\" content=\"sk_SK\" \/>\n<meta property=\"og:type\" content=\"article\" \/>\n<meta property=\"og:title\" content=\"tri\u010dko Turniansky hrad od \u017dombojka &#187; EPOCA, s.r.o.\" \/>\n<meta property=\"og:description\" content=\"Bu\u010fte origin\u00e1lny a nechajte si vyrobi\u0165 tri\u010dko pod\u013ea svojej predstavy.\" \/>\n<meta property=\"og:url\" content=\"https:\/\/epoca.sk\/web\/produkt\/tricko-turniansky-hrad-od-zombojka\/\" \/>\n<meta property=\"og:site_name\" content=\"EPOCA, s.r.o.\" \/>\n<meta property=\"article:publisher\" content=\"https:\/\/www.facebook.com\/Reklamn%c3%a1-agent%c3%bara-EPOCA-1830406840541577\" \/>\n<meta property=\"article:modified_time\" content=\"2021-08-06T07:44:52+00:00\" \/>\n<meta property=\"og:image\" content=\"https:\/\/epoca.sk\/web\/wp-content\/uploads\/2021\/07\/IMG_7574.jpg\" \/>\n\t<meta property=\"og:image:width\" content=\"1980\" \/>\n\t<meta property=\"og:image:height\" content=\"1485\" \/>\n\t<meta property=\"og:image:type\" content=\"image\/jpeg\" \/>\n<meta name=\"twitter:card\" content=\"summary_large_image\" \/>\n<meta name=\"twitter:label1\" content=\"Predpokladan\u00fd \u010das \u010d\u00edtania\" \/>\n\t<meta name=\"twitter:data1\" content=\"1 min\u00fata\" \/>\n<script type=\"application\/ld+json\" class=\"yoast-schema-graph\">{\"@context\":\"https:\\\/\\\/schema.org\",\"@graph\":[{\"@type\":\"WebPage\",\"@id\":\"https:\\\/\\\/epoca.sk\\\/web\\\/produkt\\\/tricko-turniansky-hrad-od-zombojka\\\/\",\"url\":\"https:\\\/\\\/epoca.sk\\\/web\\\/produkt\\\/tricko-turniansky-hrad-od-zombojka\\\/\",\"name\":\"tri\u010dko Turniansky hrad od \u017dombojka &#187; EPOCA, s.r.o.\",\"isPartOf\":{\"@id\":\"https:\\\/\\\/epoca.sk\\\/web\\\/#website\"},\"primaryImageOfPage\":{\"@id\":\"https:\\\/\\\/epoca.sk\\\/web\\\/produkt\\\/tricko-turniansky-hrad-od-zombojka\\\/#primaryimage\"},\"image\":{\"@id\":\"https:\\\/\\\/epoca.sk\\\/web\\\/produkt\\\/tricko-turniansky-hrad-od-zombojka\\\/#primaryimage\"},\"thumbnailUrl\":\"https:\\\/\\\/epoca.sk\\\/web\\\/wp-content\\\/uploads\\\/2021\\\/07\\\/IMG_7574.jpg\",\"datePublished\":\"2021-07-22T21:00:02+00:00\",\"dateModified\":\"2021-08-06T07:44:52+00:00\",\"breadcrumb\":{\"@id\":\"https:\\\/\\\/epoca.sk\\\/web\\\/produkt\\\/tricko-turniansky-hrad-od-zombojka\\\/#breadcrumb\"},\"inLanguage\":\"sk-SK\",\"potentialAction\":[{\"@type\":\"ReadAction\",\"target\":[\"https:\\\/\\\/epoca.sk\\\/web\\\/produkt\\\/tricko-turniansky-hrad-od-zombojka\\\/\"]}]},{\"@type\":\"ImageObject\",\"inLanguage\":\"sk-SK\",\"@id\":\"https:\\\/\\\/epoca.sk\\\/web\\\/produkt\\\/tricko-turniansky-hrad-od-zombojka\\\/#primaryimage\",\"url\":\"https:\\\/\\\/epoca.sk\\\/web\\\/wp-content\\\/uploads\\\/2021\\\/07\\\/IMG_7574.jpg\",\"contentUrl\":\"https:\\\/\\\/epoca.sk\\\/web\\\/wp-content\\\/uploads\\\/2021\\\/07\\\/IMG_7574.jpg\",\"width\":1980,\"height\":1485},{\"@type\":\"BreadcrumbList\",\"@id\":\"https:\\\/\\\/epoca.sk\\\/web\\\/produkt\\\/tricko-turniansky-hrad-od-zombojka\\\/#breadcrumb\",\"itemListElement\":[{\"@type\":\"ListItem\",\"position\":1,\"name\":\"Home\",\"item\":\"https:\\\/\\\/epoca.sk\\\/web\\\/\"},{\"@type\":\"ListItem\",\"position\":2,\"name\":\"eShop\",\"item\":\"https:\\\/\\\/epoca.sk\\\/web\\\/vianocna-ponuka-produktov-vydavatelstva-epoca\\\/\"},{\"@type\":\"ListItem\",\"position\":3,\"name\":\"tri\u010dko Turniansky hrad od \u017dombojka\"}]},{\"@type\":\"WebSite\",\"@id\":\"https:\\\/\\\/epoca.sk\\\/web\\\/#website\",\"url\":\"https:\\\/\\\/epoca.sk\\\/web\\\/\",\"name\":\"EPOCA\",\"description\":\"REKLAMN\u00c9 SLU\u017dBY a VYDAVATE\u013dSTVO\",\"publisher\":{\"@id\":\"https:\\\/\\\/epoca.sk\\\/web\\\/#organization\"},\"potentialAction\":[{\"@type\":\"SearchAction\",\"target\":{\"@type\":\"EntryPoint\",\"urlTemplate\":\"https:\\\/\\\/epoca.sk\\\/web\\\/?s={search_term_string}\"},\"query-input\":{\"@type\":\"PropertyValueSpecification\",\"valueRequired\":true,\"valueName\":\"search_term_string\"}}],\"inLanguage\":\"sk-SK\"},{\"@type\":\"Organization\",\"@id\":\"https:\\\/\\\/epoca.sk\\\/web\\\/#organization\",\"name\":\"EPOCA\",\"url\":\"https:\\\/\\\/epoca.sk\\\/web\\\/\",\"logo\":{\"@type\":\"ImageObject\",\"inLanguage\":\"sk-SK\",\"@id\":\"https:\\\/\\\/epoca.sk\\\/web\\\/#\\\/schema\\\/logo\\\/image\\\/\",\"url\":\"https:\\\/\\\/epoca.sk\\\/web\\\/wp-content\\\/uploads\\\/2017\\\/03\\\/EPOCA_logo_WEB.png\",\"contentUrl\":\"https:\\\/\\\/epoca.sk\\\/web\\\/wp-content\\\/uploads\\\/2017\\\/03\\\/EPOCA_logo_WEB.png\",\"width\":952,\"height\":305,\"caption\":\"EPOCA\"},\"image\":{\"@id\":\"https:\\\/\\\/epoca.sk\\\/web\\\/#\\\/schema\\\/logo\\\/image\\\/\"},\"sameAs\":[\"https:\\\/\\\/www.facebook.com\\\/Reklamn\u00e1-agent\u00fara-EPOCA-1830406840541577\",\"https:\\\/\\\/www.instagram.com\\\/_u\\\/epocavydavatelstvo\"]}]}<\/script>\n<!-- \/ Yoast SEO plugin. -->","yoast_head_json":{"title":"tri\u010dko Turniansky hrad od \u017dombojka &#187; EPOCA, s.r.o.","robots":{"index":"index","follow":"follow","max-snippet":"max-snippet:-1","max-image-preview":"max-image-preview:large","max-video-preview":"max-video-preview:-1"},"canonical":"https:\/\/epoca.sk\/web\/produkt\/tricko-turniansky-hrad-od-zombojka\/","og_locale":"sk_SK","og_type":"article","og_title":"tri\u010dko Turniansky hrad od \u017dombojka &#187; EPOCA, s.r.o.","og_description":"Bu\u010fte origin\u00e1lny a nechajte si vyrobi\u0165 tri\u010dko pod\u013ea svojej predstavy.","og_url":"https:\/\/epoca.sk\/web\/produkt\/tricko-turniansky-hrad-od-zombojka\/","og_site_name":"EPOCA, s.r.o.","article_publisher":"https:\/\/www.facebook.com\/Reklamn%c3%a1-agent%c3%bara-EPOCA-1830406840541577","article_modified_time":"2021-08-06T07:44:52+00:00","og_image":[{"width":1980,"height":1485,"url":"https:\/\/epoca.sk\/web\/wp-content\/uploads\/2021\/07\/IMG_7574.jpg","type":"image\/jpeg"}],"twitter_card":"summary_large_image","twitter_misc":{"Predpokladan\u00fd \u010das \u010d\u00edtania":"1 min\u00fata"},"schema":{"@context":"https:\/\/schema.org","@graph":[{"@type":"WebPage","@id":"https:\/\/epoca.sk\/web\/produkt\/tricko-turniansky-hrad-od-zombojka\/","url":"https:\/\/epoca.sk\/web\/produkt\/tricko-turniansky-hrad-od-zombojka\/","name":"tri\u010dko Turniansky hrad od \u017dombojka &#187; EPOCA, s.r.o.","isPartOf":{"@id":"https:\/\/epoca.sk\/web\/#website"},"primaryImageOfPage":{"@id":"https:\/\/epoca.sk\/web\/produkt\/tricko-turniansky-hrad-od-zombojka\/#primaryimage"},"image":{"@id":"https:\/\/epoca.sk\/web\/produkt\/tricko-turniansky-hrad-od-zombojka\/#primaryimage"},"thumbnailUrl":"https:\/\/epoca.sk\/web\/wp-content\/uploads\/2021\/07\/IMG_7574.jpg","datePublished":"2021-07-22T21:00:02+00:00","dateModified":"2021-08-06T07:44:52+00:00","breadcrumb":{"@id":"https:\/\/epoca.sk\/web\/produkt\/tricko-turniansky-hrad-od-zombojka\/#breadcrumb"},"inLanguage":"sk-SK","potentialAction":[{"@type":"ReadAction","target":["https:\/\/epoca.sk\/web\/produkt\/tricko-turniansky-hrad-od-zombojka\/"]}]},{"@type":"ImageObject","inLanguage":"sk-SK","@id":"https:\/\/epoca.sk\/web\/produkt\/tricko-turniansky-hrad-od-zombojka\/#primaryimage","url":"https:\/\/epoca.sk\/web\/wp-content\/uploads\/2021\/07\/IMG_7574.jpg","contentUrl":"https:\/\/epoca.sk\/web\/wp-content\/uploads\/2021\/07\/IMG_7574.jpg","width":1980,"height":1485},{"@type":"BreadcrumbList","@id":"https:\/\/epoca.sk\/web\/produkt\/tricko-turniansky-hrad-od-zombojka\/#breadcrumb","itemListElement":[{"@type":"ListItem","position":1,"name":"Home","item":"https:\/\/epoca.sk\/web\/"},{"@type":"ListItem","position":2,"name":"eShop","item":"https:\/\/epoca.sk\/web\/vianocna-ponuka-produktov-vydavatelstva-epoca\/"},{"@type":"ListItem","position":3,"name":"tri\u010dko Turniansky hrad od \u017dombojka"}]},{"@type":"WebSite","@id":"https:\/\/epoca.sk\/web\/#website","url":"https:\/\/epoca.sk\/web\/","name":"EPOCA","description":"REKLAMN\u00c9 SLU\u017dBY a VYDAVATE\u013dSTVO","publisher":{"@id":"https:\/\/epoca.sk\/web\/#organization"},"potentialAction":[{"@type":"SearchAction","target":{"@type":"EntryPoint","urlTemplate":"https:\/\/epoca.sk\/web\/?s={search_term_string}"},"query-input":{"@type":"PropertyValueSpecification","valueRequired":true,"valueName":"search_term_string"}}],"inLanguage":"sk-SK"},{"@type":"Organization","@id":"https:\/\/epoca.sk\/web\/#organization","name":"EPOCA","url":"https:\/\/epoca.sk\/web\/","logo":{"@type":"ImageObject","inLanguage":"sk-SK","@id":"https:\/\/epoca.sk\/web\/#\/schema\/logo\/image\/","url":"https:\/\/epoca.sk\/web\/wp-content\/uploads\/2017\/03\/EPOCA_logo_WEB.png","contentUrl":"https:\/\/epoca.sk\/web\/wp-content\/uploads\/2017\/03\/EPOCA_logo_WEB.png","width":952,"height":305,"caption":"EPOCA"},"image":{"@id":"https:\/\/epoca.sk\/web\/#\/schema\/logo\/image\/"},"sameAs":["https:\/\/www.facebook.com\/Reklamn\u00e1-agent\u00fara-EPOCA-1830406840541577","https:\/\/www.instagram.com\/_u\/epocavydavatelstvo"]}]}},"spectra_custom_meta":{"_last_editor_used_jetpack":["classic-editor"],"_edit_lock":["1637244684:1"],"_edit_last":["1"],"_thumbnail_id":["1186"],"_regular_price":["9.99"],"_sale_price":["7.99"],"total_sales":["1"],"_tax_status":["taxable"],"_tax_class":[""],"_manage_stock":["no"],"_backorders":["no"],"_sold_individually":["no"],"_weight":["200"],"_length":["30"],"_width":["20"],"_height":["5"],"_virtual":["no"],"_downloadable":["no"],"_download_limit":["-1"],"_download_expiry":["-1"],"_stock":[null],"_stock_status":["onbackorder"],"_wc_average_rating":["0"],"_wc_review_count":["0"],"_product_version":["5.5.1"],"_price":["7.99"],"_product_image_gallery":["1193,1191,1188,1187,1190,1189"],"_yoast_wpseo_primary_product_cat":["49"],"_yoast_wpseo_focuskw":["tri\u010dk\u00e1 s na\u017eehlovac\u00edmi vzormi"],"_yoast_wpseo_title":["%%title%% %%page%% %%sep%% EPOCA, s.r.o."],"_yoast_wpseo_content_score":["90"],"_yoast_wpseo_estimated-reading-time-minutes":["1"],"_eb_reusable_block_ids":["a:0:{}"],"_eael_post_view_count":["672"],"_uag_css_file_name":["uag-css-1185.css"],"_uag_page_assets":["a:9:{s:3:\"css\";s:0:\"\";s:2:\"js\";s:0:\"\";s:18:\"current_block_list\";a:10:{i:0;s:12:\"core\/buttons\";i:1;s:11:\"core\/button\";i:2;s:10:\"core\/image\";i:3;s:15:\"core\/media-text\";i:4;s:14:\"core\/paragraph\";i:5;s:12:\"core\/columns\";i:6;s:11:\"core\/column\";i:7;s:12:\"core\/heading\";i:8;s:30:\"woocommerce\/product-categories\";i:9;s:17:\"core\/latest-posts\";}s:8:\"uag_flag\";b:0;s:11:\"uag_version\";s:10:\"1776852022\";s:6:\"gfonts\";a:0:{}s:10:\"gfonts_url\";s:0:\"\";s:12:\"gfonts_files\";a:0:{}s:14:\"uag_faq_layout\";b:0;}"]},"uagb_featured_image_src":{"full":["https:\/\/epoca.sk\/web\/wp-content\/uploads\/2021\/07\/IMG_7574.jpg",1980,1485,false],"thumbnail":["https:\/\/epoca.sk\/web\/wp-content\/uploads\/2021\/07\/IMG_7574-150x113.jpg",150,113,true],"medium":["https:\/\/epoca.sk\/web\/wp-content\/uploads\/2021\/07\/IMG_7574-300x225.jpg",300,225,true],"medium_large":["https:\/\/epoca.sk\/web\/wp-content\/uploads\/2021\/07\/IMG_7574-768x576.jpg",768,576,true],"large":["https:\/\/epoca.sk\/web\/wp-content\/uploads\/2021\/07\/IMG_7574-1024x768.jpg",1024,768,true],"1536x1536":["https:\/\/epoca.sk\/web\/wp-content\/uploads\/2021\/07\/IMG_7574-1536x1152.jpg",1536,1152,true],"2048x2048":["https:\/\/epoca.sk\/web\/wp-content\/uploads\/2021\/07\/IMG_7574.jpg",1980,1485,false],"woocommerce_thumbnail":["https:\/\/epoca.sk\/web\/wp-content\/uploads\/2021\/07\/IMG_7574-300x400.jpg",300,400,true],"woocommerce_single":["https:\/\/epoca.sk\/web\/wp-content\/uploads\/2021\/07\/IMG_7574-600x450.jpg",600,450,true],"woocommerce_gallery_thumbnail":["https:\/\/epoca.sk\/web\/wp-content\/uploads\/2021\/07\/IMG_7574-100x100.jpg",100,100,true]},"uagb_author_info":{"display_name":"Juraj","author_link":"https:\/\/epoca.sk\/web\/author\/"},"uagb_comment_info":0,"uagb_excerpt":"Bu\u010fte origin\u00e1lny a nechajte si vyrobi\u0165 tri\u010dko pod\u013ea svojej predstavy.","jetpack_sharing_enabled":true,"_links":{"self":[{"href":"https:\/\/epoca.sk\/web\/wp-json\/wp\/v2\/product\/1185","targetHints":{"allow":["GET"]}}],"collection":[{"href":"https:\/\/epoca.sk\/web\/wp-json\/wp\/v2\/product"}],"about":[{"href":"https:\/\/epoca.sk\/web\/wp-json\/wp\/v2\/types\/product"}],"replies":[{"embeddable":true,"href":"https:\/\/epoca.sk\/web\/wp-json\/wp\/v2\/comments?post=1185"}],"wp:featuredmedia":[{"embeddable":true,"href":"https:\/\/epoca.sk\/web\/wp-json\/wp\/v2\/media\/1186"}],"wp:attachment":[{"href":"https:\/\/epoca.sk\/web\/wp-json\/wp\/v2\/media?parent=1185"}],"wp:term":[{"taxonomy":"product_brand","embeddable":true,"href":"https:\/\/epoca.sk\/web\/wp-json\/wp\/v2\/product_brand?post=1185"},{"taxonomy":"product_cat","embeddable":true,"href":"https:\/\/epoca.sk\/web\/wp-json\/wp\/v2\/product_cat?post=1185"},{"taxonomy":"product_tag","embeddable":true,"href":"https:\/\/epoca.sk\/web\/wp-json\/wp\/v2\/product_tag?post=1185"}],"curies":[{"name":"wp","href":"https:\/\/api.w.org\/{rel}","templated":true}]}}