{"id":1468,"date":"2021-12-05T22:57:41","date_gmt":"2021-12-05T21:57:41","guid":{"rendered":"https:\/\/epoca.sk\/web\/?post_type=product&#038;p=1468"},"modified":"2021-12-05T23:06:02","modified_gmt":"2021-12-05T22:06:02","slug":"pamatnik-zombojko-2","status":"publish","type":"product","link":"https:\/\/epoca.sk\/web\/produkt\/pamatnik-zombojko-2\/","title":{"rendered":"Pam\u00e4tn\u00edk \u017dombojko"},"content":{"rendered":"<p>Ilustrovan\u00fd <strong>n\u00e1u\u010dn\u00fd sprievodca 15-timi najzauj\u00edmavej\u0161\u00edmi miestami v Slovenskom krase<\/strong> a okol\u00ed. Z\u00e1dielska ties\u0148ava, zr\u00facanina Turnianskeho hradu, rastlinn\u00fd kostol\u00edk sv. Ladislava pri Debradi, kl\u00e1\u0161tor Premon\u0161tr\u00e1tov v Jasove, filmov\u00fd anjel a vodop\u00e1dy v H\u00e1ji, hrad Kr\u00e1sna h\u00f4rka, Gombaseck\u00e1 Jasky\u0148a, priepas\u0165 Mal\u00e1 \u017eomboj, ka\u0161tie\u013e Betliar, zr\u00facanina husitsk\u00e9ho kostola v L\u00fa\u010dke, Ochtinsk\u00e1 aragonitov\u00e1 jasky\u0148a, Ser\u00e9nyniho cisterna, jasky\u0148a Domica, Hrhovsk\u00fd vodop\u00e1d, \u0160ugovsk\u00fd h\u00e1mor.<\/p>\n<p>Form\u00e1tu B6 (12,5 x 17,5 cm)<\/p>\n<p>ISBN: 978-80-973373-1-5<\/p>\n<p>Na 44 vn\u00fatorn\u00fdch stran\u00e1ch n\u00e1jdete:<\/p>\n<ul>\n<li>Texty k v\u0161etk\u00fdm \u017dombojkom vybran\u00fdm miestam<\/li>\n<li>GPS koordin\u00e1ty k miestam formou QR k\u00f3dov<\/li>\n<li>ma\u013eovanky miest<\/li>\n<li>tajni\u010dky: osem-smerovky, su-do-ku a hrebe\u0148ovku<\/li>\n<li>kreslen\u00e9 hry &#8211; posp\u00e1jaj \u010d\u00edsla a dostane\u0161 obr\u00e1zok<\/li>\n<li>a mnoho in\u00e9ho<\/li>\n<\/ul>\n<p>Str\u00e1nka projektu: <a href=\"https:\/\/www.zombojko.sk\/\">www.zombojko.sk<\/a><\/p>\n<p>Facebook: <a href=\"https:\/\/www.facebook.com\/zombojko.kras\" target=\"_blank\" rel=\"noopener\">\u017dombojko.Kras<\/a><\/p>\n<p>&nbsp;<\/p>\n","protected":false},"excerpt":{"rendered":"<p>N\u00e1u\u010dn\u00fd sprievodca 15-timi najzauj\u00edmavej\u0161\u00edmi miestami v Slovenskom krase a okol\u00ed. Je tvoren\u00fd formou ma\u013eov\u00e1nok, kresliacich hier, su-do-ku, osem-smerovka s popismi a fotografiami, ur\u010den\u00fd pre deti aj dospel\u00fdch.<\/p>\n","protected":false},"featured_media":1055,"comment_status":"closed","ping_status":"closed","template":"","meta":{"_uag_custom_page_level_css":"","site-sidebar-layout":"default","site-content-layout":"","ast-site-content-layout":"default","site-content-style":"default","site-sidebar-style":"default","ast-global-header-display":"","ast-banner-title-visibility":"","ast-main-header-display":"","ast-hfb-above-header-display":"","ast-hfb-below-header-display":"","ast-hfb-mobile-header-display":"","site-post-title":"","ast-breadcrumbs-content":"","ast-featured-img":"","footer-sml-layout":"","ast-disable-related-posts":"","theme-transparent-header-meta":"","adv-header-id-meta":"","stick-header-meta":"","header-above-stick-meta":"","header-main-stick-meta":"","header-below-stick-meta":"","astra-migrate-meta-layouts":"default","ast-page-background-enabled":"default","ast-page-background-meta":{"desktop":{"background-color":"var(--ast-global-color-4)","background-image":"","background-repeat":"repeat","background-position":"center center","background-size":"auto","background-attachment":"scroll","background-type":"","background-media":"","overlay-type":"","overlay-color":"","overlay-opacity":"","overlay-gradient":""},"tablet":{"background-color":"","background-image":"","background-repeat":"repeat","background-position":"center center","background-size":"auto","background-attachment":"scroll","background-type":"","background-media":"","overlay-type":"","overlay-color":"","overlay-opacity":"","overlay-gradient":""},"mobile":{"background-color":"","background-image":"","background-repeat":"repeat","background-position":"center center","background-size":"auto","background-attachment":"scroll","background-type":"","background-media":"","overlay-type":"","overlay-color":"","overlay-opacity":"","overlay-gradient":""}},"ast-content-background-meta":{"desktop":{"background-color":"var(--ast-global-color-5)","background-image":"","background-repeat":"repeat","background-position":"center center","background-size":"auto","background-attachment":"scroll","background-type":"","background-media":"","overlay-type":"","overlay-color":"","overlay-opacity":"","overlay-gradient":""},"tablet":{"background-color":"var(--ast-global-color-5)","background-image":"","background-repeat":"repeat","background-position":"center center","background-size":"auto","background-attachment":"scroll","background-type":"","background-media":"","overlay-type":"","overlay-color":"","overlay-opacity":"","overlay-gradient":""},"mobile":{"background-color":"var(--ast-global-color-5)","background-image":"","background-repeat":"repeat","background-position":"center center","background-size":"auto","background-attachment":"scroll","background-type":"","background-media":"","overlay-type":"","overlay-color":"","overlay-opacity":"","overlay-gradient":""}}},"product_brand":[],"product_cat":[40,20],"product_tag":[42,41,27],"class_list":{"0":"post-1468","1":"product","2":"type-product","3":"status-publish","4":"has-post-thumbnail","6":"product_cat-edicia-zombojko","7":"product_cat-ostatne","8":"product_tag-slovensky-kras","9":"product_tag-sprievodca","10":"product_tag-zombojko","11":"product_shipping_class-listova-zasielka","12":"desktop-align-left","13":"tablet-align-left","14":"mobile-align-left","16":"first","17":"instock","18":"taxable","19":"shipping-taxable","20":"purchasable","21":"product-type-simple"},"yoast_head":"<!-- This site is optimized with the Yoast SEO plugin v27.4 - https:\/\/yoast.com\/product\/yoast-seo-wordpress\/ -->\n<title>Pam\u00e4tn\u00edk \u017dombojko &#187; EPOCA vydavate\u013estvo<\/title>\n<meta name=\"description\" content=\"lustrovan\u00fd n\u00e1u\u010dn\u00fd sprievodca 15-timi najzauj\u00edmavej\u0161\u00edmi miestami v Slovenskom krase a okol\u00ed. Je ur\u010den\u00fde pre deti aj dospel\u00fdch.\" \/>\n<meta name=\"robots\" content=\"index, follow, max-snippet:-1, max-image-preview:large, max-video-preview:-1\" \/>\n<link rel=\"canonical\" href=\"https:\/\/epoca.sk\/web\/produkt\/pamatnik-zombojko-2\/\" \/>\n<meta property=\"og:locale\" content=\"sk_SK\" \/>\n<meta property=\"og:type\" content=\"article\" \/>\n<meta property=\"og:title\" content=\"Pam\u00e4tn\u00edk \u017dombojko &#187; EPOCA vydavate\u013estvo\" \/>\n<meta property=\"og:description\" content=\"lustrovan\u00fd n\u00e1u\u010dn\u00fd sprievodca 15-timi najzauj\u00edmavej\u0161\u00edmi miestami v Slovenskom krase a okol\u00ed. Je ur\u010den\u00fde pre deti aj dospel\u00fdch.\" \/>\n<meta property=\"og:url\" content=\"https:\/\/epoca.sk\/web\/produkt\/pamatnik-zombojko-2\/\" \/>\n<meta property=\"og:site_name\" content=\"EPOCA, s.r.o.\" \/>\n<meta property=\"article:publisher\" content=\"https:\/\/www.facebook.com\/Reklamn%c3%a1-agent%c3%bara-EPOCA-1830406840541577\" \/>\n<meta property=\"article:modified_time\" content=\"2021-12-05T22:06:02+00:00\" \/>\n<meta property=\"og:image\" content=\"https:\/\/epoca.sk\/web\/wp-content\/uploads\/2021\/06\/Pamatnik_Zombojko_foto-1.jpg\" \/>\n\t<meta property=\"og:image:width\" content=\"1559\" \/>\n\t<meta property=\"og:image:height\" content=\"1920\" \/>\n\t<meta property=\"og:image:type\" content=\"image\/jpeg\" \/>\n<meta name=\"twitter:card\" content=\"summary_large_image\" \/>\n<meta name=\"twitter:label1\" content=\"Predpokladan\u00fd \u010das \u010d\u00edtania\" \/>\n\t<meta name=\"twitter:data1\" content=\"1 min\u00fata\" \/>\n<script type=\"application\/ld+json\" class=\"yoast-schema-graph\">{\"@context\":\"https:\\\/\\\/schema.org\",\"@graph\":[{\"@type\":\"WebPage\",\"@id\":\"https:\\\/\\\/epoca.sk\\\/web\\\/produkt\\\/pamatnik-zombojko-2\\\/\",\"url\":\"https:\\\/\\\/epoca.sk\\\/web\\\/produkt\\\/pamatnik-zombojko-2\\\/\",\"name\":\"Pam\u00e4tn\u00edk \u017dombojko &#187; EPOCA vydavate\u013estvo\",\"isPartOf\":{\"@id\":\"https:\\\/\\\/epoca.sk\\\/web\\\/#website\"},\"primaryImageOfPage\":{\"@id\":\"https:\\\/\\\/epoca.sk\\\/web\\\/produkt\\\/pamatnik-zombojko-2\\\/#primaryimage\"},\"image\":{\"@id\":\"https:\\\/\\\/epoca.sk\\\/web\\\/produkt\\\/pamatnik-zombojko-2\\\/#primaryimage\"},\"thumbnailUrl\":\"https:\\\/\\\/epoca.sk\\\/web\\\/wp-content\\\/uploads\\\/2021\\\/06\\\/Pamatnik_Zombojko_foto-1.jpg\",\"datePublished\":\"2021-12-05T21:57:41+00:00\",\"dateModified\":\"2021-12-05T22:06:02+00:00\",\"description\":\"lustrovan\u00fd n\u00e1u\u010dn\u00fd sprievodca 15-timi najzauj\u00edmavej\u0161\u00edmi miestami v Slovenskom krase a okol\u00ed. Je ur\u010den\u00fde pre deti aj dospel\u00fdch.\",\"breadcrumb\":{\"@id\":\"https:\\\/\\\/epoca.sk\\\/web\\\/produkt\\\/pamatnik-zombojko-2\\\/#breadcrumb\"},\"inLanguage\":\"sk-SK\",\"potentialAction\":[{\"@type\":\"ReadAction\",\"target\":[\"https:\\\/\\\/epoca.sk\\\/web\\\/produkt\\\/pamatnik-zombojko-2\\\/\"]}]},{\"@type\":\"ImageObject\",\"inLanguage\":\"sk-SK\",\"@id\":\"https:\\\/\\\/epoca.sk\\\/web\\\/produkt\\\/pamatnik-zombojko-2\\\/#primaryimage\",\"url\":\"https:\\\/\\\/epoca.sk\\\/web\\\/wp-content\\\/uploads\\\/2021\\\/06\\\/Pamatnik_Zombojko_foto-1.jpg\",\"contentUrl\":\"https:\\\/\\\/epoca.sk\\\/web\\\/wp-content\\\/uploads\\\/2021\\\/06\\\/Pamatnik_Zombojko_foto-1.jpg\",\"width\":1559,\"height\":1920,\"caption\":\"Pamatnik \u017dombojko\"},{\"@type\":\"BreadcrumbList\",\"@id\":\"https:\\\/\\\/epoca.sk\\\/web\\\/produkt\\\/pamatnik-zombojko-2\\\/#breadcrumb\",\"itemListElement\":[{\"@type\":\"ListItem\",\"position\":1,\"name\":\"Home\",\"item\":\"https:\\\/\\\/epoca.sk\\\/web\\\/\"},{\"@type\":\"ListItem\",\"position\":2,\"name\":\"eShop\",\"item\":\"https:\\\/\\\/epoca.sk\\\/web\\\/vianocna-ponuka-produktov-vydavatelstva-epoca\\\/\"},{\"@type\":\"ListItem\",\"position\":3,\"name\":\"Pam\u00e4tn\u00edk \u017dombojko\"}]},{\"@type\":\"WebSite\",\"@id\":\"https:\\\/\\\/epoca.sk\\\/web\\\/#website\",\"url\":\"https:\\\/\\\/epoca.sk\\\/web\\\/\",\"name\":\"EPOCA\",\"description\":\"REKLAMN\u00c9 SLU\u017dBY a VYDAVATE\u013dSTVO\",\"publisher\":{\"@id\":\"https:\\\/\\\/epoca.sk\\\/web\\\/#organization\"},\"potentialAction\":[{\"@type\":\"SearchAction\",\"target\":{\"@type\":\"EntryPoint\",\"urlTemplate\":\"https:\\\/\\\/epoca.sk\\\/web\\\/?s={search_term_string}\"},\"query-input\":{\"@type\":\"PropertyValueSpecification\",\"valueRequired\":true,\"valueName\":\"search_term_string\"}}],\"inLanguage\":\"sk-SK\"},{\"@type\":\"Organization\",\"@id\":\"https:\\\/\\\/epoca.sk\\\/web\\\/#organization\",\"name\":\"EPOCA\",\"url\":\"https:\\\/\\\/epoca.sk\\\/web\\\/\",\"logo\":{\"@type\":\"ImageObject\",\"inLanguage\":\"sk-SK\",\"@id\":\"https:\\\/\\\/epoca.sk\\\/web\\\/#\\\/schema\\\/logo\\\/image\\\/\",\"url\":\"https:\\\/\\\/epoca.sk\\\/web\\\/wp-content\\\/uploads\\\/2017\\\/03\\\/EPOCA_logo_WEB.png\",\"contentUrl\":\"https:\\\/\\\/epoca.sk\\\/web\\\/wp-content\\\/uploads\\\/2017\\\/03\\\/EPOCA_logo_WEB.png\",\"width\":952,\"height\":305,\"caption\":\"EPOCA\"},\"image\":{\"@id\":\"https:\\\/\\\/epoca.sk\\\/web\\\/#\\\/schema\\\/logo\\\/image\\\/\"},\"sameAs\":[\"https:\\\/\\\/www.facebook.com\\\/Reklamn\u00e1-agent\u00fara-EPOCA-1830406840541577\",\"https:\\\/\\\/www.instagram.com\\\/_u\\\/epocavydavatelstvo\"]}]}<\/script>\n<!-- \/ Yoast SEO plugin. -->","yoast_head_json":{"title":"Pam\u00e4tn\u00edk \u017dombojko &#187; EPOCA vydavate\u013estvo","description":"lustrovan\u00fd n\u00e1u\u010dn\u00fd sprievodca 15-timi najzauj\u00edmavej\u0161\u00edmi miestami v Slovenskom krase a okol\u00ed. Je ur\u010den\u00fde pre deti aj dospel\u00fdch.","robots":{"index":"index","follow":"follow","max-snippet":"max-snippet:-1","max-image-preview":"max-image-preview:large","max-video-preview":"max-video-preview:-1"},"canonical":"https:\/\/epoca.sk\/web\/produkt\/pamatnik-zombojko-2\/","og_locale":"sk_SK","og_type":"article","og_title":"Pam\u00e4tn\u00edk \u017dombojko &#187; EPOCA vydavate\u013estvo","og_description":"lustrovan\u00fd n\u00e1u\u010dn\u00fd sprievodca 15-timi najzauj\u00edmavej\u0161\u00edmi miestami v Slovenskom krase a okol\u00ed. Je ur\u010den\u00fde pre deti aj dospel\u00fdch.","og_url":"https:\/\/epoca.sk\/web\/produkt\/pamatnik-zombojko-2\/","og_site_name":"EPOCA, s.r.o.","article_publisher":"https:\/\/www.facebook.com\/Reklamn%c3%a1-agent%c3%bara-EPOCA-1830406840541577","article_modified_time":"2021-12-05T22:06:02+00:00","og_image":[{"width":1559,"height":1920,"url":"https:\/\/epoca.sk\/web\/wp-content\/uploads\/2021\/06\/Pamatnik_Zombojko_foto-1.jpg","type":"image\/jpeg"}],"twitter_card":"summary_large_image","twitter_misc":{"Predpokladan\u00fd \u010das \u010d\u00edtania":"1 min\u00fata"},"schema":{"@context":"https:\/\/schema.org","@graph":[{"@type":"WebPage","@id":"https:\/\/epoca.sk\/web\/produkt\/pamatnik-zombojko-2\/","url":"https:\/\/epoca.sk\/web\/produkt\/pamatnik-zombojko-2\/","name":"Pam\u00e4tn\u00edk \u017dombojko &#187; EPOCA vydavate\u013estvo","isPartOf":{"@id":"https:\/\/epoca.sk\/web\/#website"},"primaryImageOfPage":{"@id":"https:\/\/epoca.sk\/web\/produkt\/pamatnik-zombojko-2\/#primaryimage"},"image":{"@id":"https:\/\/epoca.sk\/web\/produkt\/pamatnik-zombojko-2\/#primaryimage"},"thumbnailUrl":"https:\/\/epoca.sk\/web\/wp-content\/uploads\/2021\/06\/Pamatnik_Zombojko_foto-1.jpg","datePublished":"2021-12-05T21:57:41+00:00","dateModified":"2021-12-05T22:06:02+00:00","description":"lustrovan\u00fd n\u00e1u\u010dn\u00fd sprievodca 15-timi najzauj\u00edmavej\u0161\u00edmi miestami v Slovenskom krase a okol\u00ed. Je ur\u010den\u00fde pre deti aj dospel\u00fdch.","breadcrumb":{"@id":"https:\/\/epoca.sk\/web\/produkt\/pamatnik-zombojko-2\/#breadcrumb"},"inLanguage":"sk-SK","potentialAction":[{"@type":"ReadAction","target":["https:\/\/epoca.sk\/web\/produkt\/pamatnik-zombojko-2\/"]}]},{"@type":"ImageObject","inLanguage":"sk-SK","@id":"https:\/\/epoca.sk\/web\/produkt\/pamatnik-zombojko-2\/#primaryimage","url":"https:\/\/epoca.sk\/web\/wp-content\/uploads\/2021\/06\/Pamatnik_Zombojko_foto-1.jpg","contentUrl":"https:\/\/epoca.sk\/web\/wp-content\/uploads\/2021\/06\/Pamatnik_Zombojko_foto-1.jpg","width":1559,"height":1920,"caption":"Pamatnik \u017dombojko"},{"@type":"BreadcrumbList","@id":"https:\/\/epoca.sk\/web\/produkt\/pamatnik-zombojko-2\/#breadcrumb","itemListElement":[{"@type":"ListItem","position":1,"name":"Home","item":"https:\/\/epoca.sk\/web\/"},{"@type":"ListItem","position":2,"name":"eShop","item":"https:\/\/epoca.sk\/web\/vianocna-ponuka-produktov-vydavatelstva-epoca\/"},{"@type":"ListItem","position":3,"name":"Pam\u00e4tn\u00edk \u017dombojko"}]},{"@type":"WebSite","@id":"https:\/\/epoca.sk\/web\/#website","url":"https:\/\/epoca.sk\/web\/","name":"EPOCA","description":"REKLAMN\u00c9 SLU\u017dBY a VYDAVATE\u013dSTVO","publisher":{"@id":"https:\/\/epoca.sk\/web\/#organization"},"potentialAction":[{"@type":"SearchAction","target":{"@type":"EntryPoint","urlTemplate":"https:\/\/epoca.sk\/web\/?s={search_term_string}"},"query-input":{"@type":"PropertyValueSpecification","valueRequired":true,"valueName":"search_term_string"}}],"inLanguage":"sk-SK"},{"@type":"Organization","@id":"https:\/\/epoca.sk\/web\/#organization","name":"EPOCA","url":"https:\/\/epoca.sk\/web\/","logo":{"@type":"ImageObject","inLanguage":"sk-SK","@id":"https:\/\/epoca.sk\/web\/#\/schema\/logo\/image\/","url":"https:\/\/epoca.sk\/web\/wp-content\/uploads\/2017\/03\/EPOCA_logo_WEB.png","contentUrl":"https:\/\/epoca.sk\/web\/wp-content\/uploads\/2017\/03\/EPOCA_logo_WEB.png","width":952,"height":305,"caption":"EPOCA"},"image":{"@id":"https:\/\/epoca.sk\/web\/#\/schema\/logo\/image\/"},"sameAs":["https:\/\/www.facebook.com\/Reklamn\u00e1-agent\u00fara-EPOCA-1830406840541577","https:\/\/www.instagram.com\/_u\/epocavydavatelstvo"]}]}},"spectra_custom_meta":{"_regular_price":["4.95"],"total_sales":["0"],"_tax_status":["taxable"],"_tax_class":["znizena-sadzba"],"_manage_stock":["no"],"_backorders":["no"],"_sold_individually":["no"],"_weight":["135"],"_length":["17.6"],"_width":["13"],"_height":["1"],"_upsell_ids":["a:4:{i:0;i:1180;i:1;i:1178;i:2;i:857;i:3;i:1039;}"],"_virtual":["no"],"_downloadable":["no"],"_product_image_gallery":["1055,970,1121,966,954,955,956,958,962,963"],"_download_limit":["-1"],"_download_expiry":["-1"],"_thumbnail_id":["1055"],"_stock":[null],"_stock_status":["instock"],"_wc_average_rating":["0"],"_wc_review_count":["0"],"_product_version":["5.8.0"],"_price":["4.95"],"_last_editor_used_jetpack":["classic-editor"],"_yoast_wpseo_primary_product_cat":["20"],"_yoast_wpseo_focuskw":["Pam\u00e4tn\u00edk \u017dombojko sprievodca Slovensk\u00fdm krasom"],"_yoast_wpseo_title":["%%title%% %%page%% %%sep%% EPOCA vydavate\u013estvo"],"_yoast_wpseo_metadesc":["lustrovan\u00fd n\u00e1u\u010dn\u00fd sprievodca 15-timi najzauj\u00edmavej\u0161\u00edmi miestami v Slovenskom krase a okol\u00ed. Je ur\u010den\u00fde pre deti aj dospel\u00fdch."],"_yoast_wpseo_linkdex":["42"],"_yoast_wpseo_content_score":["90"],"_yoast_wpseo_estimated-reading-time-minutes":["1"],"_children":["a:2:{i:0;i:1044;i:1;i:979;}"],"_edit_lock":["1638769032:1"],"_edit_last":["1"],"_eb_reusable_block_ids":["a:0:{}"],"_eael_post_view_count":["1033"],"_uag_css_file_name":["uag-css-1468.css"],"_uag_page_assets":["a:9:{s:3:\"css\";s:0:\"\";s:2:\"js\";s:0:\"\";s:18:\"current_block_list\";a:10:{i:0;s:12:\"core\/buttons\";i:1;s:11:\"core\/button\";i:2;s:10:\"core\/image\";i:3;s:15:\"core\/media-text\";i:4;s:14:\"core\/paragraph\";i:5;s:12:\"core\/columns\";i:6;s:11:\"core\/column\";i:7;s:12:\"core\/heading\";i:8;s:30:\"woocommerce\/product-categories\";i:9;s:17:\"core\/latest-posts\";}s:8:\"uag_flag\";b:0;s:11:\"uag_version\";s:10:\"1776852022\";s:6:\"gfonts\";a:0:{}s:10:\"gfonts_url\";s:0:\"\";s:12:\"gfonts_files\";a:0:{}s:14:\"uag_faq_layout\";b:0;}"]},"uagb_featured_image_src":{"full":["https:\/\/epoca.sk\/web\/wp-content\/uploads\/2021\/06\/Pamatnik_Zombojko_foto-1.jpg",1559,1920,false],"thumbnail":["https:\/\/epoca.sk\/web\/wp-content\/uploads\/2021\/06\/Pamatnik_Zombojko_foto-1-122x150.jpg",122,150,true],"medium":["https:\/\/epoca.sk\/web\/wp-content\/uploads\/2021\/06\/Pamatnik_Zombojko_foto-1-244x300.jpg",244,300,true],"medium_large":["https:\/\/epoca.sk\/web\/wp-content\/uploads\/2021\/06\/Pamatnik_Zombojko_foto-1-768x946.jpg",768,946,true],"large":["https:\/\/epoca.sk\/web\/wp-content\/uploads\/2021\/06\/Pamatnik_Zombojko_foto-1-831x1024.jpg",831,1024,true],"1536x1536":["https:\/\/epoca.sk\/web\/wp-content\/uploads\/2021\/06\/Pamatnik_Zombojko_foto-1-1247x1536.jpg",1247,1536,true],"2048x2048":["https:\/\/epoca.sk\/web\/wp-content\/uploads\/2021\/06\/Pamatnik_Zombojko_foto-1.jpg",1559,1920,false],"woocommerce_thumbnail":["https:\/\/epoca.sk\/web\/wp-content\/uploads\/2021\/06\/Pamatnik_Zombojko_foto-1-300x400.jpg",300,400,true],"woocommerce_single":["https:\/\/epoca.sk\/web\/wp-content\/uploads\/2021\/06\/Pamatnik_Zombojko_foto-1-600x739.jpg",600,739,true],"woocommerce_gallery_thumbnail":["https:\/\/epoca.sk\/web\/wp-content\/uploads\/2021\/06\/Pamatnik_Zombojko_foto-1-100x100.jpg",100,100,true]},"uagb_author_info":{"display_name":"Juraj","author_link":"https:\/\/epoca.sk\/web\/author\/"},"uagb_comment_info":0,"uagb_excerpt":"N\u00e1u\u010dn\u00fd sprievodca 15-timi najzauj\u00edmavej\u0161\u00edmi miestami v Slovenskom krase a okol\u00ed. Je tvoren\u00fd formou ma\u013eov\u00e1nok, kresliacich hier, su-do-ku, osem-smerovka s popismi a fotografiami, ur\u010den\u00fd pre deti aj dospel\u00fdch.","jetpack_sharing_enabled":true,"_links":{"self":[{"href":"https:\/\/epoca.sk\/web\/wp-json\/wp\/v2\/product\/1468","targetHints":{"allow":["GET"]}}],"collection":[{"href":"https:\/\/epoca.sk\/web\/wp-json\/wp\/v2\/product"}],"about":[{"href":"https:\/\/epoca.sk\/web\/wp-json\/wp\/v2\/types\/product"}],"replies":[{"embeddable":true,"href":"https:\/\/epoca.sk\/web\/wp-json\/wp\/v2\/comments?post=1468"}],"wp:featuredmedia":[{"embeddable":true,"href":"https:\/\/epoca.sk\/web\/wp-json\/wp\/v2\/media\/1055"}],"wp:attachment":[{"href":"https:\/\/epoca.sk\/web\/wp-json\/wp\/v2\/media?parent=1468"}],"wp:term":[{"taxonomy":"product_brand","embeddable":true,"href":"https:\/\/epoca.sk\/web\/wp-json\/wp\/v2\/product_brand?post=1468"},{"taxonomy":"product_cat","embeddable":true,"href":"https:\/\/epoca.sk\/web\/wp-json\/wp\/v2\/product_cat?post=1468"},{"taxonomy":"product_tag","embeddable":true,"href":"https:\/\/epoca.sk\/web\/wp-json\/wp\/v2\/product_tag?post=1468"}],"curies":[{"name":"wp","href":"https:\/\/api.w.org\/{rel}","templated":true}]}}