{"id":865,"date":"2021-04-29T20:49:16","date_gmt":"2021-04-29T18:49:16","guid":{"rendered":"https:\/\/epoca.sk\/web\/?post_type=product&#038;p=865"},"modified":"2021-07-19T18:22:01","modified_gmt":"2021-07-19T16:22:01","slug":"magnetka-zadielska-tiesnava","status":"publish","type":"product","link":"https:\/\/epoca.sk\/web\/produkt\/magnetka-zadielska-tiesnava\/","title":{"rendered":"magnetka Z\u00e1dielska ties\u0148ava"},"content":{"rendered":"<p>Fotografia na magnetickej f\u00f3lii<\/p>\n<p>105 x 50 mm (\u0161 x v), hr\u00fabka 1mm<\/p>\n","protected":false},"excerpt":{"rendered":"<p>magnetka Z\u00e1dielsk\u00e1 ties\u0148ava<\/p>\n","protected":false},"featured_media":679,"comment_status":"closed","ping_status":"closed","template":"","meta":{"_uag_custom_page_level_css":"","site-sidebar-layout":"default","site-content-layout":"","ast-site-content-layout":"default","site-content-style":"default","site-sidebar-style":"default","ast-global-header-display":"","ast-banner-title-visibility":"","ast-main-header-display":"","ast-hfb-above-header-display":"","ast-hfb-below-header-display":"","ast-hfb-mobile-header-display":"","site-post-title":"","ast-breadcrumbs-content":"","ast-featured-img":"","footer-sml-layout":"","ast-disable-related-posts":"","theme-transparent-header-meta":"","adv-header-id-meta":"","stick-header-meta":"","header-above-stick-meta":"","header-main-stick-meta":"","header-below-stick-meta":"","astra-migrate-meta-layouts":"default","ast-page-background-enabled":"default","ast-page-background-meta":{"desktop":{"background-color":"var(--ast-global-color-4)","background-image":"","background-repeat":"repeat","background-position":"center center","background-size":"auto","background-attachment":"scroll","background-type":"","background-media":"","overlay-type":"","overlay-color":"","overlay-opacity":"","overlay-gradient":""},"tablet":{"background-color":"","background-image":"","background-repeat":"repeat","background-position":"center center","background-size":"auto","background-attachment":"scroll","background-type":"","background-media":"","overlay-type":"","overlay-color":"","overlay-opacity":"","overlay-gradient":""},"mobile":{"background-color":"","background-image":"","background-repeat":"repeat","background-position":"center center","background-size":"auto","background-attachment":"scroll","background-type":"","background-media":"","overlay-type":"","overlay-color":"","overlay-opacity":"","overlay-gradient":""}},"ast-content-background-meta":{"desktop":{"background-color":"var(--ast-global-color-5)","background-image":"","background-repeat":"repeat","background-position":"center center","background-size":"auto","background-attachment":"scroll","background-type":"","background-media":"","overlay-type":"","overlay-color":"","overlay-opacity":"","overlay-gradient":""},"tablet":{"background-color":"var(--ast-global-color-5)","background-image":"","background-repeat":"repeat","background-position":"center center","background-size":"auto","background-attachment":"scroll","background-type":"","background-media":"","overlay-type":"","overlay-color":"","overlay-opacity":"","overlay-gradient":""},"mobile":{"background-color":"var(--ast-global-color-5)","background-image":"","background-repeat":"repeat","background-position":"center center","background-size":"auto","background-attachment":"scroll","background-type":"","background-media":"","overlay-type":"","overlay-color":"","overlay-opacity":"","overlay-gradient":""}}},"product_brand":[],"product_cat":[28],"product_tag":[34],"class_list":{"0":"post-865","1":"product","2":"type-product","3":"status-publish","4":"has-post-thumbnail","6":"product_cat-magnetky-turisticke-firemne","7":"product_tag-zadielska-tiesnava","8":"product_shipping_class-balik-do-5-kg","9":"desktop-align-left","10":"tablet-align-left","11":"mobile-align-left","13":"first","14":"instock","15":"taxable","16":"shipping-taxable","17":"purchasable","18":"product-type-simple"},"yoast_head":"<!-- This site is optimized with the Yoast SEO plugin v27.4 - https:\/\/yoast.com\/product\/yoast-seo-wordpress\/ -->\n<title>magnetka Z\u00e1dielska ties\u0148ava &#187; EPOCA, s.r.o.<\/title>\n<meta name=\"description\" content=\"magnetka Z\u00e1dielsk\u00e1 ties\u0148ava\" \/>\n<meta name=\"robots\" content=\"index, follow, max-snippet:-1, max-image-preview:large, max-video-preview:-1\" \/>\n<link rel=\"canonical\" href=\"https:\/\/epoca.sk\/web\/produkt\/magnetka-zadielska-tiesnava\/\" \/>\n<meta property=\"og:locale\" content=\"sk_SK\" \/>\n<meta property=\"og:type\" content=\"article\" \/>\n<meta property=\"og:title\" content=\"magnetka Z\u00e1dielska ties\u0148ava &#187; EPOCA, s.r.o.\" \/>\n<meta property=\"og:description\" content=\"magnetka Z\u00e1dielsk\u00e1 ties\u0148ava\" \/>\n<meta property=\"og:url\" content=\"https:\/\/epoca.sk\/web\/produkt\/magnetka-zadielska-tiesnava\/\" \/>\n<meta property=\"og:site_name\" content=\"EPOCA, s.r.o.\" \/>\n<meta property=\"article:publisher\" content=\"https:\/\/www.facebook.com\/Reklamn%c3%a1-agent%c3%bara-EPOCA-1830406840541577\" \/>\n<meta property=\"article:modified_time\" content=\"2021-07-19T16:22:01+00:00\" \/>\n<meta property=\"og:image\" content=\"https:\/\/epoca.sk\/web\/wp-content\/uploads\/2020\/09\/magnetka_105x50_Zadierlaska_tiesnava1.jpg\" \/>\n\t<meta property=\"og:image:width\" content=\"1240\" \/>\n\t<meta property=\"og:image:height\" content=\"591\" \/>\n\t<meta property=\"og:image:type\" content=\"image\/jpeg\" \/>\n<meta name=\"twitter:card\" content=\"summary_large_image\" \/>\n<meta name=\"twitter:label1\" content=\"Predpokladan\u00fd \u010das \u010d\u00edtania\" \/>\n\t<meta name=\"twitter:data1\" content=\"1 min\u00fata\" \/>\n<script type=\"application\/ld+json\" class=\"yoast-schema-graph\">{\"@context\":\"https:\\\/\\\/schema.org\",\"@graph\":[{\"@type\":\"WebPage\",\"@id\":\"https:\\\/\\\/epoca.sk\\\/web\\\/produkt\\\/magnetka-zadielska-tiesnava\\\/\",\"url\":\"https:\\\/\\\/epoca.sk\\\/web\\\/produkt\\\/magnetka-zadielska-tiesnava\\\/\",\"name\":\"magnetka Z\u00e1dielska ties\u0148ava &#187; EPOCA, s.r.o.\",\"isPartOf\":{\"@id\":\"https:\\\/\\\/epoca.sk\\\/web\\\/#website\"},\"primaryImageOfPage\":{\"@id\":\"https:\\\/\\\/epoca.sk\\\/web\\\/produkt\\\/magnetka-zadielska-tiesnava\\\/#primaryimage\"},\"image\":{\"@id\":\"https:\\\/\\\/epoca.sk\\\/web\\\/produkt\\\/magnetka-zadielska-tiesnava\\\/#primaryimage\"},\"thumbnailUrl\":\"https:\\\/\\\/epoca.sk\\\/web\\\/wp-content\\\/uploads\\\/2020\\\/09\\\/magnetka_105x50_Zadierlaska_tiesnava1.jpg\",\"datePublished\":\"2021-04-29T18:49:16+00:00\",\"dateModified\":\"2021-07-19T16:22:01+00:00\",\"description\":\"magnetka Z\u00e1dielsk\u00e1 ties\u0148ava\",\"breadcrumb\":{\"@id\":\"https:\\\/\\\/epoca.sk\\\/web\\\/produkt\\\/magnetka-zadielska-tiesnava\\\/#breadcrumb\"},\"inLanguage\":\"sk-SK\",\"potentialAction\":[{\"@type\":\"ReadAction\",\"target\":[\"https:\\\/\\\/epoca.sk\\\/web\\\/produkt\\\/magnetka-zadielska-tiesnava\\\/\"]}]},{\"@type\":\"ImageObject\",\"inLanguage\":\"sk-SK\",\"@id\":\"https:\\\/\\\/epoca.sk\\\/web\\\/produkt\\\/magnetka-zadielska-tiesnava\\\/#primaryimage\",\"url\":\"https:\\\/\\\/epoca.sk\\\/web\\\/wp-content\\\/uploads\\\/2020\\\/09\\\/magnetka_105x50_Zadierlaska_tiesnava1.jpg\",\"contentUrl\":\"https:\\\/\\\/epoca.sk\\\/web\\\/wp-content\\\/uploads\\\/2020\\\/09\\\/magnetka_105x50_Zadierlaska_tiesnava1.jpg\",\"width\":1240,\"height\":591,\"caption\":\"Z\u00e1dielsk\u00e1 ties\u0148ava 105x50mm\"},{\"@type\":\"BreadcrumbList\",\"@id\":\"https:\\\/\\\/epoca.sk\\\/web\\\/produkt\\\/magnetka-zadielska-tiesnava\\\/#breadcrumb\",\"itemListElement\":[{\"@type\":\"ListItem\",\"position\":1,\"name\":\"Home\",\"item\":\"https:\\\/\\\/epoca.sk\\\/web\\\/\"},{\"@type\":\"ListItem\",\"position\":2,\"name\":\"eShop\",\"item\":\"https:\\\/\\\/epoca.sk\\\/web\\\/vianocna-ponuka-produktov-vydavatelstva-epoca\\\/\"},{\"@type\":\"ListItem\",\"position\":3,\"name\":\"magnetka Z\u00e1dielska ties\u0148ava\"}]},{\"@type\":\"WebSite\",\"@id\":\"https:\\\/\\\/epoca.sk\\\/web\\\/#website\",\"url\":\"https:\\\/\\\/epoca.sk\\\/web\\\/\",\"name\":\"EPOCA\",\"description\":\"REKLAMN\u00c9 SLU\u017dBY a VYDAVATE\u013dSTVO\",\"publisher\":{\"@id\":\"https:\\\/\\\/epoca.sk\\\/web\\\/#organization\"},\"potentialAction\":[{\"@type\":\"SearchAction\",\"target\":{\"@type\":\"EntryPoint\",\"urlTemplate\":\"https:\\\/\\\/epoca.sk\\\/web\\\/?s={search_term_string}\"},\"query-input\":{\"@type\":\"PropertyValueSpecification\",\"valueRequired\":true,\"valueName\":\"search_term_string\"}}],\"inLanguage\":\"sk-SK\"},{\"@type\":\"Organization\",\"@id\":\"https:\\\/\\\/epoca.sk\\\/web\\\/#organization\",\"name\":\"EPOCA\",\"url\":\"https:\\\/\\\/epoca.sk\\\/web\\\/\",\"logo\":{\"@type\":\"ImageObject\",\"inLanguage\":\"sk-SK\",\"@id\":\"https:\\\/\\\/epoca.sk\\\/web\\\/#\\\/schema\\\/logo\\\/image\\\/\",\"url\":\"https:\\\/\\\/epoca.sk\\\/web\\\/wp-content\\\/uploads\\\/2017\\\/03\\\/EPOCA_logo_WEB.png\",\"contentUrl\":\"https:\\\/\\\/epoca.sk\\\/web\\\/wp-content\\\/uploads\\\/2017\\\/03\\\/EPOCA_logo_WEB.png\",\"width\":952,\"height\":305,\"caption\":\"EPOCA\"},\"image\":{\"@id\":\"https:\\\/\\\/epoca.sk\\\/web\\\/#\\\/schema\\\/logo\\\/image\\\/\"},\"sameAs\":[\"https:\\\/\\\/www.facebook.com\\\/Reklamn\u00e1-agent\u00fara-EPOCA-1830406840541577\",\"https:\\\/\\\/www.instagram.com\\\/_u\\\/epocavydavatelstvo\"]}]}<\/script>\n<!-- \/ Yoast SEO plugin. -->","yoast_head_json":{"title":"magnetka Z\u00e1dielska ties\u0148ava &#187; EPOCA, s.r.o.","description":"magnetka Z\u00e1dielsk\u00e1 ties\u0148ava","robots":{"index":"index","follow":"follow","max-snippet":"max-snippet:-1","max-image-preview":"max-image-preview:large","max-video-preview":"max-video-preview:-1"},"canonical":"https:\/\/epoca.sk\/web\/produkt\/magnetka-zadielska-tiesnava\/","og_locale":"sk_SK","og_type":"article","og_title":"magnetka Z\u00e1dielska ties\u0148ava &#187; EPOCA, s.r.o.","og_description":"magnetka Z\u00e1dielsk\u00e1 ties\u0148ava","og_url":"https:\/\/epoca.sk\/web\/produkt\/magnetka-zadielska-tiesnava\/","og_site_name":"EPOCA, s.r.o.","article_publisher":"https:\/\/www.facebook.com\/Reklamn%c3%a1-agent%c3%bara-EPOCA-1830406840541577","article_modified_time":"2021-07-19T16:22:01+00:00","og_image":[{"width":1240,"height":591,"url":"https:\/\/epoca.sk\/web\/wp-content\/uploads\/2020\/09\/magnetka_105x50_Zadierlaska_tiesnava1.jpg","type":"image\/jpeg"}],"twitter_card":"summary_large_image","twitter_misc":{"Predpokladan\u00fd \u010das \u010d\u00edtania":"1 min\u00fata"},"schema":{"@context":"https:\/\/schema.org","@graph":[{"@type":"WebPage","@id":"https:\/\/epoca.sk\/web\/produkt\/magnetka-zadielska-tiesnava\/","url":"https:\/\/epoca.sk\/web\/produkt\/magnetka-zadielska-tiesnava\/","name":"magnetka Z\u00e1dielska ties\u0148ava &#187; EPOCA, s.r.o.","isPartOf":{"@id":"https:\/\/epoca.sk\/web\/#website"},"primaryImageOfPage":{"@id":"https:\/\/epoca.sk\/web\/produkt\/magnetka-zadielska-tiesnava\/#primaryimage"},"image":{"@id":"https:\/\/epoca.sk\/web\/produkt\/magnetka-zadielska-tiesnava\/#primaryimage"},"thumbnailUrl":"https:\/\/epoca.sk\/web\/wp-content\/uploads\/2020\/09\/magnetka_105x50_Zadierlaska_tiesnava1.jpg","datePublished":"2021-04-29T18:49:16+00:00","dateModified":"2021-07-19T16:22:01+00:00","description":"magnetka Z\u00e1dielsk\u00e1 ties\u0148ava","breadcrumb":{"@id":"https:\/\/epoca.sk\/web\/produkt\/magnetka-zadielska-tiesnava\/#breadcrumb"},"inLanguage":"sk-SK","potentialAction":[{"@type":"ReadAction","target":["https:\/\/epoca.sk\/web\/produkt\/magnetka-zadielska-tiesnava\/"]}]},{"@type":"ImageObject","inLanguage":"sk-SK","@id":"https:\/\/epoca.sk\/web\/produkt\/magnetka-zadielska-tiesnava\/#primaryimage","url":"https:\/\/epoca.sk\/web\/wp-content\/uploads\/2020\/09\/magnetka_105x50_Zadierlaska_tiesnava1.jpg","contentUrl":"https:\/\/epoca.sk\/web\/wp-content\/uploads\/2020\/09\/magnetka_105x50_Zadierlaska_tiesnava1.jpg","width":1240,"height":591,"caption":"Z\u00e1dielsk\u00e1 ties\u0148ava 105x50mm"},{"@type":"BreadcrumbList","@id":"https:\/\/epoca.sk\/web\/produkt\/magnetka-zadielska-tiesnava\/#breadcrumb","itemListElement":[{"@type":"ListItem","position":1,"name":"Home","item":"https:\/\/epoca.sk\/web\/"},{"@type":"ListItem","position":2,"name":"eShop","item":"https:\/\/epoca.sk\/web\/vianocna-ponuka-produktov-vydavatelstva-epoca\/"},{"@type":"ListItem","position":3,"name":"magnetka Z\u00e1dielska ties\u0148ava"}]},{"@type":"WebSite","@id":"https:\/\/epoca.sk\/web\/#website","url":"https:\/\/epoca.sk\/web\/","name":"EPOCA","description":"REKLAMN\u00c9 SLU\u017dBY a VYDAVATE\u013dSTVO","publisher":{"@id":"https:\/\/epoca.sk\/web\/#organization"},"potentialAction":[{"@type":"SearchAction","target":{"@type":"EntryPoint","urlTemplate":"https:\/\/epoca.sk\/web\/?s={search_term_string}"},"query-input":{"@type":"PropertyValueSpecification","valueRequired":true,"valueName":"search_term_string"}}],"inLanguage":"sk-SK"},{"@type":"Organization","@id":"https:\/\/epoca.sk\/web\/#organization","name":"EPOCA","url":"https:\/\/epoca.sk\/web\/","logo":{"@type":"ImageObject","inLanguage":"sk-SK","@id":"https:\/\/epoca.sk\/web\/#\/schema\/logo\/image\/","url":"https:\/\/epoca.sk\/web\/wp-content\/uploads\/2017\/03\/EPOCA_logo_WEB.png","contentUrl":"https:\/\/epoca.sk\/web\/wp-content\/uploads\/2017\/03\/EPOCA_logo_WEB.png","width":952,"height":305,"caption":"EPOCA"},"image":{"@id":"https:\/\/epoca.sk\/web\/#\/schema\/logo\/image\/"},"sameAs":["https:\/\/www.facebook.com\/Reklamn\u00e1-agent\u00fara-EPOCA-1830406840541577","https:\/\/www.instagram.com\/_u\/epocavydavatelstvo"]}]}},"spectra_custom_meta":{"_edit_lock":["1626711725:1"],"_edit_last":["1"],"_yoast_wpseo_primary_product_cat":["28"],"_regular_price":[".99"],"total_sales":["0"],"_tax_status":["taxable"],"_tax_class":[""],"_manage_stock":["yes"],"_backorders":["notify"],"_sold_individually":["no"],"_virtual":["no"],"_downloadable":["no"],"_download_limit":["-1"],"_download_expiry":["-1"],"_stock":["78.000000"],"_stock_status":["instock"],"_wc_average_rating":["0"],"_wc_review_count":["0"],"_product_version":["5.5.1"],"_price":[".99"],"_yoast_wpseo_metadesc":["magnetka Z\u00e1dielsk\u00e1 ties\u0148ava"],"_yoast_wpseo_content_score":["90"],"_yoast_wpseo_estimated-reading-time-minutes":["1"],"_thumbnail_id":["679"],"_last_editor_used_jetpack":["classic-editor"],"_eb_reusable_block_ids":["a:0:{}"],"_eael_post_view_count":["683"],"_uag_css_file_name":["uag-css-865.css"],"_uag_page_assets":["a:9:{s:3:\"css\";s:0:\"\";s:2:\"js\";s:0:\"\";s:18:\"current_block_list\";a:10:{i:0;s:12:\"core\/buttons\";i:1;s:11:\"core\/button\";i:2;s:10:\"core\/image\";i:3;s:15:\"core\/media-text\";i:4;s:14:\"core\/paragraph\";i:5;s:12:\"core\/columns\";i:6;s:11:\"core\/column\";i:7;s:12:\"core\/heading\";i:8;s:30:\"woocommerce\/product-categories\";i:9;s:17:\"core\/latest-posts\";}s:8:\"uag_flag\";b:0;s:11:\"uag_version\";s:10:\"1776852022\";s:6:\"gfonts\";a:0:{}s:10:\"gfonts_url\";s:0:\"\";s:12:\"gfonts_files\";a:0:{}s:14:\"uag_faq_layout\";b:0;}"]},"uagb_featured_image_src":{"full":["https:\/\/epoca.sk\/web\/wp-content\/uploads\/2020\/09\/magnetka_105x50_Zadierlaska_tiesnava1.jpg",1240,591,false],"thumbnail":["https:\/\/epoca.sk\/web\/wp-content\/uploads\/2020\/09\/magnetka_105x50_Zadierlaska_tiesnava1-150x71.jpg",150,71,true],"medium":["https:\/\/epoca.sk\/web\/wp-content\/uploads\/2020\/09\/magnetka_105x50_Zadierlaska_tiesnava1-300x143.jpg",300,143,true],"medium_large":["https:\/\/epoca.sk\/web\/wp-content\/uploads\/2020\/09\/magnetka_105x50_Zadierlaska_tiesnava1-768x366.jpg",768,366,true],"large":["https:\/\/epoca.sk\/web\/wp-content\/uploads\/2020\/09\/magnetka_105x50_Zadierlaska_tiesnava1-1024x488.jpg",1024,488,true],"1536x1536":["https:\/\/epoca.sk\/web\/wp-content\/uploads\/2020\/09\/magnetka_105x50_Zadierlaska_tiesnava1.jpg",1240,591,false],"2048x2048":["https:\/\/epoca.sk\/web\/wp-content\/uploads\/2020\/09\/magnetka_105x50_Zadierlaska_tiesnava1.jpg",1240,591,false],"woocommerce_thumbnail":["https:\/\/epoca.sk\/web\/wp-content\/uploads\/2020\/09\/magnetka_105x50_Zadierlaska_tiesnava1-300x400.jpg",300,400,true],"woocommerce_single":["https:\/\/epoca.sk\/web\/wp-content\/uploads\/2020\/09\/magnetka_105x50_Zadierlaska_tiesnava1-600x286.jpg",600,286,true],"woocommerce_gallery_thumbnail":["https:\/\/epoca.sk\/web\/wp-content\/uploads\/2020\/09\/magnetka_105x50_Zadierlaska_tiesnava1-100x100.jpg",100,100,true]},"uagb_author_info":{"display_name":"Juraj","author_link":"https:\/\/epoca.sk\/web\/author\/"},"uagb_comment_info":0,"uagb_excerpt":"magnetka Z\u00e1dielsk\u00e1 ties\u0148ava","jetpack_sharing_enabled":true,"_links":{"self":[{"href":"https:\/\/epoca.sk\/web\/wp-json\/wp\/v2\/product\/865","targetHints":{"allow":["GET"]}}],"collection":[{"href":"https:\/\/epoca.sk\/web\/wp-json\/wp\/v2\/product"}],"about":[{"href":"https:\/\/epoca.sk\/web\/wp-json\/wp\/v2\/types\/product"}],"replies":[{"embeddable":true,"href":"https:\/\/epoca.sk\/web\/wp-json\/wp\/v2\/comments?post=865"}],"wp:featuredmedia":[{"embeddable":true,"href":"https:\/\/epoca.sk\/web\/wp-json\/wp\/v2\/media\/679"}],"wp:attachment":[{"href":"https:\/\/epoca.sk\/web\/wp-json\/wp\/v2\/media?parent=865"}],"wp:term":[{"taxonomy":"product_brand","embeddable":true,"href":"https:\/\/epoca.sk\/web\/wp-json\/wp\/v2\/product_brand?post=865"},{"taxonomy":"product_cat","embeddable":true,"href":"https:\/\/epoca.sk\/web\/wp-json\/wp\/v2\/product_cat?post=865"},{"taxonomy":"product_tag","embeddable":true,"href":"https:\/\/epoca.sk\/web\/wp-json\/wp\/v2\/product_tag?post=865"}],"curies":[{"name":"wp","href":"https:\/\/api.w.org\/{rel}","templated":true}]}}