{"id":979,"date":"2021-06-26T23:06:32","date_gmt":"2021-06-26T21:06:32","guid":{"rendered":"https:\/\/epoca.sk\/web\/?post_type=product&#038;p=979"},"modified":"2021-12-02T21:17:52","modified_gmt":"2021-12-02T20:17:52","slug":"mapa-regionu-np-slovensky-kras","status":"publish","type":"product","link":"https:\/\/epoca.sk\/web\/produkt\/mapa-regionu-np-slovensky-kras\/","title":{"rendered":"Mapa regi\u00f3nu NP Slovensk\u00fd kras 2021"},"content":{"rendered":"<p>Skladan\u00e1 turistick\u00e1 mapa &#8211; N\u00e1rodn\u00fd park Slovensk\u00fd kras, Gemer, Ro\u017e\u0148ava, NP Aggtelek, Z\u00e1dielsk\u00e1 ties\u0148ava, Rudohorie a povodie Bodvy.<\/p>\n<p>Rozmer 9,5 x 29,5 cm skladan\u00e1 ho harmoniky<\/p>\n<p>Obsahuje turistick\u00e9 zna\u010den\u00e9 trasy, cyklotrasy, kri\u017eovatky turistick\u00fdch tr\u00e1s, turistick\u00e9 destin\u00e1cie s popismi.<\/p>\n<p>&nbsp;<\/p>\n","protected":false},"excerpt":{"rendered":"<p>Skladan\u00e1 turistick\u00e1 mapa &#8211; N\u00e1rodn\u00fd park Slovensk\u00fd kras, Gemer, Ro\u017e\u0148ava, NP Aggtelek, Z\u00e1dielsk\u00e1 ties\u0148ava, Rudohorie a povodie Bodvy.<\/p>\n<p>Rozmer 9,5 x 29,5 cm skladan\u00e1 ho harmoniky<\/p>\n<p>Obsahuje turistick\u00e9 zna\u010den\u00e9 trasy, cyklotrasy, kri\u017eovatky turistick\u00fdch tr\u00e1s, turistick\u00e9 destin\u00e1cie s popismi.<\/p>\n","protected":false},"featured_media":976,"comment_status":"closed","ping_status":"closed","template":"","meta":{"_uag_custom_page_level_css":"","site-sidebar-layout":"default","site-content-layout":"","ast-site-content-layout":"default","site-content-style":"default","site-sidebar-style":"default","ast-global-header-display":"","ast-banner-title-visibility":"","ast-main-header-display":"","ast-hfb-above-header-display":"","ast-hfb-below-header-display":"","ast-hfb-mobile-header-display":"","site-post-title":"","ast-breadcrumbs-content":"","ast-featured-img":"","footer-sml-layout":"","ast-disable-related-posts":"","theme-transparent-header-meta":"","adv-header-id-meta":"","stick-header-meta":"","header-above-stick-meta":"","header-main-stick-meta":"","header-below-stick-meta":"","astra-migrate-meta-layouts":"default","ast-page-background-enabled":"default","ast-page-background-meta":{"desktop":{"background-color":"var(--ast-global-color-4)","background-image":"","background-repeat":"repeat","background-position":"center center","background-size":"auto","background-attachment":"scroll","background-type":"","background-media":"","overlay-type":"","overlay-color":"","overlay-opacity":"","overlay-gradient":""},"tablet":{"background-color":"","background-image":"","background-repeat":"repeat","background-position":"center center","background-size":"auto","background-attachment":"scroll","background-type":"","background-media":"","overlay-type":"","overlay-color":"","overlay-opacity":"","overlay-gradient":""},"mobile":{"background-color":"","background-image":"","background-repeat":"repeat","background-position":"center center","background-size":"auto","background-attachment":"scroll","background-type":"","background-media":"","overlay-type":"","overlay-color":"","overlay-opacity":"","overlay-gradient":""}},"ast-content-background-meta":{"desktop":{"background-color":"var(--ast-global-color-5)","background-image":"","background-repeat":"repeat","background-position":"center center","background-size":"auto","background-attachment":"scroll","background-type":"","background-media":"","overlay-type":"","overlay-color":"","overlay-opacity":"","overlay-gradient":""},"tablet":{"background-color":"var(--ast-global-color-5)","background-image":"","background-repeat":"repeat","background-position":"center center","background-size":"auto","background-attachment":"scroll","background-type":"","background-media":"","overlay-type":"","overlay-color":"","overlay-opacity":"","overlay-gradient":""},"mobile":{"background-color":"var(--ast-global-color-5)","background-image":"","background-repeat":"repeat","background-position":"center center","background-size":"auto","background-attachment":"scroll","background-type":"","background-media":"","overlay-type":"","overlay-color":"","overlay-opacity":"","overlay-gradient":""}}},"product_brand":[],"product_cat":[40,20],"product_tag":[],"class_list":{"0":"post-979","1":"product","2":"type-product","3":"status-publish","4":"has-post-thumbnail","6":"product_cat-edicia-zombojko","7":"product_cat-ostatne","8":"desktop-align-left","9":"tablet-align-left","10":"mobile-align-left","12":"first","13":"instock","14":"taxable","15":"shipping-taxable","16":"purchasable","17":"product-type-simple"},"yoast_head":"<!-- This site is optimized with the Yoast SEO plugin v27.4 - https:\/\/yoast.com\/product\/yoast-seo-wordpress\/ -->\n<title>Mapa regi\u00f3nu NP Slovensk\u00fd kras 2021 &#187; EPOCA, s.r.o. od \u017dombojka<\/title>\n<meta name=\"description\" content=\"Skladan\u00e1 turistick\u00e1 mapa - N\u00e1rodn\u00fd park Slovensk\u00fd kras, Gemer, Ro\u017e\u0148ava, NP Aggtelek, Z\u00e1dielsk\u00e1 ties\u0148ava, Rudohorie a povodie Bodvy. \u00a0\" \/>\n<meta name=\"robots\" content=\"index, follow, max-snippet:-1, max-image-preview:large, max-video-preview:-1\" \/>\n<link rel=\"canonical\" href=\"https:\/\/epoca.sk\/web\/produkt\/mapa-regionu-np-slovensky-kras\/\" \/>\n<meta property=\"og:locale\" content=\"sk_SK\" \/>\n<meta property=\"og:type\" content=\"article\" \/>\n<meta property=\"og:title\" content=\"Mapa regi\u00f3nu NP Slovensk\u00fd kras 2021 &#187; EPOCA, s.r.o. od \u017dombojka\" \/>\n<meta property=\"og:description\" content=\"Skladan\u00e1 turistick\u00e1 mapa - N\u00e1rodn\u00fd park Slovensk\u00fd kras, Gemer, Ro\u017e\u0148ava, NP Aggtelek, Z\u00e1dielsk\u00e1 ties\u0148ava, Rudohorie a povodie Bodvy. \u00a0\" \/>\n<meta property=\"og:url\" content=\"https:\/\/epoca.sk\/web\/produkt\/mapa-regionu-np-slovensky-kras\/\" \/>\n<meta property=\"og:site_name\" content=\"EPOCA, s.r.o.\" \/>\n<meta property=\"article:publisher\" content=\"https:\/\/www.facebook.com\/Reklamn%c3%a1-agent%c3%bara-EPOCA-1830406840541577\" \/>\n<meta property=\"article:modified_time\" content=\"2021-12-02T20:17:52+00:00\" \/>\n<meta property=\"og:image\" content=\"https:\/\/epoca.sk\/web\/wp-content\/uploads\/2021\/06\/Mapa_regionu_2021_harmonika.jpg\" \/>\n\t<meta property=\"og:image:width\" content=\"2519\" \/>\n\t<meta property=\"og:image:height\" content=\"2519\" \/>\n\t<meta property=\"og:image:type\" content=\"image\/jpeg\" \/>\n<meta name=\"twitter:card\" content=\"summary_large_image\" \/>\n<meta name=\"twitter:label1\" content=\"Predpokladan\u00fd \u010das \u010d\u00edtania\" \/>\n\t<meta name=\"twitter:data1\" content=\"1 min\u00fata\" \/>\n<script type=\"application\/ld+json\" class=\"yoast-schema-graph\">{\"@context\":\"https:\\\/\\\/schema.org\",\"@graph\":[{\"@type\":\"WebPage\",\"@id\":\"https:\\\/\\\/epoca.sk\\\/web\\\/produkt\\\/mapa-regionu-np-slovensky-kras\\\/\",\"url\":\"https:\\\/\\\/epoca.sk\\\/web\\\/produkt\\\/mapa-regionu-np-slovensky-kras\\\/\",\"name\":\"Mapa regi\u00f3nu NP Slovensk\u00fd kras 2021 &#187; EPOCA, s.r.o. od \u017dombojka\",\"isPartOf\":{\"@id\":\"https:\\\/\\\/epoca.sk\\\/web\\\/#website\"},\"primaryImageOfPage\":{\"@id\":\"https:\\\/\\\/epoca.sk\\\/web\\\/produkt\\\/mapa-regionu-np-slovensky-kras\\\/#primaryimage\"},\"image\":{\"@id\":\"https:\\\/\\\/epoca.sk\\\/web\\\/produkt\\\/mapa-regionu-np-slovensky-kras\\\/#primaryimage\"},\"thumbnailUrl\":\"https:\\\/\\\/epoca.sk\\\/web\\\/wp-content\\\/uploads\\\/2021\\\/06\\\/Mapa_regionu_2021_harmonika.jpg\",\"datePublished\":\"2021-06-26T21:06:32+00:00\",\"dateModified\":\"2021-12-02T20:17:52+00:00\",\"description\":\"Skladan\u00e1 turistick\u00e1 mapa - N\u00e1rodn\u00fd park Slovensk\u00fd kras, Gemer, Ro\u017e\u0148ava, NP Aggtelek, Z\u00e1dielsk\u00e1 ties\u0148ava, Rudohorie a povodie Bodvy. \u00a0\",\"breadcrumb\":{\"@id\":\"https:\\\/\\\/epoca.sk\\\/web\\\/produkt\\\/mapa-regionu-np-slovensky-kras\\\/#breadcrumb\"},\"inLanguage\":\"sk-SK\",\"potentialAction\":[{\"@type\":\"ReadAction\",\"target\":[\"https:\\\/\\\/epoca.sk\\\/web\\\/produkt\\\/mapa-regionu-np-slovensky-kras\\\/\"]}]},{\"@type\":\"ImageObject\",\"inLanguage\":\"sk-SK\",\"@id\":\"https:\\\/\\\/epoca.sk\\\/web\\\/produkt\\\/mapa-regionu-np-slovensky-kras\\\/#primaryimage\",\"url\":\"https:\\\/\\\/epoca.sk\\\/web\\\/wp-content\\\/uploads\\\/2021\\\/06\\\/Mapa_regionu_2021_harmonika.jpg\",\"contentUrl\":\"https:\\\/\\\/epoca.sk\\\/web\\\/wp-content\\\/uploads\\\/2021\\\/06\\\/Mapa_regionu_2021_harmonika.jpg\",\"width\":2519,\"height\":2519},{\"@type\":\"BreadcrumbList\",\"@id\":\"https:\\\/\\\/epoca.sk\\\/web\\\/produkt\\\/mapa-regionu-np-slovensky-kras\\\/#breadcrumb\",\"itemListElement\":[{\"@type\":\"ListItem\",\"position\":1,\"name\":\"Home\",\"item\":\"https:\\\/\\\/epoca.sk\\\/web\\\/\"},{\"@type\":\"ListItem\",\"position\":2,\"name\":\"eShop\",\"item\":\"https:\\\/\\\/epoca.sk\\\/web\\\/vianocna-ponuka-produktov-vydavatelstva-epoca\\\/\"},{\"@type\":\"ListItem\",\"position\":3,\"name\":\"Mapa regi\u00f3nu NP Slovensk\u00fd kras 2021\"}]},{\"@type\":\"WebSite\",\"@id\":\"https:\\\/\\\/epoca.sk\\\/web\\\/#website\",\"url\":\"https:\\\/\\\/epoca.sk\\\/web\\\/\",\"name\":\"EPOCA\",\"description\":\"REKLAMN\u00c9 SLU\u017dBY a VYDAVATE\u013dSTVO\",\"publisher\":{\"@id\":\"https:\\\/\\\/epoca.sk\\\/web\\\/#organization\"},\"potentialAction\":[{\"@type\":\"SearchAction\",\"target\":{\"@type\":\"EntryPoint\",\"urlTemplate\":\"https:\\\/\\\/epoca.sk\\\/web\\\/?s={search_term_string}\"},\"query-input\":{\"@type\":\"PropertyValueSpecification\",\"valueRequired\":true,\"valueName\":\"search_term_string\"}}],\"inLanguage\":\"sk-SK\"},{\"@type\":\"Organization\",\"@id\":\"https:\\\/\\\/epoca.sk\\\/web\\\/#organization\",\"name\":\"EPOCA\",\"url\":\"https:\\\/\\\/epoca.sk\\\/web\\\/\",\"logo\":{\"@type\":\"ImageObject\",\"inLanguage\":\"sk-SK\",\"@id\":\"https:\\\/\\\/epoca.sk\\\/web\\\/#\\\/schema\\\/logo\\\/image\\\/\",\"url\":\"https:\\\/\\\/epoca.sk\\\/web\\\/wp-content\\\/uploads\\\/2017\\\/03\\\/EPOCA_logo_WEB.png\",\"contentUrl\":\"https:\\\/\\\/epoca.sk\\\/web\\\/wp-content\\\/uploads\\\/2017\\\/03\\\/EPOCA_logo_WEB.png\",\"width\":952,\"height\":305,\"caption\":\"EPOCA\"},\"image\":{\"@id\":\"https:\\\/\\\/epoca.sk\\\/web\\\/#\\\/schema\\\/logo\\\/image\\\/\"},\"sameAs\":[\"https:\\\/\\\/www.facebook.com\\\/Reklamn\u00e1-agent\u00fara-EPOCA-1830406840541577\",\"https:\\\/\\\/www.instagram.com\\\/_u\\\/epocavydavatelstvo\"]}]}<\/script>\n<!-- \/ Yoast SEO plugin. -->","yoast_head_json":{"title":"Mapa regi\u00f3nu NP Slovensk\u00fd kras 2021 &#187; EPOCA, s.r.o. od \u017dombojka","description":"Skladan\u00e1 turistick\u00e1 mapa - N\u00e1rodn\u00fd park Slovensk\u00fd kras, Gemer, Ro\u017e\u0148ava, NP Aggtelek, Z\u00e1dielsk\u00e1 ties\u0148ava, Rudohorie a povodie Bodvy. \u00a0","robots":{"index":"index","follow":"follow","max-snippet":"max-snippet:-1","max-image-preview":"max-image-preview:large","max-video-preview":"max-video-preview:-1"},"canonical":"https:\/\/epoca.sk\/web\/produkt\/mapa-regionu-np-slovensky-kras\/","og_locale":"sk_SK","og_type":"article","og_title":"Mapa regi\u00f3nu NP Slovensk\u00fd kras 2021 &#187; EPOCA, s.r.o. od \u017dombojka","og_description":"Skladan\u00e1 turistick\u00e1 mapa - N\u00e1rodn\u00fd park Slovensk\u00fd kras, Gemer, Ro\u017e\u0148ava, NP Aggtelek, Z\u00e1dielsk\u00e1 ties\u0148ava, Rudohorie a povodie Bodvy. \u00a0","og_url":"https:\/\/epoca.sk\/web\/produkt\/mapa-regionu-np-slovensky-kras\/","og_site_name":"EPOCA, s.r.o.","article_publisher":"https:\/\/www.facebook.com\/Reklamn%c3%a1-agent%c3%bara-EPOCA-1830406840541577","article_modified_time":"2021-12-02T20:17:52+00:00","og_image":[{"width":2519,"height":2519,"url":"https:\/\/epoca.sk\/web\/wp-content\/uploads\/2021\/06\/Mapa_regionu_2021_harmonika.jpg","type":"image\/jpeg"}],"twitter_card":"summary_large_image","twitter_misc":{"Predpokladan\u00fd \u010das \u010d\u00edtania":"1 min\u00fata"},"schema":{"@context":"https:\/\/schema.org","@graph":[{"@type":"WebPage","@id":"https:\/\/epoca.sk\/web\/produkt\/mapa-regionu-np-slovensky-kras\/","url":"https:\/\/epoca.sk\/web\/produkt\/mapa-regionu-np-slovensky-kras\/","name":"Mapa regi\u00f3nu NP Slovensk\u00fd kras 2021 &#187; EPOCA, s.r.o. od \u017dombojka","isPartOf":{"@id":"https:\/\/epoca.sk\/web\/#website"},"primaryImageOfPage":{"@id":"https:\/\/epoca.sk\/web\/produkt\/mapa-regionu-np-slovensky-kras\/#primaryimage"},"image":{"@id":"https:\/\/epoca.sk\/web\/produkt\/mapa-regionu-np-slovensky-kras\/#primaryimage"},"thumbnailUrl":"https:\/\/epoca.sk\/web\/wp-content\/uploads\/2021\/06\/Mapa_regionu_2021_harmonika.jpg","datePublished":"2021-06-26T21:06:32+00:00","dateModified":"2021-12-02T20:17:52+00:00","description":"Skladan\u00e1 turistick\u00e1 mapa - N\u00e1rodn\u00fd park Slovensk\u00fd kras, Gemer, Ro\u017e\u0148ava, NP Aggtelek, Z\u00e1dielsk\u00e1 ties\u0148ava, Rudohorie a povodie Bodvy. \u00a0","breadcrumb":{"@id":"https:\/\/epoca.sk\/web\/produkt\/mapa-regionu-np-slovensky-kras\/#breadcrumb"},"inLanguage":"sk-SK","potentialAction":[{"@type":"ReadAction","target":["https:\/\/epoca.sk\/web\/produkt\/mapa-regionu-np-slovensky-kras\/"]}]},{"@type":"ImageObject","inLanguage":"sk-SK","@id":"https:\/\/epoca.sk\/web\/produkt\/mapa-regionu-np-slovensky-kras\/#primaryimage","url":"https:\/\/epoca.sk\/web\/wp-content\/uploads\/2021\/06\/Mapa_regionu_2021_harmonika.jpg","contentUrl":"https:\/\/epoca.sk\/web\/wp-content\/uploads\/2021\/06\/Mapa_regionu_2021_harmonika.jpg","width":2519,"height":2519},{"@type":"BreadcrumbList","@id":"https:\/\/epoca.sk\/web\/produkt\/mapa-regionu-np-slovensky-kras\/#breadcrumb","itemListElement":[{"@type":"ListItem","position":1,"name":"Home","item":"https:\/\/epoca.sk\/web\/"},{"@type":"ListItem","position":2,"name":"eShop","item":"https:\/\/epoca.sk\/web\/vianocna-ponuka-produktov-vydavatelstva-epoca\/"},{"@type":"ListItem","position":3,"name":"Mapa regi\u00f3nu NP Slovensk\u00fd kras 2021"}]},{"@type":"WebSite","@id":"https:\/\/epoca.sk\/web\/#website","url":"https:\/\/epoca.sk\/web\/","name":"EPOCA","description":"REKLAMN\u00c9 SLU\u017dBY a VYDAVATE\u013dSTVO","publisher":{"@id":"https:\/\/epoca.sk\/web\/#organization"},"potentialAction":[{"@type":"SearchAction","target":{"@type":"EntryPoint","urlTemplate":"https:\/\/epoca.sk\/web\/?s={search_term_string}"},"query-input":{"@type":"PropertyValueSpecification","valueRequired":true,"valueName":"search_term_string"}}],"inLanguage":"sk-SK"},{"@type":"Organization","@id":"https:\/\/epoca.sk\/web\/#organization","name":"EPOCA","url":"https:\/\/epoca.sk\/web\/","logo":{"@type":"ImageObject","inLanguage":"sk-SK","@id":"https:\/\/epoca.sk\/web\/#\/schema\/logo\/image\/","url":"https:\/\/epoca.sk\/web\/wp-content\/uploads\/2017\/03\/EPOCA_logo_WEB.png","contentUrl":"https:\/\/epoca.sk\/web\/wp-content\/uploads\/2017\/03\/EPOCA_logo_WEB.png","width":952,"height":305,"caption":"EPOCA"},"image":{"@id":"https:\/\/epoca.sk\/web\/#\/schema\/logo\/image\/"},"sameAs":["https:\/\/www.facebook.com\/Reklamn\u00e1-agent\u00fara-EPOCA-1830406840541577","https:\/\/www.instagram.com\/_u\/epocavydavatelstvo"]}]}},"spectra_custom_meta":{"_last_editor_used_jetpack":["classic-editor"],"_edit_lock":["1638476187:1"],"_edit_last":["1"],"_yoast_wpseo_primary_product_cat":["40"],"_thumbnail_id":["976"],"_regular_price":["0.79"],"total_sales":["2"],"_tax_status":["taxable"],"_tax_class":[""],"_manage_stock":["yes"],"_backorders":["no"],"_sold_individually":["no"],"_virtual":["no"],"_downloadable":["no"],"_download_limit":["-1"],"_download_expiry":["-1"],"_stock":["1682"],"_stock_status":["instock"],"_wc_average_rating":["0"],"_wc_review_count":["0"],"_product_version":["5.8.0"],"_price":["0.79"],"_product_image_gallery":["978,977,976,975"],"_yoast_wpseo_focuskw":["Turistick\u00e1 mapa N\u00e1rodn\u00e9ho parku Slovensk\u00e1 kras"],"_yoast_wpseo_title":["%%title%% %%page%% %%sep%% %%sitename%% od \u017dombojka"],"_yoast_wpseo_metadesc":["Skladan\u00e1 turistick\u00e1 mapa - N\u00e1rodn\u00fd park Slovensk\u00fd kras, Gemer, Ro\u017e\u0148ava, NP Aggtelek, Z\u00e1dielsk\u00e1 ties\u0148ava, Rudohorie a povodie Bodvy. \u00a0"],"_yoast_wpseo_linkdex":["33"],"_yoast_wpseo_content_score":["90"],"_yoast_wpseo_estimated-reading-time-minutes":["1"],"_eb_reusable_block_ids":["a:0:{}"],"_eael_post_view_count":["1141"],"_uag_css_file_name":["uag-css-979.css"],"_uag_page_assets":["a:9:{s:3:\"css\";s:0:\"\";s:2:\"js\";s:0:\"\";s:18:\"current_block_list\";a:10:{i:0;s:12:\"core\/buttons\";i:1;s:11:\"core\/button\";i:2;s:10:\"core\/image\";i:3;s:15:\"core\/media-text\";i:4;s:14:\"core\/paragraph\";i:5;s:12:\"core\/columns\";i:6;s:11:\"core\/column\";i:7;s:12:\"core\/heading\";i:8;s:30:\"woocommerce\/product-categories\";i:9;s:17:\"core\/latest-posts\";}s:8:\"uag_flag\";b:0;s:11:\"uag_version\";s:10:\"1776852022\";s:6:\"gfonts\";a:0:{}s:10:\"gfonts_url\";s:0:\"\";s:12:\"gfonts_files\";a:0:{}s:14:\"uag_faq_layout\";b:0;}"]},"uagb_featured_image_src":{"full":["https:\/\/epoca.sk\/web\/wp-content\/uploads\/2021\/06\/Mapa_regionu_2021_harmonika.jpg",2519,2519,false],"thumbnail":["https:\/\/epoca.sk\/web\/wp-content\/uploads\/2021\/06\/Mapa_regionu_2021_harmonika-150x150.jpg",150,150,true],"medium":["https:\/\/epoca.sk\/web\/wp-content\/uploads\/2021\/06\/Mapa_regionu_2021_harmonika-300x300.jpg",300,300,true],"medium_large":["https:\/\/epoca.sk\/web\/wp-content\/uploads\/2021\/06\/Mapa_regionu_2021_harmonika-768x768.jpg",768,768,true],"large":["https:\/\/epoca.sk\/web\/wp-content\/uploads\/2021\/06\/Mapa_regionu_2021_harmonika-1024x1024.jpg",1024,1024,true],"1536x1536":["https:\/\/epoca.sk\/web\/wp-content\/uploads\/2021\/06\/Mapa_regionu_2021_harmonika-1536x1536.jpg",1536,1536,true],"2048x2048":["https:\/\/epoca.sk\/web\/wp-content\/uploads\/2021\/06\/Mapa_regionu_2021_harmonika-2048x2048.jpg",2048,2048,true],"woocommerce_thumbnail":["https:\/\/epoca.sk\/web\/wp-content\/uploads\/2021\/06\/Mapa_regionu_2021_harmonika-300x400.jpg",300,400,true],"woocommerce_single":["https:\/\/epoca.sk\/web\/wp-content\/uploads\/2021\/06\/Mapa_regionu_2021_harmonika-600x600.jpg",600,600,true],"woocommerce_gallery_thumbnail":["https:\/\/epoca.sk\/web\/wp-content\/uploads\/2021\/06\/Mapa_regionu_2021_harmonika-100x100.jpg",100,100,true]},"uagb_author_info":{"display_name":"Juraj","author_link":"https:\/\/epoca.sk\/web\/author\/"},"uagb_comment_info":0,"uagb_excerpt":"Skladan\u00e1 turistick\u00e1 mapa - N\u00e1rodn\u00fd park Slovensk\u00fd kras, Gemer, Ro\u017e\u0148ava, NP Aggtelek, Z\u00e1dielsk\u00e1 ties\u0148ava, Rudohorie a povodie Bodvy. Rozmer 9,5 x 29,5 cm skladan\u00e1 ho harmoniky Obsahuje turistick\u00e9 zna\u010den\u00e9 trasy, cyklotrasy, kri\u017eovatky turistick\u00fdch tr\u00e1s, turistick\u00e9 destin\u00e1cie s popismi.","jetpack_sharing_enabled":true,"_links":{"self":[{"href":"https:\/\/epoca.sk\/web\/wp-json\/wp\/v2\/product\/979","targetHints":{"allow":["GET"]}}],"collection":[{"href":"https:\/\/epoca.sk\/web\/wp-json\/wp\/v2\/product"}],"about":[{"href":"https:\/\/epoca.sk\/web\/wp-json\/wp\/v2\/types\/product"}],"replies":[{"embeddable":true,"href":"https:\/\/epoca.sk\/web\/wp-json\/wp\/v2\/comments?post=979"}],"wp:featuredmedia":[{"embeddable":true,"href":"https:\/\/epoca.sk\/web\/wp-json\/wp\/v2\/media\/976"}],"wp:attachment":[{"href":"https:\/\/epoca.sk\/web\/wp-json\/wp\/v2\/media?parent=979"}],"wp:term":[{"taxonomy":"product_brand","embeddable":true,"href":"https:\/\/epoca.sk\/web\/wp-json\/wp\/v2\/product_brand?post=979"},{"taxonomy":"product_cat","embeddable":true,"href":"https:\/\/epoca.sk\/web\/wp-json\/wp\/v2\/product_cat?post=979"},{"taxonomy":"product_tag","embeddable":true,"href":"https:\/\/epoca.sk\/web\/wp-json\/wp\/v2\/product_tag?post=979"}],"curies":[{"name":"wp","href":"https:\/\/api.w.org\/{rel}","templated":true}]}}